{"id":1223,"date":"2023-02-08T10:17:46","date_gmt":"2023-02-08T10:17:46","guid":{"rendered":"https:\/\/projects.unifr.ch\/abccd\/?page_id=1223"},"modified":"2023-03-17T09:04:23","modified_gmt":"2023-03-17T09:04:23","slug":"fr-about","status":"publish","type":"page","link":"https:\/\/projects.unifr.ch\/abccd\/fr\/fr-project\/fr-about\/","title":{"rendered":"FR-About"},"content":{"rendered":"<p>[et_pb_section fb_built=&#8221;1&#8243; admin_label=&#8221;About Us Section&#8221; _builder_version=&#8221;4.19.4&#8243; _module_preset=&#8221;default&#8221; global_colors_info=&#8221;{}&#8221;][et_pb_row _builder_version=&#8221;4.19.4&#8243; _module_preset=&#8221;default&#8221; global_colors_info=&#8221;{}&#8221;][et_pb_column type=&#8221;4_4&#8243; _builder_version=&#8221;4.19.4&#8243; _module_preset=&#8221;default&#8221; global_colors_info=&#8221;{}&#8221;][et_pb_text admin_label=&#8221;About us&#8221; _builder_version=&#8221;4.19.4&#8243; _module_preset=&#8221;default&#8221; header_font=&#8221;Open Sans|700|||||||&#8221; header_text_color=&#8221;#043D52&#8243; header_font_size=&#8221;40px&#8221; header_2_font=&#8221;Open Sans|700|||||||&#8221; header_2_text_color=&#8221;#043D52&#8243; global_colors_info=&#8221;{}&#8221;]<\/p>\n<h1>Qui sommes-nous?<\/h1>\n<p>[\/et_pb_text][et_pb_text admin_label=&#8221;About us text&#8221; _builder_version=&#8221;4.19.4&#8243; _module_preset=&#8221;default&#8221; global_colors_info=&#8221;{}&#8221;]<\/p>\n<p style=\"text-align: justify;\"><strong>Le groupe Autisme, bilinguisme, d\u00e9veloppement cognitif et communicatif (ABCCD) de l&#8217;Universit\u00e9 de Fribourg se concentre \u00e0 la fois sur les troubles du spectre autistique (TSA), l&#8217;un des troubles neurod\u00e9veloppementaux les plus courants \u00e0 l&#8217;heure actuelle, et sur le bilinguisme, qui est actuellement plus courant que le monolinguisme.<\/strong><\/p>\n<p>[\/et_pb_text][\/et_pb_column][\/et_pb_row][et_pb_row column_structure=&#8221;1_3,1_3,1_3&#8243; use_custom_gutter=&#8221;on&#8221; gutter_width=&#8221;1&#8243; _builder_version=&#8221;4.19.4&#8243; _module_preset=&#8221;default&#8221; global_colors_info=&#8221;{}&#8221;][et_pb_column type=&#8221;1_3&#8243; _builder_version=&#8221;4.19.4&#8243; _module_preset=&#8221;default&#8221; global_colors_info=&#8221;{}&#8221;][et_pb_team_member name=&#8221;Stephanie Durrleman&#8221; position=&#8221;Professeure assistante&#8221; image_url=&#8221;https:\/\/projects.unifr.ch\/abccd\/wp-content\/uploads\/2023\/01\/nb-abccd-stephanie-durrleman.jpg&#8221; position_tablet=&#8221;Assistant Professor&#8221; position_phone=&#8221;Assistant Professor&#8221; position_last_edited=&#8221;on|desktop&#8221; admin_label=&#8221;Stephanie&#8221; _builder_version=&#8221;4.19.4&#8243; _module_preset=&#8221;default&#8221; header_font=&#8221;|600|||||||&#8221; header_text_color=&#8221;#043D52&#8243; header_font_size=&#8221;16px&#8221; body_font_size=&#8221;14px&#8221; background_color=&#8221;#FFFFFF&#8221; text_orientation=&#8221;center&#8221; width=&#8221;100%&#8221; module_alignment=&#8221;center&#8221; custom_padding=&#8221;|2em||2em|false|true&#8221; mix_blend_mode=&#8221;screen&#8221; child_filter_brightness=&#8221;138%&#8221; border_radii_image=&#8221;on|100em|100em|100em|100em&#8221; global_colors_info=&#8221;{}&#8221;]<\/p>\n<p style=\"text-align: left;\">Titulaire d&#8217;un doctorat en linguistique de l&#8217;Universit\u00e9 de Gen\u00e8ve, ses travaux acad\u00e9miques couvrent une vari\u00e9t\u00e9 de sujets tels que la th\u00e9orie syntaxique, l&#8217;acquisition du langage, l&#8217;interface grammaire-cognition, le bilinguisme, ainsi que le ph\u00e9notype des troubles du langage. Ces travaux \u00e9tablissent un lien entre la th\u00e9orie linguistique et les recherches empiriques, et visent \u00e9galement \u00e0 produire des applications concr\u00e8tes, telles que l&#8217;affinement des politiques linguistiques et des interventions th\u00e9rapeutiques pour les enfants pr\u00e9sentant un d\u00e9veloppement langagier atypique.<\/p>\n<p style=\"text-align: left;\">Stephanie Durrleman est \u00e9galement passionn\u00e9e par l&#8217;am\u00e9lioration plus g\u00e9n\u00e9rale de la vie des personnes au d\u00e9veloppement atypique, ce qui a inspir\u00e9 la cr\u00e9ation du service web : Atypicalsmile, et d&#8217;un roman destin\u00e9 aux fr\u00e8res et s\u0153urs d&#8217;enfants autistes : Chez Nous, c&#8217;est comme \u00e7a.<\/p>\n<p>[\/et_pb_team_member][et_pb_social_media_follow _builder_version=&#8221;4.19.4&#8243; _module_preset=&#8221;default&#8221; text_orientation=&#8221;center&#8221; custom_margin=&#8221;1em||||false|false&#8221; global_colors_info=&#8221;{}&#8221;][et_pb_social_media_follow_network social_network=&#8221;linkedin&#8221; url=&#8221;https:\/\/www.linkedin.com\/in\/stephaniedurrleman\/&#8221; _builder_version=&#8221;4.19.4&#8243; _module_preset=&#8221;default&#8221; background_color=&#8221;#007bb6&#8243; global_colors_info=&#8221;{}&#8221; follow_button=&#8221;off&#8221; url_new_window=&#8221;on&#8221;]linkedin[\/et_pb_social_media_follow_network][\/et_pb_social_media_follow][\/et_pb_column][et_pb_column type=&#8221;1_3&#8243; _builder_version=&#8221;4.19.4&#8243; _module_preset=&#8221;default&#8221; global_colors_info=&#8221;{}&#8221;][et_pb_team_member name=&#8221;Franziska Baumeister&#8221; position=&#8221;Doctorante&#8221; image_url=&#8221;https:\/\/projects.unifr.ch\/abccd\/wp-content\/uploads\/2023\/01\/nb-abccd-franziska-baumeister-1.jpg&#8221; admin_label=&#8221;Franziska&#8221; _builder_version=&#8221;4.19.4&#8243; _module_preset=&#8221;default&#8221; header_font=&#8221;|600|||||||&#8221; header_text_color=&#8221;#043D52&#8243; header_font_size=&#8221;16px&#8221; body_font_size=&#8221;14px&#8221; background_color=&#8221;#FFFFFF&#8221; text_orientation=&#8221;center&#8221; width=&#8221;100%&#8221; module_alignment=&#8221;center&#8221; custom_padding=&#8221;|2em||2em|false|true&#8221; mix_blend_mode=&#8221;screen&#8221; child_filter_brightness=&#8221;138%&#8221; border_radii_image=&#8221;on|100em|100em|100em|100em&#8221; global_colors_info=&#8221;{}&#8221;]<\/p>\n<p style=\"text-align: left;\"><span style=\"font-size: 14px;\">Franziska Baumeister a obtenu son deuxi\u00e8me master en &#8220;multilinguisme&#8221; en 2021 \u00e0 l&#8217;universit\u00e9 de Constance (Allemagne). Au cours de ses \u00e9tudes, elle a eu l&#8217;occasion d&#8217;effectuer des stages en Allemagne, en France et au Canada, non seulement pour encadrer des \u00e9tudiants universitaires et contribuer \u00e0 divers projets de recherche, mais aussi pour aider des enfants souffrant de troubles du d\u00e9veloppement.<\/span><\/p>\n<p style=\"text-align: left;\"><span style=\"font-size: 14px;\">Gr\u00e2ce \u00e0 ces exp\u00e9riences, elle s&#8217;est int\u00e9ress\u00e9e \u00e0 la recherche sur le multilinguisme et travaillera d\u00e9sormais sur les r\u00e9percussions cognitives de l&#8217;exposition \u00e0 une double langue chez les enfants atteints ou non de troubles du spectre autistique.<\/span><\/p>\n<p style=\"text-align: left;\"><a href=\"mailto:Nadine.hennemann@unifr.ch\"><\/a><\/p>\n<p>[\/et_pb_team_member][et_pb_social_media_follow _builder_version=&#8221;4.19.4&#8243; _module_preset=&#8221;default&#8221; text_orientation=&#8221;center&#8221; custom_margin=&#8221;1em||||false|false&#8221; hover_enabled=&#8221;0&#8243; global_colors_info=&#8221;{}&#8221; sticky_enabled=&#8221;0&#8243;][et_pb_social_media_follow_network social_network=&#8221;linkedin&#8221; _builder_version=&#8221;4.19.4&#8243; _module_preset=&#8221;default&#8221; background_color=&#8221;#007bb6&#8243; hover_enabled=&#8221;0&#8243; global_colors_info=&#8221;{}&#8221; follow_button=&#8221;off&#8221; url_new_window=&#8221;on&#8221; url=&#8221;https:\/\/ch.linkedin.com\/in\/franziska-baumeister-70376826a?&#8221; sticky_enabled=&#8221;0&#8243;]linkedin[\/et_pb_social_media_follow_network][\/et_pb_social_media_follow][\/et_pb_column][et_pb_column type=&#8221;1_3&#8243; _builder_version=&#8221;4.19.4&#8243; _module_preset=&#8221;default&#8221; global_colors_info=&#8221;{}&#8221;][et_pb_team_member name=&#8221;Pauline Wolfer&#8221; position=&#8221;Doctorante&#8221; image_url=&#8221;https:\/\/projects.unifr.ch\/abccd\/wp-content\/uploads\/2023\/01\/nb-abccd-pauline-wolfer.jpg&#8221; admin_label=&#8221;Pauline&#8221; _builder_version=&#8221;4.19.4&#8243; _module_preset=&#8221;default&#8221; header_font=&#8221;|600|||||||&#8221; header_text_color=&#8221;#043D52&#8243; header_font_size=&#8221;16px&#8221; body_font_size=&#8221;14px&#8221; background_color=&#8221;#FFFFFF&#8221; text_orientation=&#8221;center&#8221; width=&#8221;100%&#8221; module_alignment=&#8221;center&#8221; custom_padding=&#8221;|2em||2em|false|true&#8221; mix_blend_mode=&#8221;screen&#8221; child_filter_brightness=&#8221;138%&#8221; border_radii_image=&#8221;on|100em|100em|100em|100em&#8221; global_colors_info=&#8221;{}&#8221;]<\/p>\n<p style=\"margin-left: 0cm; margin-right: 0cm; text-align: left;\">Pauline Wolfer est originaire de la r\u00e9gion transfrontali\u00e8re franco-suisse-allemande d&#8217;Alsace, le multilinguisme a donc toujours \u00e9t\u00e9 une facette importante de sa vie quotidienne. Elle est orthophoniste (logop\u00e9diste), titulaire d&#8217;un master en neurosciences cognitives et comportementales \u00e0 l&#8217;universit\u00e9 d&#8217;Aix-Marseille.<\/p>\n<p style=\"margin-left: 0cm; margin-right: 0cm; text-align: left;\">Fascin\u00e9e par les nombreux aspects du multilinguisme, elle combine son exp\u00e9rience clinique avec la recherche pour mieux comprendre son impact sur la communication des enfants au d\u00e9veloppement typique et des enfants atteints de troubles du spectre autistique.<\/p>\n<p>[\/et_pb_team_member][et_pb_social_media_follow _builder_version=&#8221;4.19.4&#8243; _module_preset=&#8221;default&#8221; text_orientation=&#8221;center&#8221; custom_margin=&#8221;1em||||false|false&#8221; global_colors_info=&#8221;{}&#8221;][et_pb_social_media_follow_network social_network=&#8221;linkedin&#8221; url=&#8221;https:\/\/www.linkedin.com\/in\/pauline-wolfer-9b626a126\/&#8221; _builder_version=&#8221;4.19.4&#8243; _module_preset=&#8221;default&#8221; background_color=&#8221;#007bb6&#8243; global_colors_info=&#8221;{}&#8221; follow_button=&#8221;off&#8221; url_new_window=&#8221;on&#8221;]linkedin[\/et_pb_social_media_follow_network][\/et_pb_social_media_follow][\/et_pb_column][\/et_pb_row][et_pb_row _builder_version=&#8221;4.19.4&#8243; _module_preset=&#8221;default&#8221; global_colors_info=&#8221;{}&#8221;][et_pb_column type=&#8221;4_4&#8243; _builder_version=&#8221;4.19.4&#8243; _module_preset=&#8221;default&#8221; global_colors_info=&#8221;{}&#8221;][et_pb_text _builder_version=&#8221;4.19.4&#8243; _module_preset=&#8221;default&#8221; global_colors_info=&#8221;{}&#8221;]<\/p>\n<p>En outre, nous sommes soutenues par une grande \u00e9quipe d&#8217;\u00e9tudiant<b>\u00b7<\/b>e<b>\u00b7<\/b>s que nous remercions chaleureusement pour leur investissement :<\/p>\n<p>[\/et_pb_text][\/et_pb_column][\/et_pb_row][et_pb_row column_structure=&#8221;1_4,1_4,1_4,1_4&#8243; _builder_version=&#8221;4.19.4&#8243; _module_preset=&#8221;default&#8221; global_colors_info=&#8221;{}&#8221;][et_pb_column type=&#8221;1_4&#8243; _builder_version=&#8221;4.19.4&#8243; _module_preset=&#8221;default&#8221; global_colors_info=&#8221;{}&#8221;][et_pb_text _builder_version=&#8221;4.19.4&#8243; _module_preset=&#8221;default&#8221; global_colors_info=&#8221;{}&#8221;]<\/p>\n<p><b>Stagiaires\u00a0<\/b><\/p>\n<ul>\n<li>Ariana Malaga<\/li>\n<li>Marine Domin\u00e9<\/li>\n<li>Jan Ponti<\/li>\n<\/ul>\n<p>[\/et_pb_text][\/et_pb_column][et_pb_column type=&#8221;1_4&#8243; _builder_version=&#8221;4.19.4&#8243; _module_preset=&#8221;default&#8221; global_colors_info=&#8221;{}&#8221;][et_pb_text _builder_version=&#8221;4.19.4&#8243; _module_preset=&#8221;default&#8221; global_colors_info=&#8221;{}&#8221;]<\/p>\n<p><strong>\u00c9tudiant<b>\u00b7<\/b>e<b>\u00b7<\/b>s de Bachelor<\/strong><\/p>\n<ul>\n<li>Vanessa Tarchini<\/li>\n<li>Alice Sakic<\/li>\n<li>Dana Di Giulio<\/li>\n<li>Lena Friedeck<\/li>\n<\/ul>\n<p>[\/et_pb_text][\/et_pb_column][et_pb_column type=&#8221;1_4&#8243; _builder_version=&#8221;4.19.4&#8243; _module_preset=&#8221;default&#8221; global_colors_info=&#8221;{}&#8221;][et_pb_text _builder_version=&#8221;4.19.4&#8243; _module_preset=&#8221;default&#8221; global_colors_info=&#8221;{}&#8221;]<\/p>\n<p><strong>\u00c9tudiant<b>\u00b7<\/b>e<b>\u00b7<\/b>s de Master<\/strong><\/p>\n<ul>\n<li>Camila Fernandez Rodriguez<\/li>\n<li>Laura Anex<\/li>\n<li>Julia Pointet<\/li>\n<li>Melissa Scalvadi<\/li>\n<li>Marion Duquay<\/li>\n<li>Edwige Guin<\/li>\n<li>Nathalie Klein<\/li>\n<\/ul>\n<p>[\/et_pb_text][\/et_pb_column][et_pb_column type=&#8221;1_4&#8243; _builder_version=&#8221;4.19.4&#8243; _module_preset=&#8221;default&#8221; global_colors_info=&#8221;{}&#8221;][et_pb_text _builder_version=&#8221;4.19.4&#8243; _module_preset=&#8221;default&#8221; global_colors_info=&#8221;{}&#8221;]<\/p>\n<p><strong>Ex \u00e9tudiant<b>\u00b7<\/b>e<b>\u00b7<\/b>s et stagiaires<\/strong><\/p>\n<ul>\n<li>Celia Amstutz<\/li>\n<li>Valentine Boillat<\/li>\n<li>Giulia Pelletier<\/li>\n<li>Olivia Mavilla<\/li>\n<li>Coralie Terreaux<\/li>\n<li>Laura Raymondaz<\/li>\n<li>Annamaria Lepori<\/li>\n<li>Cl\u00e9mence Tauzin<\/li>\n<li>Julie Chautard<\/li>\n<li>Joachim Bono<\/li>\n<li>Laura Tripiciano<\/li>\n<li>Julia Vogl<\/li>\n<li>Chantal Cebula<\/li>\n<li>Nadine Hennemann<\/li>\n<li>Ma\u00eft\u00e9 Fontela<\/li>\n<li>Giulia Di Pierri<\/li>\n<li>Sara Chergia<\/li>\n<\/ul>\n<p>[\/et_pb_text][\/et_pb_column][\/et_pb_row][\/et_pb_section]<\/p>\n","protected":false},"excerpt":{"rendered":"<p>Qui sommes-nous?Le groupe Autisme, bilinguisme, d\u00e9veloppement cognitif et communicatif (ABCCD) de l&#8217;Universit\u00e9 de Fribourg se concentre \u00e0 la fois sur les troubles du spectre autistique (TSA), l&#8217;un des troubles neurod\u00e9veloppementaux les plus courants \u00e0 l&#8217;heure actuelle, et sur le bilinguisme, qui est actuellement plus courant que le monolinguisme.Titulaire d&#8217;un doctorat en linguistique de l&#8217;Universit\u00e9 de [&hellip;]<\/p>\n","protected":false},"author":3,"featured_media":0,"parent":1229,"menu_order":0,"comment_status":"closed","ping_status":"closed","template":"","meta":{"_et_pb_use_builder":"on","_et_pb_old_content":"","_et_gb_content_width":""},"_links":{"self":[{"href":"https:\/\/projects.unifr.ch\/abccd\/wp-json\/wp\/v2\/pages\/1223"}],"collection":[{"href":"https:\/\/projects.unifr.ch\/abccd\/wp-json\/wp\/v2\/pages"}],"about":[{"href":"https:\/\/projects.unifr.ch\/abccd\/wp-json\/wp\/v2\/types\/page"}],"author":[{"embeddable":true,"href":"https:\/\/projects.unifr.ch\/abccd\/wp-json\/wp\/v2\/users\/3"}],"replies":[{"embeddable":true,"href":"https:\/\/projects.unifr.ch\/abccd\/wp-json\/wp\/v2\/comments?post=1223"}],"version-history":[{"count":8,"href":"https:\/\/projects.unifr.ch\/abccd\/wp-json\/wp\/v2\/pages\/1223\/revisions"}],"predecessor-version":[{"id":1567,"href":"https:\/\/projects.unifr.ch\/abccd\/wp-json\/wp\/v2\/pages\/1223\/revisions\/1567"}],"up":[{"embeddable":true,"href":"https:\/\/projects.unifr.ch\/abccd\/wp-json\/wp\/v2\/pages\/1229"}],"wp:attachment":[{"href":"https:\/\/projects.unifr.ch\/abccd\/wp-json\/wp\/v2\/media?parent=1223"}],"curies":[{"name":"wp","href":"https:\/\/api.w.org\/{rel}","templated":true}]}}