{"id":1225,"date":"2023-02-08T10:18:30","date_gmt":"2023-02-08T10:18:30","guid":{"rendered":"https:\/\/projects.unifr.ch\/abccd\/?page_id=1225"},"modified":"2023-03-24T11:02:42","modified_gmt":"2023-03-24T11:02:42","slug":"sp-about","status":"publish","type":"page","link":"https:\/\/projects.unifr.ch\/abccd\/es\/sp-project\/sp-about\/","title":{"rendered":"SP-About"},"content":{"rendered":"<p>[et_pb_section fb_built=&#8221;1&#8243; admin_label=&#8221;About Us Section&#8221; _builder_version=&#8221;4.19.4&#8243; _module_preset=&#8221;default&#8221; global_colors_info=&#8221;{}&#8221;][et_pb_row _builder_version=&#8221;4.19.4&#8243; _module_preset=&#8221;default&#8221; global_colors_info=&#8221;{}&#8221;][et_pb_column type=&#8221;4_4&#8243; _builder_version=&#8221;4.19.4&#8243; _module_preset=&#8221;default&#8221; global_colors_info=&#8221;{}&#8221;][et_pb_text admin_label=&#8221;About us&#8221; _builder_version=&#8221;4.19.4&#8243; _module_preset=&#8221;default&#8221; header_font=&#8221;Open Sans|700|||||||&#8221; header_text_color=&#8221;#043D52&#8243; header_font_size=&#8221;40px&#8221; header_2_font=&#8221;Open Sans|700|||||||&#8221; header_2_text_color=&#8221;#043D52&#8243; global_colors_info=&#8221;{}&#8221;]<\/p>\n<h1>Qui\u00e9nes somos<\/h1>\n<p>[\/et_pb_text][et_pb_text admin_label=&#8221;About us text&#8221; _builder_version=&#8221;4.19.4&#8243; _module_preset=&#8221;default&#8221; global_colors_info=&#8221;{}&#8221;]<\/p>\n<p style=\"text-align: justify;\"><strong>El grupo de Autismo, Biling\u00fcismo, Desarrollo Cognitivo y Comunicativo (ABCCD) de la Universidad de Friburgo se centra tanto en el Trastorno del Espectro Autista (TEA), uno de los trastornos del neurodesarrollo m\u00e1s comunes hoy en d\u00eda, como en el biling\u00fcismo, que actualmente es m\u00e1s frecuente que el monoling\u00fcismo.<\/strong><\/p>\n<p>[\/et_pb_text][\/et_pb_column][\/et_pb_row][et_pb_row column_structure=&#8221;1_3,1_3,1_3&#8243; use_custom_gutter=&#8221;on&#8221; gutter_width=&#8221;1&#8243; _builder_version=&#8221;4.19.4&#8243; _module_preset=&#8221;default&#8221; global_colors_info=&#8221;{}&#8221;][et_pb_column type=&#8221;1_3&#8243; _builder_version=&#8221;4.19.4&#8243; _module_preset=&#8221;default&#8221; global_colors_info=&#8221;{}&#8221;][et_pb_team_member name=&#8221;Stephanie Durrleman&#8221; position=&#8221;Profesor Asistente&#8221; image_url=&#8221;https:\/\/projects.unifr.ch\/abccd\/wp-content\/uploads\/2023\/01\/nb-abccd-stephanie-durrleman.jpg&#8221; position_tablet=&#8221;Assistant Professor&#8221; position_phone=&#8221;Assistant Professor&#8221; position_last_edited=&#8221;on|desktop&#8221; admin_label=&#8221;Stephanie&#8221; _builder_version=&#8221;4.19.4&#8243; _module_preset=&#8221;default&#8221; header_font=&#8221;|600|||||||&#8221; header_text_color=&#8221;#043D52&#8243; header_font_size=&#8221;16px&#8221; body_font_size=&#8221;14px&#8221; background_color=&#8221;#FFFFFF&#8221; text_orientation=&#8221;center&#8221; width=&#8221;100%&#8221; module_alignment=&#8221;center&#8221; custom_padding=&#8221;|2em||2em|false|true&#8221; mix_blend_mode=&#8221;screen&#8221; child_filter_brightness=&#8221;138%&#8221; hover_enabled=&#8221;0&#8243; border_radii_image=&#8221;on|100em|100em|100em|100em&#8221; global_colors_info=&#8221;{}&#8221; sticky_enabled=&#8221;0&#8243;]<\/p>\n<p style=\"text-align: left;\">Doctora en Ling\u00fc\u00edstica por la Universidad de Ginebra, su labor acad\u00e9mica abarca diversos temas, como la teor\u00eda sint\u00e1ctica, la adquisici\u00f3n del lenguaje, la interfaz gram\u00e1tica-cognici\u00f3n, el biling\u00fcismo, as\u00ed como el fenotipo de los trastornos del lenguaje. Este trabajo vincula la teor\u00eda ling\u00fc\u00edstica con investigaciones emp\u00edricas, y tambi\u00e9n pretende dar lugar a aplicaciones concretas, como el perfeccionamiento de las pol\u00edticas ling\u00fc\u00edsticas y las intervenciones terap\u00e9uticas para ni\u00f1os con un desarrollo at\u00edpico del lenguaje.<\/p>\n<p style=\"text-align: left;\">A Stephanie Durrleman tambi\u00e9n le apasiona mejorar de forma m\u00e1s general la vida de las personas con un desarrollo at\u00edpico, lo que ha inspirado la creaci\u00f3n del servicio web Atypicalsmile, y una novela para hermanos de ni\u00f1os con autismo: <em>&#8220;Chez Nous, c&#8217;est comme \u00e7a&#8221;<\/em>.<\/p>\n<p>[\/et_pb_team_member][et_pb_social_media_follow _builder_version=&#8221;4.19.4&#8243; _module_preset=&#8221;default&#8221; text_orientation=&#8221;center&#8221; custom_margin=&#8221;1em||||false|false&#8221; global_colors_info=&#8221;{}&#8221;][et_pb_social_media_follow_network social_network=&#8221;linkedin&#8221; url=&#8221;https:\/\/www.linkedin.com\/in\/stephaniedurrleman\/&#8221; _builder_version=&#8221;4.19.4&#8243; _module_preset=&#8221;default&#8221; background_color=&#8221;#007bb6&#8243; global_colors_info=&#8221;{}&#8221; follow_button=&#8221;off&#8221; url_new_window=&#8221;on&#8221;]linkedin[\/et_pb_social_media_follow_network][\/et_pb_social_media_follow][\/et_pb_column][et_pb_column type=&#8221;1_3&#8243; _builder_version=&#8221;4.19.4&#8243; _module_preset=&#8221;default&#8221; global_colors_info=&#8221;{}&#8221;][et_pb_team_member name=&#8221;Franziska Baumeister&#8221; position=&#8221;Estudiante de Doctorado&#8221; image_url=&#8221;https:\/\/projects.unifr.ch\/abccd\/wp-content\/uploads\/2023\/01\/nb-abccd-franziska-baumeister-1.jpg&#8221; admin_label=&#8221;Franziska&#8221; _builder_version=&#8221;4.19.4&#8243; _module_preset=&#8221;default&#8221; header_font=&#8221;|600|||||||&#8221; header_text_color=&#8221;#043D52&#8243; header_font_size=&#8221;16px&#8221; body_font_size=&#8221;14px&#8221; background_color=&#8221;#FFFFFF&#8221; text_orientation=&#8221;center&#8221; width=&#8221;100%&#8221; module_alignment=&#8221;center&#8221; custom_padding=&#8221;|2em||2em|false|true&#8221; mix_blend_mode=&#8221;screen&#8221; child_filter_brightness=&#8221;138%&#8221; hover_enabled=&#8221;0&#8243; border_radii_image=&#8221;on|100em|100em|100em|100em&#8221; global_colors_info=&#8221;{}&#8221; sticky_enabled=&#8221;0&#8243;]<\/p>\n<p style=\"text-align: left;\">Franziska Baumeister obtuvo su segundo m\u00e1ster en &#8220;Multiling\u00fcismo&#8221; en 2021 en la Universidad de Constanza (Alemania). Durante sus estudios, tuvo la oportunidad de realizar pr\u00e1cticas en Alemania, Francia y Canad\u00e1, no solo dando clases particulares a estudiantes universitarios y contribuyendo a diversos proyectos de investigaci\u00f3n, sino tambi\u00e9n ayudando a ni\u00f1os con trastornos del desarrollo.<\/p>\n<p style=\"text-align: left;\">Gracias a estas experiencias, se interes\u00f3 por la investigaci\u00f3n sobre el multiling\u00fcismo, y ahora trabajar\u00e1 sobre las repercusiones cognitivas de la exposici\u00f3n a dos lenguas en ni\u00f1os con y sin trastorno del espectro autista.<\/p>\n<p>[\/et_pb_team_member][et_pb_social_media_follow _builder_version=&#8221;4.19.4&#8243; _module_preset=&#8221;default&#8221; text_orientation=&#8221;center&#8221; custom_margin=&#8221;1em||||false|false&#8221; global_colors_info=&#8221;{}&#8221;][et_pb_social_media_follow_network social_network=&#8221;linkedin&#8221; _builder_version=&#8221;4.19.4&#8243; _module_preset=&#8221;default&#8221; background_color=&#8221;#007bb6&#8243; global_colors_info=&#8221;{}&#8221; follow_button=&#8221;off&#8221; url_new_window=&#8221;on&#8221;]linkedin[\/et_pb_social_media_follow_network][\/et_pb_social_media_follow][\/et_pb_column][et_pb_column type=&#8221;1_3&#8243; _builder_version=&#8221;4.19.4&#8243; _module_preset=&#8221;default&#8221; global_colors_info=&#8221;{}&#8221;][et_pb_team_member name=&#8221;Pauline Wolfer&#8221; position=&#8221;Estudiante de Doctorado&#8221; image_url=&#8221;https:\/\/projects.unifr.ch\/abccd\/wp-content\/uploads\/2023\/01\/nb-abccd-pauline-wolfer.jpg&#8221; admin_label=&#8221;Pauline&#8221; _builder_version=&#8221;4.19.4&#8243; _module_preset=&#8221;default&#8221; header_font=&#8221;|600|||||||&#8221; header_text_color=&#8221;#043D52&#8243; header_font_size=&#8221;16px&#8221; body_font_size=&#8221;14px&#8221; background_color=&#8221;#FFFFFF&#8221; text_orientation=&#8221;center&#8221; width=&#8221;100%&#8221; module_alignment=&#8221;center&#8221; custom_padding=&#8221;|2em||2em|false|true&#8221; mix_blend_mode=&#8221;screen&#8221; child_filter_brightness=&#8221;138%&#8221; hover_enabled=&#8221;0&#8243; border_radii_image=&#8221;on|100em|100em|100em|100em&#8221; global_colors_info=&#8221;{}&#8221; sticky_enabled=&#8221;0&#8243;]<\/p>\n<p style=\"text-align: left;\">Pauline Wolfer procede de la regi\u00f3n transfronteriza suizo-franco-alemana de Alsacia, por lo que el multiling\u00fcismo siempre ha sido una faceta importante de su vida cotidiana. Es logopeda de formaci\u00f3n y tiene un m\u00e1ster en Neurociencia Cognitiva y del Comportamiento por la Universidad de Aix-Marsella.<\/p>\n<p style=\"text-align: left;\">Fascinada por los numerosos aspectos del multiling\u00fcismo, combina su experiencia cl\u00ednica con la investigaci\u00f3n para comprender mejor su impacto en la cognici\u00f3n de los ni\u00f1os con desarrollo t\u00edpico y los ni\u00f1os con trastorno del espectro autista.<\/p>\n<p>[\/et_pb_team_member][et_pb_social_media_follow _builder_version=&#8221;4.19.4&#8243; _module_preset=&#8221;default&#8221; text_orientation=&#8221;center&#8221; custom_margin=&#8221;1em||||false|false&#8221; global_colors_info=&#8221;{}&#8221;][et_pb_social_media_follow_network social_network=&#8221;linkedin&#8221; url=&#8221;https:\/\/www.linkedin.com\/in\/pauline-wolfer-9b626a126\/&#8221; _builder_version=&#8221;4.19.4&#8243; _module_preset=&#8221;default&#8221; background_color=&#8221;#007bb6&#8243; global_colors_info=&#8221;{}&#8221; follow_button=&#8221;off&#8221; url_new_window=&#8221;on&#8221;]linkedin[\/et_pb_social_media_follow_network][\/et_pb_social_media_follow][\/et_pb_column][\/et_pb_row][et_pb_row _builder_version=&#8221;4.19.4&#8243; _module_preset=&#8221;default&#8221; global_colors_info=&#8221;{}&#8221;][et_pb_column type=&#8221;4_4&#8243; _builder_version=&#8221;4.19.4&#8243; _module_preset=&#8221;default&#8221; global_colors_info=&#8221;{}&#8221;][et_pb_text _builder_version=&#8221;4.19.4&#8243; _module_preset=&#8221;default&#8221; global_colors_info=&#8221;{}&#8221;]<\/p>\n<p>Adem\u00e1s, contamos con el apoyo de un gran equipo de estudiantes:<\/p>\n<p>[\/et_pb_text][\/et_pb_column][\/et_pb_row][et_pb_row column_structure=&#8221;1_4,1_4,1_4,1_4&#8243; _builder_version=&#8221;4.19.4&#8243; _module_preset=&#8221;default&#8221; global_colors_info=&#8221;{}&#8221;][et_pb_column type=&#8221;1_4&#8243; _builder_version=&#8221;4.19.4&#8243; _module_preset=&#8221;default&#8221; global_colors_info=&#8221;{}&#8221;][et_pb_text _builder_version=&#8221;4.19.4&#8243; _module_preset=&#8221;default&#8221; global_colors_info=&#8221;{}&#8221;]<\/p>\n<p><strong>Becarios actuales<\/strong><\/p>\n<ul>\n<li>Ariana Malaga<\/li>\n<li>Marine Domin\u00e9<\/li>\n<li>Jan Ponti<\/li>\n<\/ul>\n<p>[\/et_pb_text][\/et_pb_column][et_pb_column type=&#8221;1_4&#8243; _builder_version=&#8221;4.19.4&#8243; _module_preset=&#8221;default&#8221; global_colors_info=&#8221;{}&#8221;][et_pb_text _builder_version=&#8221;4.19.4&#8243; _module_preset=&#8221;default&#8221; global_colors_info=&#8221;{}&#8221;]<\/p>\n<p><strong>Estudiantes de licenciatura<\/strong><\/p>\n<ul>\n<li>Vanessa Tarchini<\/li>\n<li>Alice Sakic<\/li>\n<li>Dana Di Giulio<\/li>\n<li>Lena Friedeck<\/li>\n<\/ul>\n<p>[\/et_pb_text][\/et_pb_column][et_pb_column type=&#8221;1_4&#8243; _builder_version=&#8221;4.19.4&#8243; _module_preset=&#8221;default&#8221; global_colors_info=&#8221;{}&#8221;][et_pb_text _builder_version=&#8221;4.19.4&#8243; _module_preset=&#8221;default&#8221; global_colors_info=&#8221;{}&#8221;]<\/p>\n<p><strong>Estudiantes de m\u00e1ster<\/strong><\/p>\n<ul>\n<li>Camila Fernandez Rodriguez<\/li>\n<li>Laura Anex<\/li>\n<li>Julia Pointet<\/li>\n<li>Melissa Scalvadi<\/li>\n<li>Agn\u00e8s Delauche<\/li>\n<li>H\u00e9l\u00e8ne Regnard<\/li>\n<li>Marion Duquay<\/li>\n<li>Edwige Guin<\/li>\n<li>Nathalie Klein<\/li>\n<\/ul>\n<p>[\/et_pb_text][\/et_pb_column][et_pb_column type=&#8221;1_4&#8243; _builder_version=&#8221;4.19.4&#8243; _module_preset=&#8221;default&#8221; global_colors_info=&#8221;{}&#8221;][et_pb_text _builder_version=&#8221;4.19.4&#8243; _module_preset=&#8221;default&#8221; global_colors_info=&#8221;{}&#8221;]<\/p>\n<p><strong>Antiguos alumnos<\/strong><\/p>\n<ul>\n<li>Celia Amstutz<\/li>\n<li>Valentine Boillat<\/li>\n<li>Giulia Pelletier<\/li>\n<li>Olivia Mavilla<\/li>\n<li>Coralie Terreaux<\/li>\n<li>Laura Raymondaz<\/li>\n<li>Annamaria Lepori<\/li>\n<li>Cl\u00e9mence Tauzin<\/li>\n<li>Julie Chautard<\/li>\n<li>Joachim Bono<\/li>\n<li>Laura Tripiciano<\/li>\n<li>Julia Vogl<\/li>\n<li>Chantal Cebula<\/li>\n<li>Nadine Hennemann<\/li>\n<li>Ma\u00eft\u00e9 Fontela<\/li>\n<li>Giulia Di Pierri<\/li>\n<li>Sara Chergia<\/li>\n<\/ul>\n<p>[\/et_pb_text][\/et_pb_column][\/et_pb_row][\/et_pb_section]<\/p>\n","protected":false},"excerpt":{"rendered":"<p>Qui\u00e9nes somosEl grupo de Autismo, Biling\u00fcismo, Desarrollo Cognitivo y Comunicativo (ABCCD) de la Universidad de Friburgo se centra tanto en el Trastorno del Espectro Autista (TEA), uno de los trastornos del neurodesarrollo m\u00e1s comunes hoy en d\u00eda, como en el biling\u00fcismo, que actualmente es m\u00e1s frecuente que el monoling\u00fcismo.Doctora en Ling\u00fc\u00edstica por la Universidad de [&hellip;]<\/p>\n","protected":false},"author":3,"featured_media":0,"parent":1294,"menu_order":1,"comment_status":"closed","ping_status":"closed","template":"","meta":{"_et_pb_use_builder":"on","_et_pb_old_content":"","_et_gb_content_width":""},"_links":{"self":[{"href":"https:\/\/projects.unifr.ch\/abccd\/wp-json\/wp\/v2\/pages\/1225"}],"collection":[{"href":"https:\/\/projects.unifr.ch\/abccd\/wp-json\/wp\/v2\/pages"}],"about":[{"href":"https:\/\/projects.unifr.ch\/abccd\/wp-json\/wp\/v2\/types\/page"}],"author":[{"embeddable":true,"href":"https:\/\/projects.unifr.ch\/abccd\/wp-json\/wp\/v2\/users\/3"}],"replies":[{"embeddable":true,"href":"https:\/\/projects.unifr.ch\/abccd\/wp-json\/wp\/v2\/comments?post=1225"}],"version-history":[{"count":4,"href":"https:\/\/projects.unifr.ch\/abccd\/wp-json\/wp\/v2\/pages\/1225\/revisions"}],"predecessor-version":[{"id":1612,"href":"https:\/\/projects.unifr.ch\/abccd\/wp-json\/wp\/v2\/pages\/1225\/revisions\/1612"}],"up":[{"embeddable":true,"href":"https:\/\/projects.unifr.ch\/abccd\/wp-json\/wp\/v2\/pages\/1294"}],"wp:attachment":[{"href":"https:\/\/projects.unifr.ch\/abccd\/wp-json\/wp\/v2\/media?parent=1225"}],"curies":[{"name":"wp","href":"https:\/\/api.w.org\/{rel}","templated":true}]}}