{"id":1232,"date":"2023-02-08T10:22:51","date_gmt":"2023-02-08T10:22:51","guid":{"rendered":"https:\/\/projects.unifr.ch\/abccd\/?page_id=1232"},"modified":"2023-03-16T17:03:11","modified_gmt":"2023-03-16T17:03:11","slug":"it-project","status":"publish","type":"page","link":"https:\/\/projects.unifr.ch\/abccd\/it\/it-project\/","title":{"rendered":"IT-Project"},"content":{"rendered":"<p>[et_pb_section fb_built=&#8221;1&#8243; _builder_version=&#8221;4.19.4&#8243; _module_preset=&#8221;default&#8221; global_colors_info=&#8221;{}&#8221;][et_pb_row _builder_version=&#8221;4.19.4&#8243; _module_preset=&#8221;default&#8221; global_colors_info=&#8221;{}&#8221;][et_pb_column type=&#8221;4_4&#8243; _builder_version=&#8221;4.19.4&#8243; _module_preset=&#8221;default&#8221; global_colors_info=&#8221;{}&#8221;][et_pb_text _builder_version=&#8221;4.19.4&#8243; _module_preset=&#8221;default&#8221; header_font=&#8221;Open Sans|700|||||||&#8221; header_text_color=&#8221;#043D52&#8243; header_font_size=&#8221;40px&#8221; header_2_font=&#8221;Open Sans|700|||||||&#8221; header_2_text_color=&#8221;#043D52&#8243; global_colors_info=&#8221;{}&#8221;]<\/p>\n<h1>Il Progetto ABCCD<\/h1>\n<p>[\/et_pb_text][et_pb_text _builder_version=&#8221;4.19.4&#8243; _module_preset=&#8221;default&#8221; header_2_font=&#8221;Open Sans|700|||||||&#8221; header_2_text_color=&#8221;#043D52&#8243; header_4_font=&#8221;|700|||||||&#8221; header_4_text_color=&#8221;#B30200&#8243; global_colors_info=&#8221;{}&#8221;]<\/p>\n<div class=\"et_pb_module et_pb_text et_pb_text_0  et_pb_text_align_left et_pb_bg_layout_light\">\n<div class=\"et_pb_text_inner\">\n<h4><strong>Autism, Bilingualism, Cognitive and Communicative Development (ABCCD)<\/strong><\/h4>\n<\/div>\n<\/div>\n<p>[\/et_pb_text][\/et_pb_column][\/et_pb_row][et_pb_row column_structure=&#8221;1_3,2_3&#8243; _builder_version=&#8221;4.19.4&#8243; _module_preset=&#8221;default&#8221; global_colors_info=&#8221;{}&#8221;][et_pb_column type=&#8221;1_3&#8243; _builder_version=&#8221;4.19.4&#8243; _module_preset=&#8221;default&#8221; global_colors_info=&#8221;{}&#8221;][et_pb_image src=&#8221;https:\/\/projects.unifr.ch\/abccd\/wp-content\/uploads\/2023\/01\/undraw_chat.svg&#8221; alt=&#8221;ABCCD background&#8221; title_text=&#8221;undraw_chat&#8221; force_fullwidth=&#8221;on&#8221; _builder_version=&#8221;4.19.4&#8243; _module_preset=&#8221;default&#8221; animation_style=&#8221;fade&#8221; global_colors_info=&#8221;{}&#8221;][\/et_pb_image][\/et_pb_column][et_pb_column type=&#8221;2_3&#8243; _builder_version=&#8221;4.19.4&#8243; _module_preset=&#8221;default&#8221; global_colors_info=&#8221;{}&#8221;][et_pb_text admin_label=&#8221;Project description&#8221; _builder_version=&#8221;4.19.4&#8243; _module_preset=&#8221;default&#8221; header_3_font=&#8221;Open Sans|700|||||||&#8221; header_3_text_color=&#8221;#B30200&#8243; global_colors_info=&#8221;{}&#8221;]<\/p>\n<h3><span>Premessa<\/span><\/h3>\n<p>Un numero consistente di genitori di bambini con disturbo dello spettro autistico (ASD) \u00e8 riluttante a mantenere un ambiente bilingue. Questo perch\u00e9 teme che il bilinguismo possa aggravare le difficolt\u00e0 linguistiche dei loro figli. Tuttavia, <strong>studi preliminari suggeriscono che l&#8217;essere bilingue o multilingue pu\u00f2 essere vantaggioso per i bambini con ASD, soprattutto nelle aree<\/strong> che generalmente creano maggiore difficolt\u00e0, come la comunicazione e la cognizione. I primi risultati sono molto incoraggianti e devono quindi essere testati su scala pi\u00f9 ampia, come ci proponiamo di fare nel nostro studio attuale.<\/p>\n<p>[\/et_pb_text][\/et_pb_column][\/et_pb_row][et_pb_row column_structure=&#8221;1_3,2_3&#8243; _builder_version=&#8221;4.19.4&#8243; _module_preset=&#8221;default&#8221; global_colors_info=&#8221;{}&#8221;][et_pb_column type=&#8221;1_3&#8243; _builder_version=&#8221;4.19.4&#8243; _module_preset=&#8221;default&#8221; global_colors_info=&#8221;{}&#8221;][et_pb_image src=&#8221;https:\/\/projects.unifr.ch\/abccd\/wp-content\/uploads\/2023\/01\/undraw_goals.svg&#8221; alt=&#8221;image project description&#8221; title_text=&#8221;undraw_goals&#8221; force_fullwidth=&#8221;on&#8221; _builder_version=&#8221;4.19.4&#8243; _module_preset=&#8221;default&#8221; animation_style=&#8221;fade&#8221; global_colors_info=&#8221;{}&#8221;][\/et_pb_image][\/et_pb_column][et_pb_column type=&#8221;2_3&#8243; _builder_version=&#8221;4.19.4&#8243; _module_preset=&#8221;default&#8221; global_colors_info=&#8221;{}&#8221;][et_pb_text admin_label=&#8221;Project description&#8221; _builder_version=&#8221;4.19.4&#8243; _module_preset=&#8221;default&#8221; header_3_font=&#8221;Open Sans|700|||||||&#8221; header_3_text_color=&#8221;#B30200&#8243; global_colors_info=&#8221;{}&#8221;]<\/p>\n<h3>Descrizione del progetto<\/h3>\n<p style=\"text-align: justify;\">Il team di ricerca ABCCD si propone di scoprire se il bilinguismo pu\u00f2 essere utile per lo <strong>sviluppo della cognizione e della comunicazione nei bambini con e senza autismo<\/strong>. Verr\u00e0 realizzato uno studio longitudinale su larga scala che coinvolger\u00e0 diversi partenariati e collaborazioni internazionali e locali. Il nostro progetto durer\u00e0 2 anni, si svolger\u00e0 in Svizzera, Europa e Nord America. Metter\u00e0 alla prova circa 300 bambini attraverso attivit\u00e0 ludiche su tablet e computer, con giochi disponibili in 5 lingue: Francese, inglese, tedesco, italiano e spagnolo.<\/p>\n<p>[\/et_pb_text][\/et_pb_column][\/et_pb_row][et_pb_row column_structure=&#8221;1_3,2_3&#8243; _builder_version=&#8221;4.19.4&#8243; _module_preset=&#8221;default&#8221; global_colors_info=&#8221;{}&#8221;][et_pb_column type=&#8221;1_3&#8243; _builder_version=&#8221;4.19.4&#8243; _module_preset=&#8221;default&#8221; global_colors_info=&#8221;{}&#8221;][et_pb_image src=&#8221;https:\/\/projects.unifr.ch\/abccd\/wp-content\/uploads\/2023\/01\/undraw_checklist.svg&#8221; title_text=&#8221;undraw_checklist&#8221; _builder_version=&#8221;4.19.4&#8243; _module_preset=&#8221;default&#8221; global_colors_info=&#8221;{}&#8221;][\/et_pb_image][\/et_pb_column][et_pb_column type=&#8221;2_3&#8243; _builder_version=&#8221;4.19.4&#8243; _module_preset=&#8221;default&#8221; global_colors_info=&#8221;{}&#8221;][et_pb_text admin_label=&#8221;Objectives&#8221; _builder_version=&#8221;4.19.4&#8243; _module_preset=&#8221;default&#8221; header_3_font=&#8221;Open Sans|700|||||||&#8221; header_3_text_color=&#8221;#B30200&#8243; hover_enabled=&#8221;0&#8243; global_colors_info=&#8221;{}&#8221; sticky_enabled=&#8221;0&#8243;]<\/p>\n<h3><span>Obbiettivi<\/span><\/h3>\n<p style=\"text-align: justify;\">Grazie a differenti compiti, verranno valutate le abilit\u00e0 cognitive (ad esempio attraverso la Teoria della mente, Funzioni esecutive, etc.) e comunicative (ad esempio l&#8217;uso e la comprensione dei gesti, cos\u00ec come le abilit\u00e0 metalinguistiche) di bambini <strong>bi &#8211; e monolingue con ASD, cos\u00ec come\u00a0 <\/strong><strong>bambini bi &#8211; e monolingue a sviluppo tipico.<\/strong> In questo modo, ci proponiamo di capire quali abilit\u00e0 possono essere potenziate positivamente dal bilinguismo e quali negativamente.<\/p>\n<p>[\/et_pb_text][\/et_pb_column][\/et_pb_row][et_pb_row column_structure=&#8221;1_3,2_3&#8243; _builder_version=&#8221;4.19.4&#8243; _module_preset=&#8221;default&#8221; global_colors_info=&#8221;{}&#8221;][et_pb_column type=&#8221;1_3&#8243; _builder_version=&#8221;4.19.4&#8243; _module_preset=&#8221;default&#8221; global_colors_info=&#8221;{}&#8221;][et_pb_image src=&#8221;https:\/\/projects.unifr.ch\/abccd\/wp-content\/uploads\/2023\/01\/project_completed.svg&#8221; alt=&#8221;image project_completed&#8221; title_text=&#8221;project_completed&#8221; _builder_version=&#8221;4.19.4&#8243; _module_preset=&#8221;default&#8221; global_colors_info=&#8221;{}&#8221;][\/et_pb_image][\/et_pb_column][et_pb_column type=&#8221;2_3&#8243; _builder_version=&#8221;4.19.4&#8243; _module_preset=&#8221;default&#8221; global_colors_info=&#8221;{}&#8221;][et_pb_text admin_label=&#8221;Objectives&#8221; _builder_version=&#8221;4.19.4&#8243; _module_preset=&#8221;default&#8221; header_3_font=&#8221;Open Sans|700|||||||&#8221; header_3_text_color=&#8221;#B30200&#8243; global_colors_info=&#8221;{}&#8221;]<\/p>\n<h3 style=\"text-align: justify;\"><span>Timeline<\/span><\/h3>\n<p style=\"text-align: justify;\">Il reclutamento dei partecipanti \u00e8 attualmente in corso. Una prima fase di test per tutti i bambini sar\u00e0 avviata tra marzo e agosto 2023. Un anno dopo, nel 2024, verr\u00e0 effettuata una seconda fase di test per verificare l&#8217;evoluzione delle prestazioni nel tempo.<\/p>\n<p>[\/et_pb_text][\/et_pb_column][\/et_pb_row][et_pb_row column_structure=&#8221;1_3,2_3&#8243; _builder_version=&#8221;4.19.4&#8243; _module_preset=&#8221;default&#8221; global_colors_info=&#8221;{}&#8221;][et_pb_column type=&#8221;1_3&#8243; _builder_version=&#8221;4.19.4&#8243; _module_preset=&#8221;default&#8221; global_colors_info=&#8221;{}&#8221;][et_pb_image src=&#8221;https:\/\/projects.unifr.ch\/abccd\/wp-content\/uploads\/2023\/01\/agreement.svg&#8221; alt=&#8221;image agreement&#8221; title_text=&#8221;agreement&#8221; _builder_version=&#8221;4.19.4&#8243; _module_preset=&#8221;default&#8221; global_colors_info=&#8221;{}&#8221;][\/et_pb_image][\/et_pb_column][et_pb_column type=&#8221;2_3&#8243; _builder_version=&#8221;4.19.4&#8243; _module_preset=&#8221;default&#8221; global_colors_info=&#8221;{}&#8221;][et_pb_text admin_label=&#8221;Objectives&#8221; _builder_version=&#8221;4.19.4&#8243; _module_preset=&#8221;default&#8221; header_3_font=&#8221;Open Sans|700|||||||&#8221; header_3_text_color=&#8221;#B30200&#8243; global_colors_info=&#8221;{}&#8221;]<\/p>\n<h3><span>Partenariati e Collaborazioni<\/span><\/h3>\n<p style=\"text-align: justify;\">Al fine di raggiungere un numero considerevole di partecipanti, sono stati creati diversi partenariati e collaborazioni con altre universit\u00e0 ed istituzioni.<\/p>\n<p>[\/et_pb_text][\/et_pb_column][\/et_pb_row][et_pb_row column_structure=&#8221;1_3,2_3&#8243; _builder_version=&#8221;4.19.4&#8243; _module_preset=&#8221;default&#8221; global_colors_info=&#8221;{}&#8221;][et_pb_column type=&#8221;1_3&#8243; _builder_version=&#8221;4.19.4&#8243; _module_preset=&#8221;default&#8221; global_colors_info=&#8221;{}&#8221;][et_pb_image src=&#8221;https:\/\/projects.unifr.ch\/abccd\/wp-content\/uploads\/2023\/01\/undraw_environmental_study.svg&#8221; title_text=&#8221;undraw_environmental_study&#8221; _builder_version=&#8221;4.19.4&#8243; _module_preset=&#8221;default&#8221; global_colors_info=&#8221;{}&#8221;][\/et_pb_image][\/et_pb_column][et_pb_column type=&#8221;2_3&#8243; _builder_version=&#8221;4.19.4&#8243; _module_preset=&#8221;default&#8221; global_colors_info=&#8221;{}&#8221;][et_pb_text admin_label=&#8221;Scientific implications&#8221; _builder_version=&#8221;4.19.4&#8243; _module_preset=&#8221;default&#8221; header_3_font=&#8221;Open Sans|700|||||||&#8221; header_3_text_color=&#8221;#B30200&#8243; hover_enabled=&#8221;0&#8243; global_colors_info=&#8221;{}&#8221; sticky_enabled=&#8221;0&#8243;]<\/p>\n<h3><span>Implicazioni Sociali e Scientifiche<\/span><\/h3>\n<p style=\"text-align: justify;\">I risultati del Team ABCCD promettono di avere implicazioni sia teoriche che pratiche. Ad esempio, potrebbero aiutarci a capire meglio come l&#8217;esperienza modella la mente ed aiutarci a creare politiche linguistiche basate sull&#8217;evidenza per la comunit\u00e0 autistica.<\/p>\n<p>[\/et_pb_text][\/et_pb_column][\/et_pb_row][et_pb_row column_structure=&#8221;3_5,2_5&#8243; make_equal=&#8221;on&#8221; admin_label=&#8221;Participate Module&#8221; _builder_version=&#8221;4.19.4&#8243; _module_preset=&#8221;default&#8221; background_color=&#8221;#043D52&#8243; custom_margin=&#8221;||1em||false|false&#8221; custom_padding=&#8221;2em|2em|2em|2em|true|true&#8221; custom_css_main_element=&#8221;align-items:center;&#8221; global_colors_info=&#8221;{}&#8221;][et_pb_column type=&#8221;3_5&#8243; _builder_version=&#8221;4.19.4&#8243; _module_preset=&#8221;default&#8221; global_colors_info=&#8221;{}&#8221;][et_pb_text admin_label=&#8221;Participation&#8221; _builder_version=&#8221;4.19.4&#8243; _module_preset=&#8221;default&#8221; text_text_color=&#8221;#FFFFFF&#8221; header_4_font=&#8221;Open Sans|700|||||||&#8221; header_4_text_color=&#8221;#FFFFFF&#8221; header_4_line_height=&#8221;1.6em&#8221; custom_css_main_element=&#8221;margin:auto;&#8221; global_colors_info=&#8221;{}&#8221;]<\/p>\n<div class=\"wp-block-column\" style=\"flex-basis: 66.66%;\">\n<h4>Se desiderate partecipare a questo studio, compilate il nostro modulo di registrazione o contattateci via e-mail o telefono.<\/h4>\n<\/div>\n<p>[\/et_pb_text][\/et_pb_column][et_pb_column type=&#8221;2_5&#8243; _builder_version=&#8221;4.19.4&#8243; _module_preset=&#8221;default&#8221; global_colors_info=&#8221;{}&#8221;][et_pb_button button_url=&#8221;@ET-DC@eyJkeW5hbWljIjp0cnVlLCJjb250ZW50IjoicG9zdF9saW5rX3VybF9wYWdlIiwic2V0dGluZ3MiOnsicG9zdF9pZCI6IjMxMCJ9fQ==@&#8221; button_text=&#8221;Voglio partecipare&#8221; admin_label=&#8221;Button Registration Page&#8221; _builder_version=&#8221;4.19.4&#8243; _dynamic_attributes=&#8221;button_url&#8221; _module_preset=&#8221;default&#8221; custom_button=&#8221;on&#8221; button_text_color=&#8221;#FFFFFF&#8221; button_bg_color=&#8221;#B30200&#8243; button_border_radius=&#8221;100px&#8221; custom_css_main_element=&#8221;margin:auto;&#8221; global_colors_info=&#8221;{}&#8221;][\/et_pb_button][\/et_pb_column][\/et_pb_row][\/et_pb_section]<\/p>\n","protected":false},"excerpt":{"rendered":"<p>Il Progetto ABCCD Autism, Bilingualism, Cognitive and Communicative Development (ABCCD) Premessa Un numero consistente di genitori di bambini con disturbo dello spettro autistico (ASD) \u00e8 riluttante a mantenere un ambiente bilingue. Questo perch\u00e9 teme che il bilinguismo possa aggravare le difficolt\u00e0 linguistiche dei loro figli. Tuttavia, studi preliminari suggeriscono che l&#8217;essere bilingue o multilingue pu\u00f2 [&hellip;]<\/p>\n","protected":false},"author":3,"featured_media":0,"parent":0,"menu_order":0,"comment_status":"closed","ping_status":"closed","template":"","meta":{"_et_pb_use_builder":"on","_et_pb_old_content":"","_et_gb_content_width":""},"_links":{"self":[{"href":"https:\/\/projects.unifr.ch\/abccd\/wp-json\/wp\/v2\/pages\/1232"}],"collection":[{"href":"https:\/\/projects.unifr.ch\/abccd\/wp-json\/wp\/v2\/pages"}],"about":[{"href":"https:\/\/projects.unifr.ch\/abccd\/wp-json\/wp\/v2\/types\/page"}],"author":[{"embeddable":true,"href":"https:\/\/projects.unifr.ch\/abccd\/wp-json\/wp\/v2\/users\/3"}],"replies":[{"embeddable":true,"href":"https:\/\/projects.unifr.ch\/abccd\/wp-json\/wp\/v2\/comments?post=1232"}],"version-history":[{"count":4,"href":"https:\/\/projects.unifr.ch\/abccd\/wp-json\/wp\/v2\/pages\/1232\/revisions"}],"predecessor-version":[{"id":1506,"href":"https:\/\/projects.unifr.ch\/abccd\/wp-json\/wp\/v2\/pages\/1232\/revisions\/1506"}],"wp:attachment":[{"href":"https:\/\/projects.unifr.ch\/abccd\/wp-json\/wp\/v2\/media?parent=1232"}],"curies":[{"name":"wp","href":"https:\/\/api.w.org\/{rel}","templated":true}]}}