{"id":1249,"date":"2023-02-08T10:34:45","date_gmt":"2023-02-08T10:34:45","guid":{"rendered":"https:\/\/projects.unifr.ch\/abccd\/en-home-deutsch\/"},"modified":"2023-06-06T11:25:00","modified_gmt":"2023-06-06T11:25:00","slug":"de-home","status":"publish","type":"page","link":"https:\/\/projects.unifr.ch\/abccd\/","title":{"rendered":"DE-Home"},"content":{"rendered":"<p>[et_pb_section fb_built=&#8221;1&#8243; admin_label=&#8221;Home Page section&#8221; _builder_version=&#8221;4.19.4&#8243; custom_padding=&#8221;1em||||false|false&#8221; global_colors_info=&#8221;{}&#8221;][et_pb_row admin_label=&#8221;Header&#8221; _builder_version=&#8221;4.19.4&#8243; background_size=&#8221;initial&#8221; background_position=&#8221;top_left&#8221; background_repeat=&#8221;repeat&#8221; custom_margin=&#8221;0px||||false|false&#8221; custom_padding=&#8221;0px||||false|false&#8221; global_colors_info=&#8221;{}&#8221;][et_pb_column type=&#8221;4_4&#8243; _builder_version=&#8221;4.16&#8243; custom_padding=&#8221;|||&#8221; global_colors_info=&#8221;{}&#8221; custom_padding__hover=&#8221;|||&#8221;][et_pb_image src=&#8221;https:\/\/projects.unifr.ch\/abccd\/wp-content\/uploads\/2023\/01\/header-abccd-large.jpg&#8221; alt=&#8221;ABCCD header image large&#8221; title_text=&#8221;header-abccd-large&#8221; _builder_version=&#8221;4.19.4&#8243; _module_preset=&#8221;default&#8221; global_colors_info=&#8221;{}&#8221;][\/et_pb_image][\/et_pb_column][\/et_pb_row][et_pb_row admin_label=&#8221;Page Title&#8221; _builder_version=&#8221;4.19.4&#8243; _module_preset=&#8221;default&#8221; global_colors_info=&#8221;{}&#8221;][et_pb_column type=&#8221;4_4&#8243; _builder_version=&#8221;4.19.4&#8243; _module_preset=&#8221;default&#8221; custom_padding=&#8221;0px||0px||false|false&#8221; global_colors_info=&#8221;{}&#8221;][et_pb_text admin_label=&#8221;abccd title&#8221; _builder_version=&#8221;4.19.4&#8243; _module_preset=&#8221;default&#8221; text_text_color=&#8221;#B30200&#8243; text_font_size=&#8221;20px&#8221; header_4_text_color=&#8221;gcid-93324cfe-8cb5-4afd-9b42-c79067692733&#8243; custom_margin=&#8221;||6px|||&#8221; custom_padding=&#8221;||||false|false&#8221; header_4_font_tablet=&#8221;&#8221; header_4_font_phone=&#8221;&#8221; header_4_font_last_edited=&#8221;on|tablet&#8221; header_4_font_size_tablet=&#8221;14px&#8221; header_4_font_size_phone=&#8221;14px&#8221; header_4_font_size_last_edited=&#8221;on|phone&#8221; global_colors_info=&#8221;{%22gcid-93324cfe-8cb5-4afd-9b42-c79067692733%22:%91%22header_4_text_color%22%93}&#8221;]<\/p>\n<p><strong>Autismus, Mehrsprachigkeit, kognitive und kommunikative Entwicklung<\/strong><\/p>\n<p>[\/et_pb_text][et_pb_text admin_label=&#8221;Main Title&#8221; _builder_version=&#8221;4.19.4&#8243; _module_preset=&#8221;default&#8221; header_2_font=&#8221;Open Sans|700|||||||&#8221; header_2_text_color=&#8221;#043d52&#8243; header_2_font_size=&#8221;36px&#8221; header_2_line_height=&#8221;1.5em&#8221; custom_margin=&#8221;0px||0px||false|false&#8221; custom_padding=&#8221;0px||0px||false|false&#8221; header_2_font_size_tablet=&#8221;22px&#8221; header_2_font_size_phone=&#8221;17px&#8221; header_2_font_size_last_edited=&#8221;on|phone&#8221; global_colors_info=&#8221;{}&#8221;]<\/p>\n<h2>Teilnahme an einer Studie \u00fcber die Auswirkungen der Zweisprachigkeit auf die kognitive und kommunikative Entwicklung von Kindern mit und ohne Autismus<\/h2>\n<p>[\/et_pb_text][\/et_pb_column][\/et_pb_row][et_pb_row admin_label=&#8221;Title Aim of Study&#8221; _builder_version=&#8221;4.19.4&#8243; _module_preset=&#8221;default&#8221; global_colors_info=&#8221;{}&#8221;][et_pb_column type=&#8221;4_4&#8243; _builder_version=&#8221;4.19.4&#8243; _module_preset=&#8221;default&#8221; custom_padding=&#8221;0px||0px||false|false&#8221; global_colors_info=&#8221;{}&#8221;][et_pb_text admin_label=&#8221;Title Presentation&#8221; _builder_version=&#8221;4.19.4&#8243; _module_preset=&#8221;default&#8221; header_2_font=&#8221;Open Sans|700|||||||&#8221; header_2_text_color=&#8221;gcid-93324cfe-8cb5-4afd-9b42-c79067692733&#8243; header_2_font_size_tablet=&#8221;&#8221; header_2_font_size_phone=&#8221;16px&#8221; header_2_font_size_last_edited=&#8221;on|tablet&#8221; global_colors_info=&#8221;{%22gcid-93324cfe-8cb5-4afd-9b42-c79067692733%22:%91%22header_2_text_color%22%93}&#8221;]<\/p>\n<h2>Pr\u00e4sentation des Projekts <\/h2>\n<p>[\/et_pb_text][et_pb_text admin_label=&#8221;Text Background&#8221; _builder_version=&#8221;4.21.0&#8243; _module_preset=&#8221;default&#8221; header_3_text_color=&#8221;gcid-79920847-1024-499b-8c36-026f011b950b&#8221; header_3_line_height=&#8221;1.4em&#8221; header_4_text_color=&#8221;#043D52&#8243; header_4_line_height=&#8221;1.5em&#8221; header_3_font_size_tablet=&#8221;&#8221; header_3_font_size_phone=&#8221;16px&#8221; header_3_font_size_last_edited=&#8221;on|desktop&#8221; global_colors_info=&#8221;{%22gcid-79920847-1024-499b-8c36-026f011b950b%22:%91%22header_3_text_color%22%93}&#8221;]<\/p>\n<h3 class=\"has-text-color\" style=\"color: #b30200; font-style: normal; font-weight: bold;\"><strong>HINTERGRUND<\/strong><\/h3>\n<h4>In manchen F\u00e4llen wird von Therapeuten oder Erziehern davon abgeraten, ein Kind mit ASS zweisprachig zu erziehen, um eine \u00dcberforderungssituation zu vermeiden. Daf\u00fcr gibt es jedoch keine wissenschaftliche Evidenz. Das ABCCD-Forschungsprojekt der Universit\u00e4t Freiburg in der Schweiz hat sich deshalb zum Ziel gesetzt, die Auswirkungen zweisprachiger Erfahrungen auf die kognitive und kommunikative Entwicklung dieser Kinder zu untersuchen.<\/h4>\n<p>[\/et_pb_text][\/et_pb_column][\/et_pb_row][et_pb_row _builder_version=&#8221;4.21.0&#8243; _module_preset=&#8221;default&#8221; global_colors_info=&#8221;{}&#8221;][et_pb_column type=&#8221;4_4&#8243; _builder_version=&#8221;4.21.0&#8243; _module_preset=&#8221;default&#8221; global_colors_info=&#8221;{}&#8221;][et_pb_text _builder_version=&#8221;4.21.0&#8243; _module_preset=&#8221;default&#8221; custom_margin=&#8221;||-7px|||&#8221; hover_enabled=&#8221;0&#8243; global_colors_info=&#8221;{}&#8221; sticky_enabled=&#8221;0&#8243;]<\/p>\n<h3 class=\"has-text-color\" style=\"color: #b30200; font-style: normal; font-weight: bold;\"><strong>WARUM WIRD DIESE STUDIE DURCHGEF\u00dcHRT?<\/strong><\/h3>\n<p>[\/et_pb_text][\/et_pb_column][\/et_pb_row][et_pb_row column_structure=&#8221;1_2,1_2&#8243; _builder_version=&#8221;4.21.0&#8243; _module_preset=&#8221;default&#8221; custom_margin=&#8221;-16px|auto||auto||&#8221; custom_padding=&#8221;0px|||||&#8221; global_colors_info=&#8221;{}&#8221;][et_pb_column type=&#8221;1_2&#8243; _builder_version=&#8221;4.21.0&#8243; _module_preset=&#8221;default&#8221; global_colors_info=&#8221;{}&#8221;][et_pb_video src=&#8221;https:\/\/www.youtube.com\/watch?v=qJtd1lUToHE&#038;ab_channel=abccdlab&#8221; _builder_version=&#8221;4.21.0&#8243; _module_preset=&#8221;default&#8221; global_colors_info=&#8221;{}&#8221;][\/et_pb_video][\/et_pb_column][et_pb_column type=&#8221;1_2&#8243; _builder_version=&#8221;4.21.0&#8243; _module_preset=&#8221;default&#8221; global_colors_info=&#8221;{}&#8221;][et_pb_video src=&#8221;https:\/\/www.youtube.com\/watch?v=LX2CidW-3AY&#038;ab_channel=abccdlab&#8221; _builder_version=&#8221;4.21.0&#8243; _module_preset=&#8221;default&#8221; global_colors_info=&#8221;{}&#8221;][\/et_pb_video][\/et_pb_column][\/et_pb_row][et_pb_row column_structure=&#8221;3_5,2_5&#8243; make_equal=&#8221;on&#8221; admin_label=&#8221;Participate Module&#8221; module_class=&#8221;vertical-align&#8221; _builder_version=&#8221;4.19.4&#8243; _module_preset=&#8221;default&#8221; background_color=&#8221;#043D52&#8243; custom_margin=&#8221;1em||1em||true|false&#8221; custom_padding=&#8221;2em|2em|2em|2em|true|true&#8221; custom_css_main_element=&#8221;align-items:center;&#8221; collapsed=&#8221;on&#8221; global_colors_info=&#8221;{}&#8221;][et_pb_column type=&#8221;3_5&#8243; _builder_version=&#8221;4.19.4&#8243; _module_preset=&#8221;default&#8221; global_colors_info=&#8221;{}&#8221;][et_pb_text admin_label=&#8221;Participation&#8221; _builder_version=&#8221;4.19.4&#8243; _module_preset=&#8221;default&#8221; text_text_color=&#8221;#FFFFFF&#8221; header_4_font=&#8221;Open Sans|700|||||||&#8221; header_4_text_color=&#8221;#FFFFFF&#8221; header_4_line_height=&#8221;1.6em&#8221; custom_css_main_element=&#8221;margin:auto;&#8221; global_colors_info=&#8221;{}&#8221;]<\/p>\n<div class=\"wp-block-column\" style=\"flex-basis: 66.66%;\">\n<h4>Wenn Sie an dieser Studie teilnehmen m\u00f6chten, f\u00fcllen Sie bitte unser Anmeldeformular aus oder kontaktieren Sie uns per E-Mail oder Telefon.<\/h4>\n<\/div>\n<p>[\/et_pb_text][\/et_pb_column][et_pb_column type=&#8221;2_5&#8243; _builder_version=&#8221;4.19.4&#8243; _module_preset=&#8221;default&#8221; custom_css_main_element=&#8221;margin:auto&#8221; global_colors_info=&#8221;{}&#8221;][et_pb_button button_url=&#8221;@ET-DC@eyJkeW5hbWljIjp0cnVlLCJjb250ZW50IjoicG9zdF9saW5rX3VybF9wYWdlIiwic2V0dGluZ3MiOnsicG9zdF9pZCI6IjEyNjMifX0=@&#8221; button_text=&#8221;Ich m\u00f6chte teilnehmen&#8221; admin_label=&#8221;Button Registration Page&#8221; _builder_version=&#8221;4.19.4&#8243; _dynamic_attributes=&#8221;button_url&#8221; _module_preset=&#8221;default&#8221; custom_button=&#8221;on&#8221; button_text_color=&#8221;#FFFFFF&#8221; button_bg_color=&#8221;#B30200&#8243; button_border_radius=&#8221;100px&#8221; custom_css_main_element=&#8221;margin:auto;&#8221; global_colors_info=&#8221;{}&#8221;][\/et_pb_button][\/et_pb_column][\/et_pb_row][et_pb_row column_structure=&#8221;1_2,1_2&#8243; admin_label=&#8221;Description modules&#8221; _builder_version=&#8221;4.19.4&#8243; _module_preset=&#8221;default&#8221; collapsed=&#8221;off&#8221; global_colors_info=&#8221;{}&#8221;][et_pb_column type=&#8221;1_2&#8243; _builder_version=&#8221;4.19.4&#8243; _module_preset=&#8221;default&#8221; global_colors_info=&#8221;{}&#8221;][et_pb_text admin_label=&#8221;Aim title&#8221; _builder_version=&#8221;4.19.4&#8243; _module_preset=&#8221;default&#8221; header_4_font=&#8221;Open Sans|700|||||||&#8221; header_4_text_color=&#8221;#043D52&#8243; global_colors_info=&#8221;{}&#8221;]<\/p>\n<h4>ZIEL DER STUDIE<\/h4>\n<p>[\/et_pb_text][et_pb_image src=&#8221;https:\/\/projects.unifr.ch\/abccd\/wp-content\/uploads\/2023\/02\/ABCCD-project_completed-1.svg&#8221; alt=&#8221;ABCCD-project_completed&#8221; title_text=&#8221;undraw_to_do_list&#8221; force_fullwidth=&#8221;on&#8221; _builder_version=&#8221;4.19.4&#8243; _module_preset=&#8221;default&#8221; height=&#8221;334px&#8221; global_colors_info=&#8221;{}&#8221;][\/et_pb_image][et_pb_text _builder_version=&#8221;4.19.4&#8243; _module_preset=&#8221;default&#8221; global_colors_info=&#8221;{}&#8221;]<\/p>\n<p>Ziel dieser Studie ist es, festzustellen, welchen Einfluss das Aufwachsen mit einer oder mehreren Sprachen auf die Entwicklung von Kognition und Kommunikation bei Kindern mit und ohne ASS haben kann.<\/p>\n<p>[\/et_pb_text][et_pb_button button_url=&#8221;@ET-DC@eyJkeW5hbWljIjp0cnVlLCJjb250ZW50IjoicG9zdF9saW5rX3VybF9wYWdlIiwic2V0dGluZ3MiOnsicG9zdF9pZCI6IjEyMzcifX0=@&#8221; button_text=&#8221;Das Projekt&#8221; admin_label=&#8221;Button Project&#8221; _builder_version=&#8221;4.19.4&#8243; _dynamic_attributes=&#8221;button_url&#8221; _module_preset=&#8221;default&#8221; custom_button=&#8221;on&#8221; button_text_color=&#8221;#FFFFFF&#8221; button_bg_color=&#8221;#B30200&#8243; button_border_radius=&#8221;100px&#8221; global_colors_info=&#8221;{}&#8221;][\/et_pb_button][\/et_pb_column][et_pb_column type=&#8221;1_2&#8243; _builder_version=&#8221;4.19.4&#8243; _module_preset=&#8221;default&#8221; global_colors_info=&#8221;{}&#8221;][et_pb_text admin_label=&#8221;Participation title&#8221; _builder_version=&#8221;4.19.4&#8243; _module_preset=&#8221;default&#8221; header_4_font=&#8221;Open Sans|700|||||||&#8221; header_4_text_color=&#8221;#043D52&#8243; global_colors_info=&#8221;{}&#8221;]<\/p>\n<h4>TEILNAHMEBEDINGUNGEN<\/h4>\n<p>[\/et_pb_text][et_pb_image src=&#8221;https:\/\/projects.unifr.ch\/abccd\/wp-content\/uploads\/2023\/01\/undraw_confirmation.svg&#8221; title_text=&#8221;undraw_confirmation&#8221; _builder_version=&#8221;4.19.4&#8243; _module_preset=&#8221;default&#8221; width=&#8221;78%&#8221; global_colors_info=&#8221;{}&#8221;][\/et_pb_image][et_pb_text _builder_version=&#8221;4.19.4&#8243; _module_preset=&#8221;default&#8221; global_colors_info=&#8221;{}&#8221;]<\/p>\n<p>Um teilnehmen zu k\u00f6nnen, muss Ihr Kind zwischen 3 und 11 Jahren alt sein, typisch entwickelt oder eine Autismus-Spektrum-St\u00f6rung (ASS) haben, in einer ein- oder zweisprachigen Umgebung aufwachsen und mindestens eine der folgenden Sprachen verstehen: Englisch, Deutsch, Franz\u00f6sisch, Italienisch oder Spanisch.<\/p>\n<p>[\/et_pb_text][et_pb_button button_url=&#8221;@ET-DC@eyJkeW5hbWljIjp0cnVlLCJjb250ZW50IjoicG9zdF9saW5rX3VybF9wYWdlIiwic2V0dGluZ3MiOnsicG9zdF9pZCI6IjEyNjEifX0=@&#8221; button_text=&#8221;Voraussetzungen&#8221; admin_label=&#8221;Button Participate&#8221; _builder_version=&#8221;4.19.4&#8243; _dynamic_attributes=&#8221;button_url&#8221; _module_preset=&#8221;default&#8221; custom_button=&#8221;on&#8221; button_text_color=&#8221;#FFFFFF&#8221; button_bg_color=&#8221;#B30200&#8243; button_border_radius=&#8221;100px&#8221; global_colors_info=&#8221;{}&#8221;][\/et_pb_button][\/et_pb_column][\/et_pb_row][et_pb_row column_structure=&#8221;1_2,1_2&#8243; admin_label=&#8221;TEAM+PARTNERS&#8221; _builder_version=&#8221;4.19.4&#8243; _module_preset=&#8221;default&#8221; collapsed=&#8221;off&#8221; global_colors_info=&#8221;{}&#8221;][et_pb_column type=&#8221;1_2&#8243; _builder_version=&#8221;4.19.4&#8243; _module_preset=&#8221;default&#8221; global_colors_info=&#8221;{}&#8221;][et_pb_text admin_label=&#8221;Team title&#8221; _builder_version=&#8221;4.19.4&#8243; _module_preset=&#8221;default&#8221; header_4_font=&#8221;Open Sans|700|||||||&#8221; header_4_text_color=&#8221;#043D52&#8243; global_colors_info=&#8221;{}&#8221;]<\/p>\n<h4>UNSER TEAM<\/h4>\n<p>[\/et_pb_text][et_pb_image src=&#8221;https:\/\/projects.unifr.ch\/abccd\/wp-content\/uploads\/2023\/01\/undraw_team_spirit_re_yl1v.svg&#8221; title_text=&#8221;undraw_team_spirit_re_yl1v&#8221; _builder_version=&#8221;4.19.4&#8243; _module_preset=&#8221;default&#8221; global_colors_info=&#8221;{}&#8221;][\/et_pb_image][et_pb_text _builder_version=&#8221;4.19.4&#8243; _module_preset=&#8221;default&#8221; global_colors_info=&#8221;{}&#8221;]<\/p>\n<p>Das ABCCD-Team der Universit\u00e4t Freiburg besch\u00e4ftigt sich sowohl mit Autismus-Spektrum-St\u00f6rungen (ASS) als auch mit Mehrsprachigkeit.<\/p>\n<p>[\/et_pb_text][et_pb_button button_url=&#8221;@ET-DC@eyJkeW5hbWljIjp0cnVlLCJjb250ZW50IjoicG9zdF9saW5rX3VybF9wYWdlIiwic2V0dGluZ3MiOnsicG9zdF9pZCI6IjEyMjcifX0=@&#8221; button_text=&#8221;\u00dcber Uns&#8221; admin_label=&#8221;Button Team&#8221; _builder_version=&#8221;4.19.4&#8243; _dynamic_attributes=&#8221;button_url&#8221; _module_preset=&#8221;default&#8221; custom_button=&#8221;on&#8221; button_text_color=&#8221;#FFFFFF&#8221; button_bg_color=&#8221;#B30200&#8243; button_border_radius=&#8221;100px&#8221; global_colors_info=&#8221;{}&#8221;][\/et_pb_button][\/et_pb_column][et_pb_column type=&#8221;1_2&#8243; _builder_version=&#8221;4.19.4&#8243; _module_preset=&#8221;default&#8221; global_colors_info=&#8221;{}&#8221;][et_pb_text admin_label=&#8221;Partners title&#8221; _builder_version=&#8221;4.19.4&#8243; _module_preset=&#8221;default&#8221; header_4_font=&#8221;Open Sans|700|||||||&#8221; header_4_text_color=&#8221;#043D52&#8243; global_colors_info=&#8221;{}&#8221;]<\/p>\n<h4>PARTNER &amp; KOOPERATIONEN<\/h4>\n<p>[\/et_pb_text][et_pb_image src=&#8221;https:\/\/projects.unifr.ch\/abccd\/wp-content\/uploads\/2023\/01\/undraw_conference_call.svg&#8221; title_text=&#8221;undraw_conference_call&#8221; _builder_version=&#8221;4.19.4&#8243; _module_preset=&#8221;default&#8221; global_colors_info=&#8221;{}&#8221;][\/et_pb_image][et_pb_text _builder_version=&#8221;4.19.4&#8243; _module_preset=&#8221;default&#8221; global_colors_info=&#8221;{}&#8221;]<\/p>\n<p>Wir halten mehrere Partnerschaften und Kooperationen in der Schweiz und im Ausland, um eine gro\u00dfe Anzahl von Teilnehmern zu erreichen.<\/p>\n<p>[\/et_pb_text][et_pb_button button_url=&#8221;@ET-DC@eyJkeW5hbWljIjp0cnVlLCJjb250ZW50IjoicG9zdF9saW5rX3VybF9wYWdlIiwic2V0dGluZ3MiOnsicG9zdF9pZCI6IjEyNTkifX0=@&#8221; button_text=&#8221;Unsere Partner&#8221; admin_label=&#8221;Button Partners&#8221; _builder_version=&#8221;4.19.4&#8243; _dynamic_attributes=&#8221;button_url&#8221; _module_preset=&#8221;default&#8221; custom_button=&#8221;on&#8221; button_text_color=&#8221;#FFFFFF&#8221; button_bg_color=&#8221;#B30200&#8243; button_border_radius=&#8221;100px&#8221; global_colors_info=&#8221;{}&#8221;][\/et_pb_button][\/et_pb_column][\/et_pb_row][\/et_pb_section]<\/p>\n","protected":false},"excerpt":{"rendered":"<p>Autismus, Mehrsprachigkeit, kognitive und kommunikative EntwicklungTeilnahme an einer Studie \u00fcber die Auswirkungen der Zweisprachigkeit auf die kognitive und kommunikative Entwicklung von Kindern mit und ohne AutismusPr\u00e4sentation des Projekts HINTERGRUND In manchen F\u00e4llen wird von Therapeuten oder Erziehern davon abgeraten, ein Kind mit ASS zweisprachig zu erziehen, um eine \u00dcberforderungssituation zu vermeiden. Daf\u00fcr gibt es jedoch [&hellip;]<\/p>\n","protected":false},"author":3,"featured_media":0,"parent":0,"menu_order":0,"comment_status":"closed","ping_status":"closed","template":"","meta":{"_et_pb_use_builder":"on","_et_pb_old_content":"","_et_gb_content_width":""},"_links":{"self":[{"href":"https:\/\/projects.unifr.ch\/abccd\/wp-json\/wp\/v2\/pages\/1249"}],"collection":[{"href":"https:\/\/projects.unifr.ch\/abccd\/wp-json\/wp\/v2\/pages"}],"about":[{"href":"https:\/\/projects.unifr.ch\/abccd\/wp-json\/wp\/v2\/types\/page"}],"author":[{"embeddable":true,"href":"https:\/\/projects.unifr.ch\/abccd\/wp-json\/wp\/v2\/users\/3"}],"replies":[{"embeddable":true,"href":"https:\/\/projects.unifr.ch\/abccd\/wp-json\/wp\/v2\/comments?post=1249"}],"version-history":[{"count":11,"href":"https:\/\/projects.unifr.ch\/abccd\/wp-json\/wp\/v2\/pages\/1249\/revisions"}],"predecessor-version":[{"id":1692,"href":"https:\/\/projects.unifr.ch\/abccd\/wp-json\/wp\/v2\/pages\/1249\/revisions\/1692"}],"wp:attachment":[{"href":"https:\/\/projects.unifr.ch\/abccd\/wp-json\/wp\/v2\/media?parent=1249"}],"curies":[{"name":"wp","href":"https:\/\/api.w.org\/{rel}","templated":true}]}}