{"id":1250,"date":"2023-02-08T10:34:45","date_gmt":"2023-02-08T10:34:45","guid":{"rendered":"https:\/\/projects.unifr.ch\/abccd\/en-home-espanol\/"},"modified":"2023-03-24T11:03:43","modified_gmt":"2023-03-24T11:03:43","slug":"sp-home","status":"publish","type":"page","link":"https:\/\/projects.unifr.ch\/abccd\/es\/sp-home\/","title":{"rendered":"SP-Home"},"content":{"rendered":"<p>[et_pb_section fb_built=&#8221;1&#8243; admin_label=&#8221;Home Page section&#8221; _builder_version=&#8221;4.19.4&#8243; custom_padding=&#8221;1em||||false|false&#8221; global_colors_info=&#8221;{}&#8221;][et_pb_row admin_label=&#8221;Header&#8221; _builder_version=&#8221;4.19.4&#8243; background_size=&#8221;initial&#8221; background_position=&#8221;top_left&#8221; background_repeat=&#8221;repeat&#8221; custom_margin=&#8221;0px||||false|false&#8221; custom_padding=&#8221;0px||||false|false&#8221; global_colors_info=&#8221;{}&#8221;][et_pb_column type=&#8221;4_4&#8243; _builder_version=&#8221;4.16&#8243; custom_padding=&#8221;|||&#8221; global_colors_info=&#8221;{}&#8221; custom_padding__hover=&#8221;|||&#8221;][et_pb_image src=&#8221;https:\/\/projects.unifr.ch\/abccd\/wp-content\/uploads\/2023\/01\/header-abccd-large.jpg&#8221; alt=&#8221;ABCCD header image large&#8221; title_text=&#8221;header-abccd-large&#8221; _builder_version=&#8221;4.19.4&#8243; _module_preset=&#8221;default&#8221; global_colors_info=&#8221;{}&#8221;][\/et_pb_image][\/et_pb_column][\/et_pb_row][et_pb_row admin_label=&#8221;Page Title&#8221; _builder_version=&#8221;4.19.4&#8243; _module_preset=&#8221;default&#8221; global_colors_info=&#8221;{}&#8221;][et_pb_column type=&#8221;4_4&#8243; _builder_version=&#8221;4.19.4&#8243; _module_preset=&#8221;default&#8221; custom_padding=&#8221;0px||0px||false|false&#8221; global_colors_info=&#8221;{}&#8221;][et_pb_text admin_label=&#8221;abccd title&#8221; _builder_version=&#8221;4.19.4&#8243; _module_preset=&#8221;default&#8221; text_text_color=&#8221;#B30200&#8243; text_font_size=&#8221;20px&#8221; header_4_text_color=&#8221;gcid-93324cfe-8cb5-4afd-9b42-c79067692733&#8243; custom_margin=&#8221;||6px|||&#8221; custom_padding=&#8221;||||false|false&#8221; header_4_font_tablet=&#8221;&#8221; header_4_font_phone=&#8221;&#8221; header_4_font_last_edited=&#8221;on|tablet&#8221; header_4_font_size_tablet=&#8221;14px&#8221; header_4_font_size_phone=&#8221;14px&#8221; header_4_font_size_last_edited=&#8221;on|phone&#8221; global_colors_info=&#8221;{%22gcid-93324cfe-8cb5-4afd-9b42-c79067692733%22:%91%22header_4_text_color%22%93}&#8221;]<\/p>\n<p><strong>Autismo, Biling\u00fcismo, Desarrollo Cognitivo y Comunicativo<\/strong><\/p>\n<p>[\/et_pb_text][et_pb_text admin_label=&#8221;Main Title&#8221; _builder_version=&#8221;4.19.4&#8243; _module_preset=&#8221;default&#8221; header_2_font=&#8221;Open Sans|700|||||||&#8221; header_2_text_color=&#8221;#043d52&#8243; header_2_font_size=&#8221;36px&#8221; header_2_line_height=&#8221;1.5em&#8221; custom_margin=&#8221;0px||0px||false|false&#8221; custom_padding=&#8221;0px||0px||false|false&#8221; header_2_font_size_tablet=&#8221;22px&#8221; header_2_font_size_phone=&#8221;17px&#8221; header_2_font_size_last_edited=&#8221;on|phone&#8221; global_colors_info=&#8221;{}&#8221;]<\/p>\n<h2>Participar en un estudio sobre el impacto del biling\u00fcismo en el desarrollo cognitivo y comunicativo de ni\u00f1os con y sin autismo<\/h2>\n<p>[\/et_pb_text][\/et_pb_column][\/et_pb_row][et_pb_row admin_label=&#8221;Title Aim of Study&#8221; _builder_version=&#8221;4.19.4&#8243; _module_preset=&#8221;default&#8221; global_colors_info=&#8221;{}&#8221;][et_pb_column type=&#8221;4_4&#8243; _builder_version=&#8221;4.19.4&#8243; _module_preset=&#8221;default&#8221; custom_padding=&#8221;0px||0px||false|false&#8221; global_colors_info=&#8221;{}&#8221;][et_pb_text admin_label=&#8221;Title Presentation&#8221; _builder_version=&#8221;4.19.4&#8243; _module_preset=&#8221;default&#8221; header_2_font=&#8221;Open Sans|700|||||||&#8221; header_2_text_color=&#8221;gcid-93324cfe-8cb5-4afd-9b42-c79067692733&#8243; header_2_font_size_tablet=&#8221;&#8221; header_2_font_size_phone=&#8221;16px&#8221; header_2_font_size_last_edited=&#8221;on|tablet&#8221; global_colors_info=&#8221;{%22gcid-93324cfe-8cb5-4afd-9b42-c79067692733%22:%91%22header_2_text_color%22%93}&#8221;]<\/p>\n<h2>PRESENTACI<strong>\u00d3<\/strong>N DEL PROYECTO<strong><\/strong><\/h2>\n<p>[\/et_pb_text][et_pb_text admin_label=&#8221;Text Background&#8221; _builder_version=&#8221;4.19.4&#8243; _module_preset=&#8221;default&#8221; header_3_text_color=&#8221;gcid-79920847-1024-499b-8c36-026f011b950b&#8221; header_3_line_height=&#8221;1.4em&#8221; header_4_text_color=&#8221;#043D52&#8243; header_4_line_height=&#8221;1.5em&#8221; header_3_font_size_tablet=&#8221;&#8221; header_3_font_size_phone=&#8221;16px&#8221; header_3_font_size_last_edited=&#8221;on|desktop&#8221; global_colors_info=&#8221;{%22gcid-79920847-1024-499b-8c36-026f011b950b%22:%91%22header_3_text_color%22%93}&#8221;]<\/p>\n<h3 class=\"has-text-color\" style=\"color: #b30200; font-style: normal; font-weight: bold;\">CONTEXTO<\/h3>\n<h4>Los padres de ni\u00f1os con Trastorno del Espectro Autista (TEA) suelen ser reacios a mantener un entorno biling\u00fce, ya que temen que el biling\u00fcismo pueda agravar las dificultades ling\u00fc\u00edsticas. El grupo de investigaci\u00f3n ABCCD de la Universidad de Friburgo (Suiza) <strong>tiene como objetivo estudiar<\/strong>\u00a0el impacto de las experiencias biling\u00fces en el desarrollo cognitivo y comunicativo de estos ni\u00f1os.<\/h4>\n<p>[\/et_pb_text][\/et_pb_column][\/et_pb_row][et_pb_row column_structure=&#8221;3_5,2_5&#8243; make_equal=&#8221;on&#8221; admin_label=&#8221;Participate Module&#8221; module_class=&#8221;vertical-align&#8221; _builder_version=&#8221;4.19.4&#8243; _module_preset=&#8221;default&#8221; background_color=&#8221;#043D52&#8243; custom_margin=&#8221;1em||1em||true|false&#8221; custom_padding=&#8221;2em|2em|2em|2em|true|true&#8221; custom_css_main_element=&#8221;align-items:center;&#8221; collapsed=&#8221;on&#8221; global_colors_info=&#8221;{}&#8221;][et_pb_column type=&#8221;3_5&#8243; _builder_version=&#8221;4.19.4&#8243; _module_preset=&#8221;default&#8221; global_colors_info=&#8221;{}&#8221;][et_pb_text admin_label=&#8221;Participation&#8221; _builder_version=&#8221;4.19.4&#8243; _module_preset=&#8221;default&#8221; text_text_color=&#8221;#FFFFFF&#8221; header_4_font=&#8221;Open Sans|700|||||||&#8221; header_4_text_color=&#8221;#FFFFFF&#8221; header_4_line_height=&#8221;1.6em&#8221; custom_css_main_element=&#8221;margin:auto;&#8221; global_colors_info=&#8221;{}&#8221;]<\/p>\n<div class=\"wp-block-column\" style=\"flex-basis: 66.66%;\">\n<h4>Si desea participar en este estudio, rellene nuestro formulario de inscripci\u00f3n o p\u00f3ngase en contacto con nosotros por correo electr\u00f3nico o tel\u00e9fono.<span style=\"font-size: 16px; font-family: 'Open Sans', Arial, sans-serif; font-weight: 500;\">\u00a0<\/span><\/h4>\n<\/div>\n<p>[\/et_pb_text][\/et_pb_column][et_pb_column type=&#8221;2_5&#8243; _builder_version=&#8221;4.19.4&#8243; _module_preset=&#8221;default&#8221; custom_css_main_element=&#8221;margin:auto&#8221; global_colors_info=&#8221;{}&#8221;][et_pb_button button_url=&#8221;@ET-DC@eyJkeW5hbWljIjp0cnVlLCJjb250ZW50IjoicG9zdF9saW5rX3VybF9wYWdlIiwic2V0dGluZ3MiOnsicG9zdF9pZCI6IjEzMzQifX0=@&#8221; button_text=&#8221;Quiero participar&#8221; admin_label=&#8221;Button Registration Page&#8221; _builder_version=&#8221;4.19.4&#8243; _dynamic_attributes=&#8221;button_url&#8221; _module_preset=&#8221;default&#8221; custom_button=&#8221;on&#8221; button_text_color=&#8221;#FFFFFF&#8221; button_bg_color=&#8221;#B30200&#8243; button_border_radius=&#8221;100px&#8221; custom_css_main_element=&#8221;margin:auto;&#8221; global_colors_info=&#8221;{}&#8221;][\/et_pb_button][\/et_pb_column][\/et_pb_row][et_pb_row column_structure=&#8221;1_2,1_2&#8243; admin_label=&#8221;Description modules&#8221; _builder_version=&#8221;4.19.4&#8243; _module_preset=&#8221;default&#8221; collapsed=&#8221;off&#8221; global_colors_info=&#8221;{}&#8221;][et_pb_column type=&#8221;1_2&#8243; _builder_version=&#8221;4.19.4&#8243; _module_preset=&#8221;default&#8221; global_colors_info=&#8221;{}&#8221;][et_pb_text admin_label=&#8221;Aim title&#8221; _builder_version=&#8221;4.19.4&#8243; _module_preset=&#8221;default&#8221; header_4_font=&#8221;Open Sans|700|||||||&#8221; header_4_text_color=&#8221;#043D52&#8243; global_colors_info=&#8221;{}&#8221;]<\/p>\n<h4>OBJETIVO DEL ESTUDIO<\/h4>\n<p>[\/et_pb_text][et_pb_image src=&#8221;https:\/\/projects.unifr.ch\/abccd\/wp-content\/uploads\/2023\/02\/ABCCD-project_completed-1.svg&#8221; alt=&#8221;ABCCD-project_completed&#8221; title_text=&#8221;undraw_to_do_list&#8221; force_fullwidth=&#8221;on&#8221; _builder_version=&#8221;4.19.4&#8243; _module_preset=&#8221;default&#8221; height=&#8221;334px&#8221; global_colors_info=&#8221;{}&#8221;][\/et_pb_image][et_pb_text _builder_version=&#8221;4.19.4&#8243; _module_preset=&#8221;default&#8221; hover_enabled=&#8221;0&#8243; global_colors_info=&#8221;{}&#8221; sticky_enabled=&#8221;0&#8243;]<\/p>\n<p style=\"text-align: left;\">El objetivo de este estudio es determinar si crecer con una o m\u00e1s lenguas puede tener un impacto en el desarrollo de la cognici\u00f3n y la comunicaci\u00f3n en ni\u00f1os con TEA o Desarrollo T\u00edpico (DT).<\/p>\n<p>[\/et_pb_text][et_pb_button button_url=&#8221;@ET-DC@eyJkeW5hbWljIjp0cnVlLCJjb250ZW50IjoicG9zdF9saW5rX3VybF9wYWdlIiwic2V0dGluZ3MiOnsicG9zdF9pZCI6IjEyOTQifX0=@&#8221; button_text=&#8221;El proyecto&#8221; admin_label=&#8221;Button Project&#8221; _builder_version=&#8221;4.19.4&#8243; _dynamic_attributes=&#8221;button_url&#8221; _module_preset=&#8221;default&#8221; custom_button=&#8221;on&#8221; button_text_color=&#8221;#FFFFFF&#8221; button_bg_color=&#8221;#B30200&#8243; button_border_radius=&#8221;100px&#8221; global_colors_info=&#8221;{}&#8221;][\/et_pb_button][\/et_pb_column][et_pb_column type=&#8221;1_2&#8243; _builder_version=&#8221;4.19.4&#8243; _module_preset=&#8221;default&#8221; global_colors_info=&#8221;{}&#8221;][et_pb_text admin_label=&#8221;Participation title&#8221; _builder_version=&#8221;4.19.4&#8243; _module_preset=&#8221;default&#8221; header_4_font=&#8221;Open Sans|700|||||||&#8221; header_4_text_color=&#8221;#043D52&#8243; global_colors_info=&#8221;{}&#8221;]<\/p>\n<h4><strong>CONDICI\u00d3NES PARA PARTICIPAR<\/strong><\/h4>\n<p>[\/et_pb_text][et_pb_image src=&#8221;https:\/\/projects.unifr.ch\/abccd\/wp-content\/uploads\/2023\/01\/undraw_confirmation.svg&#8221; title_text=&#8221;undraw_confirmation&#8221; _builder_version=&#8221;4.19.4&#8243; _module_preset=&#8221;default&#8221; width=&#8221;78%&#8221; global_colors_info=&#8221;{}&#8221;][\/et_pb_image][et_pb_text _builder_version=&#8221;4.19.4&#8243; _module_preset=&#8221;default&#8221; hover_enabled=&#8221;0&#8243; global_colors_info=&#8221;{}&#8221; sticky_enabled=&#8221;0&#8243;]<\/p>\n<p style=\"text-align: left;\">Para poder participar en el estudio, su hijo o hija debe tener entre 3 y 11 a\u00f1os, presentar un Desarrollo T\u00edpico (DT) o un Trastorno del Espectro Autista (TEA), haber crecido criado en un entorno monoling\u00fce o biling\u00fce y estar expuesto al menos a uno de estos idiomas: ingl\u00e9s, alem\u00e1n, franc\u00e9s, italiano y\/o espa\u00f1ol.<\/p>\n<p>[\/et_pb_text][et_pb_button button_url=&#8221;@ET-DC@eyJkeW5hbWljIjp0cnVlLCJjb250ZW50IjoicG9zdF9saW5rX3VybF9wYWdlIiwic2V0dGluZ3MiOnsicG9zdF9pZCI6IjEzMzIifX0=@&#8221; button_text=&#8221;Participar&#8221; admin_label=&#8221;Button Participate&#8221; _builder_version=&#8221;4.19.4&#8243; _dynamic_attributes=&#8221;button_url&#8221; _module_preset=&#8221;default&#8221; custom_button=&#8221;on&#8221; button_text_color=&#8221;#FFFFFF&#8221; button_bg_color=&#8221;#B30200&#8243; button_border_radius=&#8221;100px&#8221; global_colors_info=&#8221;{}&#8221;][\/et_pb_button][\/et_pb_column][\/et_pb_row][et_pb_row column_structure=&#8221;1_2,1_2&#8243; admin_label=&#8221;TEAM+PARTNERS&#8221; _builder_version=&#8221;4.19.4&#8243; _module_preset=&#8221;default&#8221; collapsed=&#8221;off&#8221; global_colors_info=&#8221;{}&#8221;][et_pb_column type=&#8221;1_2&#8243; _builder_version=&#8221;4.19.4&#8243; _module_preset=&#8221;default&#8221; global_colors_info=&#8221;{}&#8221;][et_pb_text admin_label=&#8221;Team title&#8221; _builder_version=&#8221;4.19.4&#8243; _module_preset=&#8221;default&#8221; header_4_font=&#8221;Open Sans|700|||||||&#8221; header_4_text_color=&#8221;#043D52&#8243; global_colors_info=&#8221;{}&#8221;]<\/p>\n<h4>NUESTRO EQUIPO\u00a0<\/h4>\n<p>[\/et_pb_text][et_pb_image src=&#8221;https:\/\/projects.unifr.ch\/abccd\/wp-content\/uploads\/2023\/01\/undraw_team_spirit_re_yl1v.svg&#8221; title_text=&#8221;undraw_team_spirit_re_yl1v&#8221; _builder_version=&#8221;4.19.4&#8243; _module_preset=&#8221;default&#8221; global_colors_info=&#8221;{}&#8221;][\/et_pb_image][et_pb_text _builder_version=&#8221;4.19.4&#8243; _module_preset=&#8221;default&#8221; hover_enabled=&#8221;0&#8243; global_colors_info=&#8221;{}&#8221; sticky_enabled=&#8221;0&#8243;]<\/p>\n<p style=\"text-align: left;\">El equipo del ABCCD de la Universidad de Friburgo se centra tanto en el trastorno del espectro autista (TEA) como en el biling\u00fcismo.<\/p>\n<p>[\/et_pb_text][et_pb_button button_url=&#8221;@ET-DC@eyJkeW5hbWljIjp0cnVlLCJjb250ZW50IjoicG9zdF9saW5rX3VybF9wYWdlIiwic2V0dGluZ3MiOnsicG9zdF9pZCI6IjEyMjUifX0=@&#8221; button_text=&#8221; Nuestro Equipo&#8221; admin_label=&#8221;Button Team&#8221; _builder_version=&#8221;4.19.4&#8243; _dynamic_attributes=&#8221;button_url&#8221; _module_preset=&#8221;default&#8221; custom_button=&#8221;on&#8221; button_text_color=&#8221;#FFFFFF&#8221; button_bg_color=&#8221;#B30200&#8243; button_border_radius=&#8221;100px&#8221; global_colors_info=&#8221;{}&#8221;][\/et_pb_button][\/et_pb_column][et_pb_column type=&#8221;1_2&#8243; _builder_version=&#8221;4.19.4&#8243; _module_preset=&#8221;default&#8221; global_colors_info=&#8221;{}&#8221;][et_pb_text admin_label=&#8221;Partners title&#8221; _builder_version=&#8221;4.19.4&#8243; _module_preset=&#8221;default&#8221; header_4_font=&#8221;Open Sans|700|||||||&#8221; header_4_text_color=&#8221;#043D52&#8243; global_colors_info=&#8221;{}&#8221;]<\/p>\n<h4>SOCIOS Y COLABORACIONES<\/h4>\n<p>[\/et_pb_text][et_pb_image src=&#8221;https:\/\/projects.unifr.ch\/abccd\/wp-content\/uploads\/2023\/01\/undraw_conference_call.svg&#8221; title_text=&#8221;undraw_conference_call&#8221; _builder_version=&#8221;4.19.4&#8243; _module_preset=&#8221;default&#8221; global_colors_info=&#8221;{}&#8221;][\/et_pb_image][et_pb_text _builder_version=&#8221;4.19.4&#8243; _module_preset=&#8221;default&#8221; hover_enabled=&#8221;0&#8243; global_colors_info=&#8221;{}&#8221; sticky_enabled=&#8221;0&#8243;]<\/p>\n<p style=\"text-align: left;\">Se han establecido varias colaboraciones con asociaciones en Suiza y en el extranjero para llegar a un n\u00famero considerable de participantes.<\/p>\n<p>[\/et_pb_text][et_pb_button button_url=&#8221;@ET-DC@eyJkeW5hbWljIjp0cnVlLCJjb250ZW50IjoicG9zdF9saW5rX3VybF9wYWdlIiwic2V0dGluZ3MiOnsicG9zdF9pZCI6IjEzNDEifX0=@&#8221; button_text=&#8221;Socios&#8221; admin_label=&#8221;Button Partners&#8221; _builder_version=&#8221;4.19.4&#8243; _dynamic_attributes=&#8221;button_url&#8221; _module_preset=&#8221;default&#8221; custom_button=&#8221;on&#8221; button_text_color=&#8221;#FFFFFF&#8221; button_bg_color=&#8221;#B30200&#8243; button_border_radius=&#8221;100px&#8221; global_colors_info=&#8221;{}&#8221;][\/et_pb_button][\/et_pb_column][\/et_pb_row][\/et_pb_section]<\/p>\n","protected":false},"excerpt":{"rendered":"<p>Autismo, Biling\u00fcismo, Desarrollo Cognitivo y ComunicativoParticipar en un estudio sobre el impacto del biling\u00fcismo en el desarrollo cognitivo y comunicativo de ni\u00f1os con y sin autismoPRESENTACI\u00d3N DEL PROYECTOCONTEXTO Los padres de ni\u00f1os con Trastorno del Espectro Autista (TEA) suelen ser reacios a mantener un entorno biling\u00fce, ya que temen que el biling\u00fcismo pueda agravar las [&hellip;]<\/p>\n","protected":false},"author":3,"featured_media":0,"parent":0,"menu_order":0,"comment_status":"closed","ping_status":"closed","template":"","meta":{"_et_pb_use_builder":"on","_et_pb_old_content":"","_et_gb_content_width":""},"_links":{"self":[{"href":"https:\/\/projects.unifr.ch\/abccd\/wp-json\/wp\/v2\/pages\/1250"}],"collection":[{"href":"https:\/\/projects.unifr.ch\/abccd\/wp-json\/wp\/v2\/pages"}],"about":[{"href":"https:\/\/projects.unifr.ch\/abccd\/wp-json\/wp\/v2\/types\/page"}],"author":[{"embeddable":true,"href":"https:\/\/projects.unifr.ch\/abccd\/wp-json\/wp\/v2\/users\/3"}],"replies":[{"embeddable":true,"href":"https:\/\/projects.unifr.ch\/abccd\/wp-json\/wp\/v2\/comments?post=1250"}],"version-history":[{"count":12,"href":"https:\/\/projects.unifr.ch\/abccd\/wp-json\/wp\/v2\/pages\/1250\/revisions"}],"predecessor-version":[{"id":1613,"href":"https:\/\/projects.unifr.ch\/abccd\/wp-json\/wp\/v2\/pages\/1250\/revisions\/1613"}],"wp:attachment":[{"href":"https:\/\/projects.unifr.ch\/abccd\/wp-json\/wp\/v2\/media?parent=1250"}],"curies":[{"name":"wp","href":"https:\/\/api.w.org\/{rel}","templated":true}]}}