{"id":1294,"date":"2023-02-08T11:13:44","date_gmt":"2023-02-08T11:13:44","guid":{"rendered":"https:\/\/projects.unifr.ch\/abccd\/?page_id=1294"},"modified":"2023-03-24T10:58:06","modified_gmt":"2023-03-24T10:58:06","slug":"sp-project","status":"publish","type":"page","link":"https:\/\/projects.unifr.ch\/abccd\/es\/sp-project\/","title":{"rendered":"SP-Project"},"content":{"rendered":"<p>[et_pb_section fb_built=&#8221;1&#8243; _builder_version=&#8221;4.19.4&#8243; _module_preset=&#8221;default&#8221; global_colors_info=&#8221;{}&#8221;][et_pb_row _builder_version=&#8221;4.19.4&#8243; _module_preset=&#8221;default&#8221; global_colors_info=&#8221;{}&#8221;][et_pb_column type=&#8221;4_4&#8243; _builder_version=&#8221;4.19.4&#8243; _module_preset=&#8221;default&#8221; global_colors_info=&#8221;{}&#8221;][et_pb_text _builder_version=&#8221;4.19.4&#8243; _module_preset=&#8221;default&#8221; header_font=&#8221;Open Sans|700|||||||&#8221; header_text_color=&#8221;#043D52&#8243; header_font_size=&#8221;40px&#8221; header_2_font=&#8221;Open Sans|700|||||||&#8221; header_2_text_color=&#8221;#043D52&#8243; global_colors_info=&#8221;{}&#8221;]<\/p>\n<h1>El proyecto del ABCCD<\/h1>\n<p>[\/et_pb_text][et_pb_text _builder_version=&#8221;4.19.4&#8243; _module_preset=&#8221;default&#8221; header_2_font=&#8221;Open Sans|700|||||||&#8221; header_2_text_color=&#8221;#043D52&#8243; header_4_font=&#8221;|700|||||||&#8221; header_4_text_color=&#8221;#B30200&#8243; global_colors_info=&#8221;{}&#8221;]<\/p>\n<div class=\"et_pb_module et_pb_text et_pb_text_0  et_pb_text_align_left et_pb_bg_layout_light\">\n<div class=\"et_pb_text_inner\">\n<h4>Autismo, Biling\u00fcismo, Desarrollo Cognitivo y Comunicativo<\/h4>\n<\/div>\n<\/div>\n<p>[\/et_pb_text][\/et_pb_column][\/et_pb_row][et_pb_row column_structure=&#8221;1_3,2_3&#8243; _builder_version=&#8221;4.19.4&#8243; _module_preset=&#8221;default&#8221; global_colors_info=&#8221;{}&#8221;][et_pb_column type=&#8221;1_3&#8243; _builder_version=&#8221;4.19.4&#8243; _module_preset=&#8221;default&#8221; global_colors_info=&#8221;{}&#8221;][et_pb_image src=&#8221;https:\/\/projects.unifr.ch\/abccd\/wp-content\/uploads\/2023\/01\/undraw_chat.svg&#8221; alt=&#8221;ABCCD background&#8221; title_text=&#8221;undraw_chat&#8221; force_fullwidth=&#8221;on&#8221; _builder_version=&#8221;4.19.4&#8243; _module_preset=&#8221;default&#8221; animation_style=&#8221;fade&#8221; global_colors_info=&#8221;{}&#8221;][\/et_pb_image][\/et_pb_column][et_pb_column type=&#8221;2_3&#8243; _builder_version=&#8221;4.19.4&#8243; _module_preset=&#8221;default&#8221; global_colors_info=&#8221;{}&#8221;][et_pb_text admin_label=&#8221;Project description&#8221; _builder_version=&#8221;4.19.4&#8243; _module_preset=&#8221;default&#8221; header_3_font=&#8221;Open Sans|700|||||||&#8221; header_3_text_color=&#8221;#B30200&#8243; hover_enabled=&#8221;0&#8243; global_colors_info=&#8221;{}&#8221; sticky_enabled=&#8221;0&#8243;]<\/p>\n<h3 style=\"text-align: justify;\">Contexto<\/h3>\n<p style=\"text-align: left;\">Un n\u00famero considerable de padres de ni\u00f1os con Trastorno del Espectro Autista (TEA) son reacios a mantener un entorno biling\u00fce, ya que temen que el biling\u00fcismo pueda exacerbar las dificultades ling\u00fc\u00edsticas. Sin embargo, estudios preliminares sugieren <strong>que ser biling\u00fce o multiling\u00fce puede ser beneficioso para los ni\u00f1os\/ni\u00f1as con TEA<\/strong> en algunas \u00e1reas que suelen ser dif\u00edciles para estos ni\u00f1os, como la comunicaci\u00f3n y la cognici\u00f3n. Los primeros resultados parecen muy alentadores y deben probarse a mayor escala, que es lo que pretendemos hacer en nuestro estudio actual.<\/p>\n<p>[\/et_pb_text][\/et_pb_column][\/et_pb_row][et_pb_row column_structure=&#8221;1_3,2_3&#8243; _builder_version=&#8221;4.19.4&#8243; _module_preset=&#8221;default&#8221; global_colors_info=&#8221;{}&#8221;][et_pb_column type=&#8221;1_3&#8243; _builder_version=&#8221;4.19.4&#8243; _module_preset=&#8221;default&#8221; global_colors_info=&#8221;{}&#8221;][et_pb_image src=&#8221;https:\/\/projects.unifr.ch\/abccd\/wp-content\/uploads\/2023\/01\/undraw_goals.svg&#8221; alt=&#8221;image project description&#8221; title_text=&#8221;undraw_goals&#8221; force_fullwidth=&#8221;on&#8221; _builder_version=&#8221;4.19.4&#8243; _module_preset=&#8221;default&#8221; animation_style=&#8221;fade&#8221; global_colors_info=&#8221;{}&#8221;][\/et_pb_image][\/et_pb_column][et_pb_column type=&#8221;2_3&#8243; _builder_version=&#8221;4.19.4&#8243; _module_preset=&#8221;default&#8221; global_colors_info=&#8221;{}&#8221;][et_pb_text admin_label=&#8221;Project description&#8221; _builder_version=&#8221;4.19.4&#8243; _module_preset=&#8221;default&#8221; header_3_font=&#8221;Open Sans|700|||||||&#8221; header_3_text_color=&#8221;#B30200&#8243; hover_enabled=&#8221;0&#8243; global_colors_info=&#8221;{}&#8221; sticky_enabled=&#8221;0&#8243;]<\/p>\n<h3>Descripci\u00f3n del proyecto<\/h3>\n<p style=\"text-align: left;\">El equipo de investigaci\u00f3n del ABCCD pretende averiguar <strong>si el biling\u00fcismo puede ser beneficioso para el desarrollo de la cognici\u00f3n y la comunicaci\u00f3n en ni\u00f1os\/ni\u00f1as con y sin autismo<\/strong>. Llevaremos a cabo un estudio longitudinal a gran escala en el que participar\u00e1n diferentes colaboraciones internacionales. Nuestro proyecto durar\u00e1 2 a\u00f1os, tendr\u00e1 lugar en Suiza, Europa y Norteam\u00e9rica y pondr\u00e1 a prueba a unos 300 ni\u00f1os\/ni\u00f1as a trav\u00e9s de actividades l\u00fadicas en tabletas y ordenadores, con juegos disponibles en 5 idiomas: franc\u00e9s, ingl\u00e9s, alem\u00e1n, italiano y espa\u00f1ol.<\/p>\n<p>[\/et_pb_text][\/et_pb_column][\/et_pb_row][et_pb_row column_structure=&#8221;1_3,2_3&#8243; _builder_version=&#8221;4.19.4&#8243; _module_preset=&#8221;default&#8221; global_colors_info=&#8221;{}&#8221;][et_pb_column type=&#8221;1_3&#8243; _builder_version=&#8221;4.19.4&#8243; _module_preset=&#8221;default&#8221; global_colors_info=&#8221;{}&#8221;][et_pb_image src=&#8221;https:\/\/projects.unifr.ch\/abccd\/wp-content\/uploads\/2023\/01\/undraw_checklist.svg&#8221; title_text=&#8221;undraw_checklist&#8221; _builder_version=&#8221;4.19.4&#8243; _module_preset=&#8221;default&#8221; global_colors_info=&#8221;{}&#8221;][\/et_pb_image][\/et_pb_column][et_pb_column type=&#8221;2_3&#8243; _builder_version=&#8221;4.19.4&#8243; _module_preset=&#8221;default&#8221; global_colors_info=&#8221;{}&#8221;][et_pb_text admin_label=&#8221;Objectives&#8221; _builder_version=&#8221;4.19.4&#8243; _module_preset=&#8221;default&#8221; header_3_font=&#8221;Open Sans|700|||||||&#8221; header_3_text_color=&#8221;#B30200&#8243; hover_enabled=&#8221;0&#8243; global_colors_info=&#8221;{}&#8221; sticky_enabled=&#8221;0&#8243;]<\/p>\n<h3><span>Objetivos<\/span><\/h3>\n<p style=\"text-align: left;\"><span>En diferentes tareas, se evaluar\u00e1n las capacidades cognitivas (por ejemplo, la teor\u00eda de la mente y las funciones ejecutivas) y comunicativas (por ejemplo, el uso y comprensi\u00f3n de gestos y las habilidades metaling\u00fc\u00edsticas) tanto de <strong>ni\u00f1os\/ni\u00f1as biling\u00fces y monoling\u00fces con TEA como de ni\u00f1os\/ni\u00f1as con desarrollo t\u00edpico biling\u00fces y monoling\u00fces<\/strong>. De este modo, pretendemos comprender qu\u00e9 habilidades se ven afectadas negativamente por el autismo y cu\u00e1les pueden verse potenciadas por el biling\u00fcismo.<\/span><\/p>\n<p>[\/et_pb_text][\/et_pb_column][\/et_pb_row][et_pb_row column_structure=&#8221;1_3,2_3&#8243; _builder_version=&#8221;4.19.4&#8243; _module_preset=&#8221;default&#8221; global_colors_info=&#8221;{}&#8221;][et_pb_column type=&#8221;1_3&#8243; _builder_version=&#8221;4.19.4&#8243; _module_preset=&#8221;default&#8221; global_colors_info=&#8221;{}&#8221;][et_pb_image src=&#8221;https:\/\/projects.unifr.ch\/abccd\/wp-content\/uploads\/2023\/01\/project_completed.svg&#8221; alt=&#8221;image project_completed&#8221; title_text=&#8221;project_completed&#8221; _builder_version=&#8221;4.19.4&#8243; _module_preset=&#8221;default&#8221; global_colors_info=&#8221;{}&#8221;][\/et_pb_image][\/et_pb_column][et_pb_column type=&#8221;2_3&#8243; _builder_version=&#8221;4.19.4&#8243; _module_preset=&#8221;default&#8221; global_colors_info=&#8221;{}&#8221;][et_pb_text admin_label=&#8221;Objectives&#8221; _builder_version=&#8221;4.19.4&#8243; _module_preset=&#8221;default&#8221; header_3_font=&#8221;Open Sans|700|||||||&#8221; header_3_text_color=&#8221;#B30200&#8243; hover_enabled=&#8221;0&#8243; global_colors_info=&#8221;{}&#8221; sticky_enabled=&#8221;0&#8243;]<\/p>\n<h3 style=\"text-align: justify;\"><span>Calendario<\/span><\/h3>\n<p style=\"text-align: left;\">Actualmente se est\u00e1 llevando a cabo el reclutamiento de participantes. Entre marzo y agosto de 2023 se pondr\u00e1 en marcha una primera fase de pruebas para todos los ni\u00f1os. Un a\u00f1o despu\u00e9s, en 2024, se llevar\u00e1 a cabo una segunda fase de pruebas para ver c\u00f3mo evoluciona el rendimiento con el tiempo.<\/p>\n<p>[\/et_pb_text][\/et_pb_column][\/et_pb_row][et_pb_row column_structure=&#8221;1_3,2_3&#8243; _builder_version=&#8221;4.19.4&#8243; _module_preset=&#8221;default&#8221; global_colors_info=&#8221;{}&#8221;][et_pb_column type=&#8221;1_3&#8243; _builder_version=&#8221;4.19.4&#8243; _module_preset=&#8221;default&#8221; global_colors_info=&#8221;{}&#8221;][et_pb_image src=&#8221;https:\/\/projects.unifr.ch\/abccd\/wp-content\/uploads\/2023\/01\/agreement.svg&#8221; alt=&#8221;image agreement&#8221; title_text=&#8221;agreement&#8221; _builder_version=&#8221;4.19.4&#8243; _module_preset=&#8221;default&#8221; global_colors_info=&#8221;{}&#8221;][\/et_pb_image][\/et_pb_column][et_pb_column type=&#8221;2_3&#8243; _builder_version=&#8221;4.19.4&#8243; _module_preset=&#8221;default&#8221; global_colors_info=&#8221;{}&#8221;][et_pb_text admin_label=&#8221;Objectives&#8221; _builder_version=&#8221;4.19.4&#8243; _module_preset=&#8221;default&#8221; header_3_font=&#8221;Open Sans|700|||||||&#8221; header_3_text_color=&#8221;#B30200&#8243; hover_enabled=&#8221;0&#8243; global_colors_info=&#8221;{}&#8221; sticky_enabled=&#8221;0&#8243;]<\/p>\n<h3><span>Asociaciones y colaboraciones<\/span><\/h3>\n<p style=\"text-align: left;\">Se han establecido diferentes colaboraciones con otras universidades e instituciones para llegar a un n\u00famero considerable de participantes.<\/p>\n<p>[\/et_pb_text][\/et_pb_column][\/et_pb_row][et_pb_row column_structure=&#8221;1_3,2_3&#8243; _builder_version=&#8221;4.19.4&#8243; _module_preset=&#8221;default&#8221; global_colors_info=&#8221;{}&#8221;][et_pb_column type=&#8221;1_3&#8243; _builder_version=&#8221;4.19.4&#8243; _module_preset=&#8221;default&#8221; global_colors_info=&#8221;{}&#8221;][et_pb_image src=&#8221;https:\/\/projects.unifr.ch\/abccd\/wp-content\/uploads\/2023\/01\/undraw_environmental_study.svg&#8221; title_text=&#8221;undraw_environmental_study&#8221; _builder_version=&#8221;4.19.4&#8243; _module_preset=&#8221;default&#8221; global_colors_info=&#8221;{}&#8221;][\/et_pb_image][\/et_pb_column][et_pb_column type=&#8221;2_3&#8243; _builder_version=&#8221;4.19.4&#8243; _module_preset=&#8221;default&#8221; global_colors_info=&#8221;{}&#8221;][et_pb_text admin_label=&#8221;Scientific implications&#8221; _builder_version=&#8221;4.19.4&#8243; _module_preset=&#8221;default&#8221; header_3_font=&#8221;Open Sans|700|||||||&#8221; header_3_text_color=&#8221;#B30200&#8243; global_colors_info=&#8221;{}&#8221;]<\/p>\n<h3><span><strong>Implicaciones cient\u00edficas y sociales<\/strong><\/span><\/h3>\n<p>Los hallazgos del ABCCD prometen tener implicaciones tanto te\u00f3ricas como pr\u00e1cticas. Por ejemplo, pueden ayudarnos a comprender mejor c\u00f3mo la experiencia moldea la mente y a crear pol\u00edticas ling\u00fc\u00edsticas basadas en pruebas para la comunidad autista.<\/p>\n<p>[\/et_pb_text][\/et_pb_column][\/et_pb_row][et_pb_row column_structure=&#8221;3_5,2_5&#8243; make_equal=&#8221;on&#8221; admin_label=&#8221;Participate Module&#8221; _builder_version=&#8221;4.19.4&#8243; _module_preset=&#8221;default&#8221; background_color=&#8221;#043D52&#8243; custom_margin=&#8221;||1em||false|false&#8221; custom_padding=&#8221;2em|2em|2em|2em|true|true&#8221; custom_css_main_element=&#8221;align-items:center;&#8221; global_colors_info=&#8221;{}&#8221;][et_pb_column type=&#8221;3_5&#8243; _builder_version=&#8221;4.19.4&#8243; _module_preset=&#8221;default&#8221; global_colors_info=&#8221;{}&#8221;][et_pb_text admin_label=&#8221;Participation&#8221; _builder_version=&#8221;4.19.4&#8243; _module_preset=&#8221;default&#8221; text_text_color=&#8221;#FFFFFF&#8221; header_4_font=&#8221;Open Sans|700|||||||&#8221; header_4_text_color=&#8221;#FFFFFF&#8221; header_4_line_height=&#8221;1.6em&#8221; custom_css_main_element=&#8221;margin:auto;&#8221; global_colors_info=&#8221;{}&#8221;]<\/p>\n<div class=\"wp-block-column\" style=\"flex-basis: 66.66%;\">\n<h4>Si desea participar en este estudio, rellene nuestro formulario de inscripci\u00f3n o p\u00f3ngase en contacto con nosotros por correo electr\u00f3nico o tel\u00e9fono.<\/h4>\n<\/div>\n<p>[\/et_pb_text][\/et_pb_column][et_pb_column type=&#8221;2_5&#8243; _builder_version=&#8221;4.19.4&#8243; _module_preset=&#8221;default&#8221; global_colors_info=&#8221;{}&#8221;][et_pb_button button_url=&#8221;@ET-DC@eyJkeW5hbWljIjp0cnVlLCJjb250ZW50IjoicG9zdF9saW5rX3VybF9wYWdlIiwic2V0dGluZ3MiOnsicG9zdF9pZCI6IjMxMCJ9fQ==@&#8221; button_text=&#8221;Quiero participar&#8221; admin_label=&#8221;Button Registration Page&#8221; _builder_version=&#8221;4.19.4&#8243; _dynamic_attributes=&#8221;button_url&#8221; _module_preset=&#8221;default&#8221; custom_button=&#8221;on&#8221; button_text_color=&#8221;#FFFFFF&#8221; button_bg_color=&#8221;#B30200&#8243; button_border_radius=&#8221;100px&#8221; custom_css_main_element=&#8221;margin:auto;&#8221; global_colors_info=&#8221;{}&#8221;][\/et_pb_button][\/et_pb_column][\/et_pb_row][\/et_pb_section]<\/p>\n","protected":false},"excerpt":{"rendered":"<p>El proyecto del ABCCD Autismo, Biling\u00fcismo, Desarrollo Cognitivo y Comunicativo Contexto Un n\u00famero considerable de padres de ni\u00f1os con Trastorno del Espectro Autista (TEA) son reacios a mantener un entorno biling\u00fce, ya que temen que el biling\u00fcismo pueda exacerbar las dificultades ling\u00fc\u00edsticas. Sin embargo, estudios preliminares sugieren que ser biling\u00fce o multiling\u00fce puede ser beneficioso [&hellip;]<\/p>\n","protected":false},"author":3,"featured_media":0,"parent":0,"menu_order":0,"comment_status":"closed","ping_status":"closed","template":"","meta":{"_et_pb_use_builder":"on","_et_pb_old_content":"","_et_gb_content_width":""},"_links":{"self":[{"href":"https:\/\/projects.unifr.ch\/abccd\/wp-json\/wp\/v2\/pages\/1294"}],"collection":[{"href":"https:\/\/projects.unifr.ch\/abccd\/wp-json\/wp\/v2\/pages"}],"about":[{"href":"https:\/\/projects.unifr.ch\/abccd\/wp-json\/wp\/v2\/types\/page"}],"author":[{"embeddable":true,"href":"https:\/\/projects.unifr.ch\/abccd\/wp-json\/wp\/v2\/users\/3"}],"replies":[{"embeddable":true,"href":"https:\/\/projects.unifr.ch\/abccd\/wp-json\/wp\/v2\/comments?post=1294"}],"version-history":[{"count":5,"href":"https:\/\/projects.unifr.ch\/abccd\/wp-json\/wp\/v2\/pages\/1294\/revisions"}],"predecessor-version":[{"id":1607,"href":"https:\/\/projects.unifr.ch\/abccd\/wp-json\/wp\/v2\/pages\/1294\/revisions\/1607"}],"wp:attachment":[{"href":"https:\/\/projects.unifr.ch\/abccd\/wp-json\/wp\/v2\/media?parent=1294"}],"curies":[{"name":"wp","href":"https:\/\/api.w.org\/{rel}","templated":true}]}}