{"id":1301,"date":"2023-02-08T11:25:30","date_gmt":"2023-02-08T11:25:30","guid":{"rendered":"https:\/\/projects.unifr.ch\/abccd\/?page_id=1301"},"modified":"2024-06-01T09:35:35","modified_gmt":"2024-06-01T09:35:35","slug":"fr-partners","status":"publish","type":"page","link":"https:\/\/projects.unifr.ch\/abccd\/fr\/fr-partners\/","title":{"rendered":"FR-Partners"},"content":{"rendered":"<p>[et_pb_section fb_built=&#8221;1&#8243; admin_label=&#8221;section&#8221; _builder_version=&#8221;4.16&#8243; saved_tabs=&#8221;all&#8221; global_colors_info=&#8221;{}&#8221;][et_pb_row admin_label=&#8221;row&#8221; _builder_version=&#8221;4.19.4&#8243; background_size=&#8221;initial&#8221; background_position=&#8221;top_left&#8221; background_repeat=&#8221;repeat&#8221; custom_margin=&#8221;||||false|false&#8221; custom_padding=&#8221;||||false|false&#8221; global_colors_info=&#8221;{}&#8221;][et_pb_column type=&#8221;4_4&#8243; _builder_version=&#8221;4.16&#8243; custom_padding=&#8221;|||&#8221; global_colors_info=&#8221;{}&#8221; custom_padding__hover=&#8221;|||&#8221;][et_pb_text admin_label=&#8221;Page Title&#8221; _builder_version=&#8221;4.19.4&#8243; _module_preset=&#8221;default&#8221; header_font=&#8221;Open Sans|700|||||||&#8221; header_text_color=&#8221;#043D52&#8243; header_font_size=&#8221;40px&#8221; header_2_font=&#8221;Open Sans|700|||||||&#8221; header_2_text_color=&#8221;#043D52&#8243; global_colors_info=&#8221;{}&#8221;]<\/p>\n<h1>Partenariats et collaborations<\/h1>\n<p>[\/et_pb_text][\/et_pb_column][\/et_pb_row][et_pb_row column_structure=&#8221;1_3,1_3,1_3&#8243; _builder_version=&#8221;4.19.4&#8243; _module_preset=&#8221;default&#8221; global_colors_info=&#8221;{}&#8221;][et_pb_column type=&#8221;1_3&#8243; _builder_version=&#8221;4.19.4&#8243; _module_preset=&#8221;default&#8221; global_colors_info=&#8221;{}&#8221;][et_pb_blurb image=&#8221;https:\/\/projects.unifr.ch\/abccd\/wp-content\/uploads\/2023\/01\/ABCCD-_0012_logo-SNSF.jpg&#8221; alt=&#8221;ABCCD-_0012_logo-SNSF&#8221; admin_label=&#8221;SNF&#8221; _builder_version=&#8221;4.19.4&#8243; _module_preset=&#8221;default&#8221; global_colors_info=&#8221;{}&#8221;]<\/p>\n<p>Le Fonds National Suisse pour la recherche, mandat\u00e9 par le Gouvernement F\u00e9d\u00e9ral Suisse est une organisation suisse visant \u00e0 promouvoir et soutenir la recherche scientifique dans toutes les disciplines acad\u00e9miques. La pr\u00e9sente \u00e9tude est enti\u00e8rement soutenue par la SNSF.<\/p>\n<p>[\/et_pb_blurb][\/et_pb_column][et_pb_column type=&#8221;1_3&#8243; _builder_version=&#8221;4.19.4&#8243; _module_preset=&#8221;default&#8221; global_colors_info=&#8221;{}&#8221;][et_pb_blurb image=&#8221;https:\/\/projects.unifr.ch\/abccd\/wp-content\/uploads\/2023\/01\/ABCCD-_0006_logo-unifr.jpg&#8221; alt=&#8221;ABCCD-_0006_logo-unifr&#8221; admin_label=&#8221;UNIFR&#8221; _builder_version=&#8221;4.19.4&#8243; _module_preset=&#8221;default&#8221; global_colors_info=&#8221;{}&#8221;]<\/p>\n<p>L&#8217;\u00e9quipe ABCCD est situ\u00e9e \u00e0 la Facult\u00e9 des Sciences et de m\u00e9decine de l&#8217;Universit\u00e9 de Fribourg. L&#8217;Universit\u00e9 de Fribourg (UniFR) a \u00e9t\u00e9 fond\u00e9e en 1989 et a la sp\u00e9cificit\u00e9 d&#8217;\u00eatre une universit\u00e9 bilingue, offrant des cursus d&#8217;\u00e9tude simultan\u00e9s en fran\u00e7ais et en allemand.\u00a0<\/p>\n<p>[\/et_pb_blurb][\/et_pb_column][et_pb_column type=&#8221;1_3&#8243; _builder_version=&#8221;4.19.4&#8243; _module_preset=&#8221;default&#8221; global_colors_info=&#8221;{}&#8221;][et_pb_blurb image=&#8221;https:\/\/projects.unifr.ch\/abccd\/wp-content\/uploads\/2023\/01\/ABCCD-_0009_logo-humantech.jpg&#8221; alt=&#8221;ABCCD-_0009_logo-humantech&#8221; admin_label=&#8221;Hum&#8221; _builder_version=&#8221;4.19.4&#8243; _module_preset=&#8221;default&#8221; global_colors_info=&#8221;{}&#8221;]<\/p>\n<p>Afin de pouvoir tester les participant\u00b7e\u00b7s de la mani\u00e8re la plus ad\u00e9quate et ludique possible, l&#8217;\u00e9quipe ABCCD a d\u00e9velopp\u00e9, en collaboration avec la HumanTech de l&#8217;HEIA-FR, des activit\u00e9s vari\u00e9es au sein d&#8217;un jeu en 3D pouvant \u00eatre utilis\u00e9 sur tablette tactile. HumanTech est une institution promouvant la recherche dans diff\u00e9rents domaines se focalisant sur la qualit\u00e9 de vie et le bien-\u00eatre des humains, et propose diverses solutions innovatives et de d\u00e9veloppements technologiques.<\/p>\n<p>[\/et_pb_blurb][\/et_pb_column][\/et_pb_row][et_pb_row _builder_version=&#8221;4.19.4&#8243; _module_preset=&#8221;default&#8221; global_colors_info=&#8221;{}&#8221;][et_pb_column type=&#8221;4_4&#8243; _builder_version=&#8221;4.19.4&#8243; _module_preset=&#8221;default&#8221; global_colors_info=&#8221;{}&#8221;][et_pb_text _builder_version=&#8221;4.19.4&#8243; _module_preset=&#8221;default&#8221; header_3_font=&#8221;Open Sans|700|||||||&#8221; header_3_text_color=&#8221;#043D52&#8243; global_colors_info=&#8221;{}&#8221;]<\/p>\n<h3>En collaboration avec<\/h3>\n<p>[\/et_pb_text][et_pb_text _builder_version=&#8221;4.19.4&#8243; _module_preset=&#8221;default&#8221; global_colors_info=&#8221;{}&#8221;]<\/p>\n<p>Cette \u00e9tude ne pourrait avoir lieu sans l&#8217;aide de collaborateurs et collaboratrices externes en Suisse et \u00e0 l&#8217;\u00e9tranger. Nous remercions chaleureusement les \u00e9quipes, \u00e9tudiant\u00b7e\u00b7s et stagiaires impliqu\u00e9\u00b7e\u00b7s dans cette \u00e9tude!\u00a0<\/p>\n<p><span>Un merci particulier aux participant\u00b7e\u00b7s, parents, enseignant\u00b7e\u00b7s et th\u00e9rapeutes qui nous ont accord\u00e9 leur temps et ont manifest\u00e9 leur volont\u00e9 de prendre part \u00e0 ce projet de recherche.\u00a0<\/span><\/p>\n<p>[\/et_pb_text][\/et_pb_column][\/et_pb_row][et_pb_row column_structure=&#8221;1_3,1_3,1_3&#8243; _builder_version=&#8221;4.19.4&#8243; _module_preset=&#8221;default&#8221; global_colors_info=&#8221;{}&#8221;][et_pb_column type=&#8221;1_3&#8243; _builder_version=&#8221;4.19.4&#8243; _module_preset=&#8221;default&#8221; global_colors_info=&#8221;{}&#8221;][et_pb_image src=&#8221;https:\/\/projects.unifr.ch\/abccd\/wp-content\/uploads\/2023\/01\/ABCCD-_0010_logo-supsi.jpg&#8221; alt=&#8221;ABCCD-_0010_logo-supsi&#8221; title_text=&#8221;ABCCD-_0010_logo-supsi&#8221; _builder_version=&#8221;4.19.4&#8243; _module_preset=&#8221;default&#8221; global_colors_info=&#8221;{}&#8221;][\/et_pb_image][\/et_pb_column][et_pb_column type=&#8221;1_3&#8243; _builder_version=&#8221;4.19.4&#8243; _module_preset=&#8221;default&#8221; global_colors_info=&#8221;{}&#8221;][et_pb_image src=&#8221;https:\/\/projects.unifr.ch\/abccd\/wp-content\/uploads\/2023\/01\/ABCCD-_0003_Logo-zuerich.jpg&#8221; alt=&#8221;ABCCD-_0003_Logo-zuerich&#8221; title_text=&#8221;ABCCD-_0003_Logo-zuerich&#8221; _builder_version=&#8221;4.19.4&#8243; _module_preset=&#8221;default&#8221; global_colors_info=&#8221;{}&#8221;][\/et_pb_image][\/et_pb_column][et_pb_column type=&#8221;1_3&#8243; _builder_version=&#8221;4.19.4&#8243; _module_preset=&#8221;default&#8221; global_colors_info=&#8221;{}&#8221;][et_pb_image src=&#8221;https:\/\/projects.unifr.ch\/abccd\/wp-content\/uploads\/2023\/01\/ABCCD-_0013_logo-HETSL.jpg&#8221; alt=&#8221;ABCCD-_0013_logo-HETSL&#8221; title_text=&#8221;ABCCD-_0013_logo-HETSL&#8221; _builder_version=&#8221;4.19.4&#8243; _module_preset=&#8221;default&#8221; global_colors_info=&#8221;{}&#8221;][\/et_pb_image][\/et_pb_column][\/et_pb_row][et_pb_row column_structure=&#8221;1_3,1_3,1_3&#8243; _builder_version=&#8221;4.19.4&#8243; _module_preset=&#8221;default&#8221; global_colors_info=&#8221;{}&#8221;][et_pb_column type=&#8221;1_3&#8243; _builder_version=&#8221;4.19.4&#8243; _module_preset=&#8221;default&#8221; global_colors_info=&#8221;{}&#8221;][et_pb_image src=&#8221;https:\/\/projects.unifr.ch\/abccd\/wp-content\/uploads\/2023\/01\/ABCCD-_0011_logo-uni-connecticut.jpg&#8221; alt=&#8221;ABCCD-_0011_logo-uni-connecticut&#8221; title_text=&#8221;ABCCD-_0011_logo-uni-connecticut&#8221; _builder_version=&#8221;4.19.4&#8243; _module_preset=&#8221;default&#8221; global_colors_info=&#8221;{}&#8221;][\/et_pb_image][\/et_pb_column][et_pb_column type=&#8221;1_3&#8243; _builder_version=&#8221;4.19.4&#8243; _module_preset=&#8221;default&#8221; global_colors_info=&#8221;{}&#8221;][et_pb_image src=&#8221;https:\/\/projects.unifr.ch\/abccd\/wp-content\/uploads\/2023\/01\/ABCCD-_0004_logo-sorbonne.jpg&#8221; alt=&#8221;ABCCD-_0004_logo-sorbonne&#8221; title_text=&#8221;ABCCD-_0004_logo-sorbonne&#8221; _builder_version=&#8221;4.19.4&#8243; _module_preset=&#8221;default&#8221; global_colors_info=&#8221;{}&#8221;][\/et_pb_image][\/et_pb_column][et_pb_column type=&#8221;1_3&#8243; _builder_version=&#8221;4.19.4&#8243; _module_preset=&#8221;default&#8221; global_colors_info=&#8221;{}&#8221;][et_pb_image src=&#8221;https:\/\/projects.unifr.ch\/abccd\/wp-content\/uploads\/2023\/01\/ABCCD-_0005_logo-konstanz.jpg&#8221; alt=&#8221;ABCCD-_0005_logo-konstanz&#8221; title_text=&#8221;ABCCD-_0005_logo-konstanz&#8221; _builder_version=&#8221;4.19.4&#8243; _module_preset=&#8221;default&#8221; global_colors_info=&#8221;{}&#8221;][\/et_pb_image][\/et_pb_column][\/et_pb_row][et_pb_row column_structure=&#8221;1_3,1_3,1_3&#8243; _builder_version=&#8221;4.19.4&#8243; _module_preset=&#8221;default&#8221; global_colors_info=&#8221;{}&#8221;][et_pb_column type=&#8221;1_3&#8243; _builder_version=&#8221;4.19.4&#8243; _module_preset=&#8221;default&#8221; global_colors_info=&#8221;{}&#8221;][et_pb_image src=&#8221;https:\/\/projects.unifr.ch\/abccd\/wp-content\/uploads\/2023\/01\/ABCCD-_0008_logo-heidelberg.jpg&#8221; alt=&#8221;ABCCD-_0008_logo-heidelberg&#8221; title_text=&#8221;ABCCD-_0008_logo-heidelberg&#8221; _builder_version=&#8221;4.19.4&#8243; _module_preset=&#8221;default&#8221; global_colors_info=&#8221;{}&#8221;][\/et_pb_image][\/et_pb_column][et_pb_column type=&#8221;1_3&#8243; _builder_version=&#8221;4.19.4&#8243; _module_preset=&#8221;default&#8221; global_colors_info=&#8221;{}&#8221;][et_pb_image src=&#8221;https:\/\/projects.unifr.ch\/abccd\/wp-content\/uploads\/2023\/01\/ABCCD-_0007_logo-barcelona.jpg&#8221; alt=&#8221;ABCCD-_0007_logo-barcelona&#8221; title_text=&#8221;ABCCD-_0007_logo-barcelona&#8221; _builder_version=&#8221;4.19.4&#8243; _module_preset=&#8221;default&#8221; global_colors_info=&#8221;{}&#8221;][\/et_pb_image][\/et_pb_column][et_pb_column type=&#8221;1_3&#8243; _builder_version=&#8221;4.19.4&#8243; _module_preset=&#8221;default&#8221; global_colors_info=&#8221;{}&#8221;][et_pb_image src=&#8221;https:\/\/projects.unifr.ch\/abccd\/wp-content\/uploads\/2023\/01\/ABCCD-_0001_logo-eikon.jpg&#8221; alt=&#8221;ABCCD-_0001_logo-eikon&#8221; title_text=&#8221;ABCCD-_0001_logo-eikon&#8221; _builder_version=&#8221;4.19.4&#8243; _module_preset=&#8221;default&#8221; global_colors_info=&#8221;{}&#8221;][\/et_pb_image][\/et_pb_column][\/et_pb_row][et_pb_row column_structure=&#8221;1_3,1_3,1_3&#8243; _builder_version=&#8221;4.19.4&#8243; _module_preset=&#8221;default&#8221; global_colors_info=&#8221;{}&#8221;][et_pb_column type=&#8221;1_3&#8243; _builder_version=&#8221;4.19.4&#8243; _module_preset=&#8221;default&#8221; global_colors_info=&#8221;{}&#8221;][et_pb_image src=&#8221;https:\/\/projects.unifr.ch\/abccd\/wp-content\/uploads\/2023\/01\/ABCCD-logo-fcbg.jpg&#8221; alt=&#8221;ABCCD-logo-fcbg&#8221; title_text=&#8221;ABCCD-_0008_logo-heidelberg&#8221; _builder_version=&#8221;4.19.4&#8243; _module_preset=&#8221;default&#8221; global_colors_info=&#8221;{}&#8221;][\/et_pb_image][\/et_pb_column][et_pb_column type=&#8221;1_3&#8243; _builder_version=&#8221;4.19.4&#8243; _module_preset=&#8221;default&#8221; global_colors_info=&#8221;{}&#8221;][et_pb_image src=&#8221;https:\/\/projects.unifr.ch\/abccd\/wp-content\/uploads\/2024\/06\/logo-mcgill-final.jpg&#8221; _builder_version=&#8221;4.21.0&#8243; _module_preset=&#8221;default&#8221;][\/et_pb_image][\/et_pb_column][et_pb_column type=&#8221;1_3&#8243; _builder_version=&#8221;4.19.4&#8243; _module_preset=&#8221;default&#8221; global_colors_info=&#8221;{}&#8221;][\/et_pb_column][\/et_pb_row][et_pb_row _builder_version=&#8221;4.19.4&#8243; _module_preset=&#8221;default&#8221; global_colors_info=&#8221;{}&#8221;][et_pb_column type=&#8221;4_4&#8243; _builder_version=&#8221;4.19.4&#8243; _module_preset=&#8221;default&#8221; global_colors_info=&#8221;{}&#8221;][et_pb_text _builder_version=&#8221;4.19.4&#8243; _module_preset=&#8221;default&#8221; header_3_font=&#8221;Open Sans|700|||||||&#8221; header_3_text_color=&#8221;#043D52&#8243; global_colors_info=&#8221;{}&#8221;]<\/p>\n<h3>Remerciements\u00a0<\/h3>\n<p>[\/et_pb_text][et_pb_text _builder_version=&#8221;4.19.4&#8243; _module_preset=&#8221;default&#8221; global_colors_info=&#8221;{}&#8221;]<\/p>\n<p>Nous remercions particuli\u00e8rement les personnes qui ont collabor\u00e9 avec nous sur diff\u00e9rentes \u00e9tapes du projet :<br \/>Florian Progin (MED-IT uniFR): enregistrements vid\u00e9os<br \/>Laurent Notaro (uniFR): enregistrements vid\u00e9os et audios<\/p>\n<p>Elisabet Vila (Universit\u00e9 de Barcelone) : traductions en espagnol<\/p>\n<p>[\/et_pb_text][\/et_pb_column][\/et_pb_row][\/et_pb_section]<\/p>\n","protected":false},"excerpt":{"rendered":"<p>Partenariats et collaborationsLe Fonds National Suisse pour la recherche, mandat\u00e9 par le Gouvernement F\u00e9d\u00e9ral Suisse est une organisation suisse visant \u00e0 promouvoir et soutenir la recherche scientifique dans toutes les disciplines acad\u00e9miques. La pr\u00e9sente \u00e9tude est enti\u00e8rement soutenue par la SNSF.L&#8217;\u00e9quipe ABCCD est situ\u00e9e \u00e0 la Facult\u00e9 des Sciences et de m\u00e9decine de l&#8217;Universit\u00e9 de [&hellip;]<\/p>\n","protected":false},"author":3,"featured_media":0,"parent":0,"menu_order":0,"comment_status":"closed","ping_status":"closed","template":"","meta":{"_et_pb_use_builder":"on","_et_pb_old_content":"<!-- wp:heading -->\n<h2>Partnership &amp; Collaborations<\/h2>\n<!-- \/wp:heading -->\n\n<!-- wp:columns {\"style\":{\"spacing\":{\"padding\":{\"top\":\"20px\",\"bottom\":\"20px\"}}}} -->\n<div class=\"wp-block-columns\" style=\"padding-top:20px;padding-bottom:20px\"><!-- wp:column -->\n<div class=\"wp-block-column\"><!-- wp:image {\"id\":127,\"sizeSlug\":\"large\",\"linkDestination\":\"custom\"} -->\n<figure class=\"wp-block-image size-large\"><a href=\"https:\/\/www.unifr.ch\/home\/en\/\"><img src=\"http:\/\/localhost:8888\/abccd\/wp-content\/uploads\/2022\/12\/Uni-FR-1024x698.png\" alt=\"\" class=\"wp-image-127\"\/><\/a><\/figure>\n<!-- \/wp:image -->\n\n<!-- wp:paragraph {\"fontSize\":\"small\"} -->\n<p class=\"has-small-font-size\">The ABCCD team is located at the Faculty of Science and Medicine from the University of Fribourg. The University of Fribourg (UniFR) has been founded in 1989 and has the specificity of being a bilingual university offering full curricula in both German and French.<\/p>\n<!-- \/wp:paragraph --><\/div>\n<!-- \/wp:column -->\n\n<!-- wp:column -->\n<div class=\"wp-block-column\"><!-- wp:image {\"id\":128,\"sizeSlug\":\"large\",\"linkDestination\":\"custom\"} -->\n<figure class=\"wp-block-image size-large\"><a href=\"https:\/\/www.snf.ch\/en\/\"><img src=\"http:\/\/localhost:8888\/abccd\/wp-content\/uploads\/2022\/12\/SNF-1024x264.png\" alt=\"logo SNF\" class=\"wp-image-128\"\/><\/a><\/figure>\n<!-- \/wp:image -->\n\n<!-- wp:paragraph {\"fontSize\":\"small\"} -->\n<p class=\"has-small-font-size\">The Swiss National Science Foundation, mandated by the Swiss Federal Government is a Swiss organization aiming at promoting and supporting research in science in all academic disciplines. Our current project is entirely supported by the SNSF.<\/p>\n<!-- \/wp:paragraph --><\/div>\n<!-- \/wp:column -->\n\n<!-- wp:column -->\n<div class=\"wp-block-column\"><!-- wp:image {\"id\":294,\"sizeSlug\":\"full\",\"linkDestination\":\"custom\"} -->\n<figure class=\"wp-block-image size-full\"><a href=\"https:\/\/www.unifr.ch\/home\/en\/\"><img src=\"http:\/\/localhost:8888\/abccd\/wp-content\/uploads\/2022\/12\/logo-humantech.png\" alt=\"\" class=\"wp-image-294\"\/><\/a><\/figure>\n<!-- \/wp:image -->\n\n<!-- wp:paragraph {\"fontSize\":\"small\"} -->\n<p class=\"has-small-font-size\">In order to test the participants accurately in a more playful manner, the ABCCD team developed, in collaboration with HumanTech from the HEIA-FR, various activities in a 3D game to be played on tablets.&nbsp;HumanTech is an institute carrying out research in various domains focusing on quality of life and well-being of humans, proposing various innovative solutions and technology development.<\/p>\n<!-- \/wp:paragraph --><\/div>\n<!-- \/wp:column --><\/div>\n<!-- \/wp:columns -->\n\n<!-- wp:heading -->\n<h2>In collaboration with<\/h2>\n<!-- \/wp:heading -->\n\n<!-- wp:paragraph -->\n<p>The study couldn\u2019t take place without the great help of our external collaborators in Switzerland as well as abroad. Many thanks to all the teams, students and interns involved in the study!<\/p>\n<!-- \/wp:paragraph -->\n\n<!-- wp:columns {\"style\":{\"spacing\":{\"margin\":{\"top\":\"0px\",\"bottom\":\"0px\"},\"padding\":{\"top\":\"20px\",\"bottom\":\"0px\"}}}} -->\n<div class=\"wp-block-columns\" style=\"margin-top:0px;margin-bottom:0px;padding-top:20px;padding-bottom:0px\"><!-- wp:column -->\n<div class=\"wp-block-column\"><!-- wp:image {\"id\":278,\"sizeSlug\":\"large\",\"linkDestination\":\"none\"} -->\n<figure class=\"wp-block-image size-large\"><img src=\"http:\/\/localhost:8888\/abccd\/wp-content\/uploads\/2022\/12\/logo-supsi-1024x576.png\" alt=\"\" class=\"wp-image-278\"\/><\/figure>\n<!-- \/wp:image --><\/div>\n<!-- \/wp:column -->\n\n<!-- wp:column -->\n<div class=\"wp-block-column\"><!-- wp:image {\"id\":277,\"sizeSlug\":\"full\",\"linkDestination\":\"none\"} -->\n<figure class=\"wp-block-image size-full\"><img src=\"http:\/\/localhost:8888\/abccd\/wp-content\/uploads\/2022\/12\/logo-uni-zuerich.png\" alt=\"\" class=\"wp-image-277\"\/><\/figure>\n<!-- \/wp:image --><\/div>\n<!-- \/wp:column -->\n\n<!-- wp:column -->\n<div class=\"wp-block-column\"><!-- wp:image {\"id\":280,\"sizeSlug\":\"full\",\"linkDestination\":\"none\"} -->\n<figure class=\"wp-block-image size-full\"><img src=\"http:\/\/localhost:8888\/abccd\/wp-content\/uploads\/2022\/12\/logo-HETSL.jpeg\" alt=\"\" class=\"wp-image-280\"\/><\/figure>\n<!-- \/wp:image --><\/div>\n<!-- \/wp:column --><\/div>\n<!-- \/wp:columns -->\n\n<!-- wp:columns {\"style\":{\"spacing\":{\"padding\":{\"top\":\"0px\",\"bottom\":\"0px\"}}}} -->\n<div class=\"wp-block-columns\" style=\"padding-top:0px;padding-bottom:0px\"><!-- wp:column -->\n<div class=\"wp-block-column\"><!-- wp:image {\"id\":282,\"sizeSlug\":\"large\",\"linkDestination\":\"none\"} -->\n<figure class=\"wp-block-image size-large\"><img src=\"http:\/\/localhost:8888\/abccd\/wp-content\/uploads\/2022\/12\/logo-uconn-1024x310.jpeg\" alt=\"\" class=\"wp-image-282\"\/><\/figure>\n<!-- \/wp:image --><\/div>\n<!-- \/wp:column -->\n\n<!-- wp:column -->\n<div class=\"wp-block-column\"><!-- wp:image {\"id\":283,\"sizeSlug\":\"large\",\"linkDestination\":\"none\"} -->\n<figure class=\"wp-block-image size-large\"><img src=\"http:\/\/localhost:8888\/abccd\/wp-content\/uploads\/2022\/12\/logo-uni-sorbonne-1024x417.png\" alt=\"\" class=\"wp-image-283\"\/><\/figure>\n<!-- \/wp:image --><\/div>\n<!-- \/wp:column -->\n\n<!-- wp:column -->\n<div class=\"wp-block-column\"><!-- wp:image {\"id\":284,\"sizeSlug\":\"full\",\"linkDestination\":\"none\"} -->\n<figure class=\"wp-block-image size-full\"><img src=\"http:\/\/localhost:8888\/abccd\/wp-content\/uploads\/2022\/12\/logo-uni-konstanz.jpeg\" alt=\"\" class=\"wp-image-284\"\/><\/figure>\n<!-- \/wp:image --><\/div>\n<!-- \/wp:column --><\/div>\n<!-- \/wp:columns -->\n\n<!-- wp:columns {\"style\":{\"spacing\":{\"padding\":{\"top\":\"0px\",\"bottom\":\"0px\"}}}} -->\n<div class=\"wp-block-columns\" style=\"padding-top:0px;padding-bottom:0px\"><!-- wp:column -->\n<div class=\"wp-block-column\"><!-- wp:image {\"id\":287,\"sizeSlug\":\"full\",\"linkDestination\":\"none\"} -->\n<figure class=\"wp-block-image size-full\"><img src=\"http:\/\/localhost:8888\/abccd\/wp-content\/uploads\/2022\/12\/logo-heidelberg.png\" alt=\"\" class=\"wp-image-287\"\/><\/figure>\n<!-- \/wp:image --><\/div>\n<!-- \/wp:column -->\n\n<!-- wp:column -->\n<div class=\"wp-block-column\"><!-- wp:image {\"id\":288,\"sizeSlug\":\"full\",\"linkDestination\":\"none\"} -->\n<figure class=\"wp-block-image size-full\"><img src=\"http:\/\/localhost:8888\/abccd\/wp-content\/uploads\/2022\/12\/logo-uni-barcelona.png\" alt=\"\" class=\"wp-image-288\"\/><\/figure>\n<!-- \/wp:image --><\/div>\n<!-- \/wp:column -->\n\n<!-- wp:column -->\n<div class=\"wp-block-column\"><\/div>\n<!-- \/wp:column --><\/div>\n<!-- \/wp:columns -->\n\n<!-- wp:heading -->\n<h2>Special thanks<\/h2>\n<!-- \/wp:heading -->\n\n<!-- wp:paragraph -->\n<p>Special thanks to other individuals that have collaborated on various steps of the project:<\/p>\n<!-- \/wp:paragraph -->\n\n<!-- wp:paragraph -->\n<p>@Florian Progin (MED-IT unifr): Video recordings<\/p>\n<!-- \/wp:paragraph -->\n\n<!-- wp:paragraph -->\n<p>@Laurent Notaro (unifr): Audio &amp; video recordings<\/p>\n<!-- \/wp:paragraph -->\n\n<!-- wp:paragraph -->\n<p>eikon: Illustrations<\/p>\n<!-- \/wp:paragraph -->","_et_gb_content_width":""},"_links":{"self":[{"href":"https:\/\/projects.unifr.ch\/abccd\/wp-json\/wp\/v2\/pages\/1301"}],"collection":[{"href":"https:\/\/projects.unifr.ch\/abccd\/wp-json\/wp\/v2\/pages"}],"about":[{"href":"https:\/\/projects.unifr.ch\/abccd\/wp-json\/wp\/v2\/types\/page"}],"author":[{"embeddable":true,"href":"https:\/\/projects.unifr.ch\/abccd\/wp-json\/wp\/v2\/users\/3"}],"replies":[{"embeddable":true,"href":"https:\/\/projects.unifr.ch\/abccd\/wp-json\/wp\/v2\/comments?post=1301"}],"version-history":[{"count":6,"href":"https:\/\/projects.unifr.ch\/abccd\/wp-json\/wp\/v2\/pages\/1301\/revisions"}],"predecessor-version":[{"id":1716,"href":"https:\/\/projects.unifr.ch\/abccd\/wp-json\/wp\/v2\/pages\/1301\/revisions\/1716"}],"wp:attachment":[{"href":"https:\/\/projects.unifr.ch\/abccd\/wp-json\/wp\/v2\/media?parent=1301"}],"curies":[{"name":"wp","href":"https:\/\/api.w.org\/{rel}","templated":true}]}}