{"id":1305,"date":"2023-02-08T11:28:37","date_gmt":"2023-02-08T11:28:37","guid":{"rendered":"https:\/\/projects.unifr.ch\/abccd\/?page_id=1305"},"modified":"2024-10-18T08:51:21","modified_gmt":"2024-10-18T08:51:21","slug":"fr-registration","status":"publish","type":"page","link":"https:\/\/projects.unifr.ch\/abccd\/fr\/fr-participate\/fr-registration\/","title":{"rendered":"FR-Registration"},"content":{"rendered":"<p>[et_pb_section fb_built=&#8221;1&#8243; _builder_version=&#8221;4.19.4&#8243; _module_preset=&#8221;default&#8221; global_colors_info=&#8221;{}&#8221;][et_pb_row column_structure=&#8221;1_2,1_2&#8243; _builder_version=&#8221;4.19.4&#8243; _module_preset=&#8221;default&#8221; global_colors_info=&#8221;{}&#8221;][et_pb_column type=&#8221;1_2&#8243; _builder_version=&#8221;4.19.4&#8243; _module_preset=&#8221;default&#8221; background_enable_color=&#8221;off&#8221; global_colors_info=&#8221;{}&#8221;][et_pb_text _builder_version=&#8221;4.19.4&#8243; _module_preset=&#8221;default&#8221; header_font=&#8221;Open Sans|700|||||||&#8221; header_text_color=&#8221;#043D52&#8243; header_font_size=&#8221;40px&#8221; header_2_font=&#8221;Open Sans|700|||||||&#8221; custom_margin=&#8221;20px||||false|false&#8221; global_colors_info=&#8221;{}&#8221;]<\/p>\n<h1>Formulaire d&#8217;inscription<\/h1>\n<p>[\/et_pb_text][et_pb_text _builder_version=&#8221;4.21.0&#8243; _module_preset=&#8221;default&#8221; hover_enabled=&#8221;0&#8243; sticky_enabled=&#8221;0&#8243;]<\/p>\n<p><span style=\"color: #ff0000;\"><strong>Les inscriptions sont ferm\u00e9es.<\/strong><\/span><\/p>\n<p>[\/et_pb_text][et_pb_contact_form email=&#8221;abccd@unifr.ch&#8221; custom_message=&#8221;Formulaire d&#8217;enregistrement||et_pb_line_break_holder||&#8212;&#8212;&#8212;&#8212;&#8212;&#8212;-||et_pb_line_break_holder||Pr\u00e9nom du parent: %%Caregiver_FirstName%%||et_pb_line_break_holder||Nom de famille du parent: %%Caregiver_LastName%%||et_pb_line_break_holder||Ville: %%City%%||et_pb_line_break_holder||Adresse e-mail: %%Email%%||et_pb_line_break_holder||Num\u00e9ro de t\u00e9l\u00e9phone: %%Phone_Nr%%||et_pb_line_break_holder||Pays: %%Country%%||et_pb_line_break_holder||Eligibilit\u00e9: %%Eligibility%%||et_pb_line_break_holder||&#8212;&#8212;&#8212;&#8212;&#8212;&#8212;&#8211;||et_pb_line_break_holder||Pr\u00e9nom de l&#8217;enfant: %%Child_FirstName%%||et_pb_line_break_holder||Nom de famille de l&#8217;enfant: %%Child_LastName%%||et_pb_line_break_holder||Date de naissance: %%DateOfBirth%%||et_pb_line_break_holder||Langues: %%Languages%%||et_pb_line_break_holder||&#8212;&#8212;&#8212;&#8212;&#8212;&#8212;&#8211;||et_pb_line_break_holder||Message: %%Message%%&#8221; use_redirect=&#8221;on&#8221; redirect_url=&#8221;https:\/\/projects.unifr.ch\/abccd\/en\/thank-you\/&#8221; success_message=&#8221;Merci de votre message.&#8221; submit_button_text=&#8221;Envoyer&#8221; admin_label=&#8221;Contact Form&#8221; module_class=&#8221;et-pb-contact-message captcha_fr&#8221; _builder_version=&#8221;4.20.2&#8243; _module_preset=&#8221;default&#8221; _unique_id=&#8221;ef5c5b4c-b9c4-444d-8c23-88d5527b7388&#8243; form_field_text_color=&#8221;#000000&#8243; form_field_focus_background_color=&#8221;#80D5ED&#8221; form_field_focus_text_color=&#8221;#FFFFFF&#8221; captcha_font=&#8221;||||||||&#8221; custom_button=&#8221;on&#8221; button_text_color=&#8221;#FFFFFF&#8221; button_bg_color=&#8221;#B30200&#8243; button_border_radius=&#8221;64px&#8221; custom_css_main_element=&#8221;color:#B30200;&#8221; global_colors_info=&#8221;{}&#8221;][et_pb_contact_field field_id=&#8221;Caregiver_FirstName&#8221; field_title=&#8221;Pr\u00e9nom du parent&#8221; _builder_version=&#8221;4.19.4&#8243; global_colors_info=&#8221;{}&#8221; button_text_size__hover_enabled=&#8221;off&#8221; button_one_text_size__hover_enabled=&#8221;off&#8221; button_two_text_size__hover_enabled=&#8221;off&#8221; button_text_color__hover_enabled=&#8221;off&#8221; button_one_text_color__hover_enabled=&#8221;off&#8221; button_two_text_color__hover_enabled=&#8221;off&#8221; button_border_width__hover_enabled=&#8221;off&#8221; button_one_border_width__hover_enabled=&#8221;off&#8221; button_two_border_width__hover_enabled=&#8221;off&#8221; button_border_color__hover_enabled=&#8221;off&#8221; button_one_border_color__hover_enabled=&#8221;off&#8221; button_two_border_color__hover_enabled=&#8221;off&#8221; button_border_radius__hover_enabled=&#8221;off&#8221; button_one_border_radius__hover_enabled=&#8221;off&#8221; button_two_border_radius__hover_enabled=&#8221;off&#8221; button_letter_spacing__hover_enabled=&#8221;off&#8221; button_one_letter_spacing__hover_enabled=&#8221;off&#8221; button_two_letter_spacing__hover_enabled=&#8221;off&#8221; button_bg_color__hover_enabled=&#8221;off&#8221; button_one_bg_color__hover_enabled=&#8221;off&#8221; button_two_bg_color__hover_enabled=&#8221;off&#8221;][\/et_pb_contact_field][et_pb_contact_field field_id=&#8221;Caregiver_LastName&#8221; field_title=&#8221;Nom de famille du parent&#8221; _builder_version=&#8221;4.19.4&#8243; global_colors_info=&#8221;{}&#8221; button_text_size__hover_enabled=&#8221;off&#8221; button_one_text_size__hover_enabled=&#8221;off&#8221; button_two_text_size__hover_enabled=&#8221;off&#8221; button_text_color__hover_enabled=&#8221;off&#8221; button_one_text_color__hover_enabled=&#8221;off&#8221; button_two_text_color__hover_enabled=&#8221;off&#8221; button_border_width__hover_enabled=&#8221;off&#8221; button_one_border_width__hover_enabled=&#8221;off&#8221; button_two_border_width__hover_enabled=&#8221;off&#8221; button_border_color__hover_enabled=&#8221;off&#8221; button_one_border_color__hover_enabled=&#8221;off&#8221; button_two_border_color__hover_enabled=&#8221;off&#8221; button_border_radius__hover_enabled=&#8221;off&#8221; button_one_border_radius__hover_enabled=&#8221;off&#8221; button_two_border_radius__hover_enabled=&#8221;off&#8221; button_letter_spacing__hover_enabled=&#8221;off&#8221; button_one_letter_spacing__hover_enabled=&#8221;off&#8221; button_two_letter_spacing__hover_enabled=&#8221;off&#8221; button_bg_color__hover_enabled=&#8221;off&#8221; button_one_bg_color__hover_enabled=&#8221;off&#8221; button_two_bg_color__hover_enabled=&#8221;off&#8221;][\/et_pb_contact_field][et_pb_contact_field field_id=&#8221;City&#8221; field_title=&#8221;Ville&#8221; allowed_symbols=&#8221;letters&#8221; _builder_version=&#8221;4.19.4&#8243; _module_preset=&#8221;default&#8221; global_colors_info=&#8221;{}&#8221;][\/et_pb_contact_field][et_pb_contact_field field_id=&#8221;Country&#8221; field_title=&#8221;Pays&#8221; allowed_symbols=&#8221;letters&#8221; _builder_version=&#8221;4.19.4&#8243; _module_preset=&#8221;default&#8221; global_colors_info=&#8221;{}&#8221;][\/et_pb_contact_field][et_pb_contact_field field_id=&#8221;Email&#8221; field_title=&#8221;Adresse e-mail&#8221; field_type=&#8221;email&#8221; _builder_version=&#8221;4.19.4&#8243; global_colors_info=&#8221;{}&#8221; button_text_size__hover_enabled=&#8221;off&#8221; button_one_text_size__hover_enabled=&#8221;off&#8221; button_two_text_size__hover_enabled=&#8221;off&#8221; button_text_color__hover_enabled=&#8221;off&#8221; button_one_text_color__hover_enabled=&#8221;off&#8221; button_two_text_color__hover_enabled=&#8221;off&#8221; button_border_width__hover_enabled=&#8221;off&#8221; button_one_border_width__hover_enabled=&#8221;off&#8221; button_two_border_width__hover_enabled=&#8221;off&#8221; button_border_color__hover_enabled=&#8221;off&#8221; button_one_border_color__hover_enabled=&#8221;off&#8221; button_two_border_color__hover_enabled=&#8221;off&#8221; button_border_radius__hover_enabled=&#8221;off&#8221; button_one_border_radius__hover_enabled=&#8221;off&#8221; button_two_border_radius__hover_enabled=&#8221;off&#8221; button_letter_spacing__hover_enabled=&#8221;off&#8221; button_one_letter_spacing__hover_enabled=&#8221;off&#8221; button_two_letter_spacing__hover_enabled=&#8221;off&#8221; button_bg_color__hover_enabled=&#8221;off&#8221; button_one_bg_color__hover_enabled=&#8221;off&#8221; button_two_bg_color__hover_enabled=&#8221;off&#8221;][\/et_pb_contact_field][et_pb_contact_field field_id=&#8221;Phone_Nr&#8221; field_title=&#8221;Num\u00e9ro de t\u00e9l\u00e9phone&#8221; allowed_symbols=&#8221;alphanumeric&#8221; _builder_version=&#8221;4.19.4&#8243; _module_preset=&#8221;default&#8221; global_colors_info=&#8221;{}&#8221;][\/et_pb_contact_field][et_pb_contact_field field_id=&#8221;Eligibility&#8221; field_title=&#8221;L&#8217;enfant a-t-il re\u00e7u un diagnostic d&#8217;autisme?&#8221; field_type=&#8221;radio&#8221; radio_options=&#8221;%91{%22value%22:%22Oui, un diagnostic officiel a \u00e9t\u00e9 \u00e9mis%22,%22checked%22:0,%22dragID%22:-1},{%22value%22:%22Non, aucun diagnostic d&#8217;autisme n&#8217;a \u00e9t\u00e9 pos\u00e9%22,%22checked%22:0,%22dragID%22:0,%22link_url%22:%22%22,%22link_text%22:%22%22}%93&#8243; fullwidth_field=&#8221;on&#8221; _builder_version=&#8221;4.19.4&#8243; _module_preset=&#8221;default&#8221; form_field_background_color=&#8221;#FFFFFF&#8221; form_field_text_color=&#8221;#000000&#8243; form_field_text_align=&#8221;left&#8221; border_radii=&#8221;on|12px|12px|12px|12px&#8221; border_width_all=&#8221;2px&#8221; global_colors_info=&#8221;{}&#8221;][\/et_pb_contact_field][et_pb_contact_field field_id=&#8221;Child_FirstName&#8221; field_title=&#8221;Pr\u00e9nom de l&#8217;enfant&#8221; allowed_symbols=&#8221;letters&#8221; required_mark=&#8221;off&#8221; _builder_version=&#8221;4.19.4&#8243; global_colors_info=&#8221;{}&#8221; button_text_size__hover_enabled=&#8221;off&#8221; button_one_text_size__hover_enabled=&#8221;off&#8221; button_two_text_size__hover_enabled=&#8221;off&#8221; button_text_color__hover_enabled=&#8221;off&#8221; button_one_text_color__hover_enabled=&#8221;off&#8221; button_two_text_color__hover_enabled=&#8221;off&#8221; button_border_width__hover_enabled=&#8221;off&#8221; button_one_border_width__hover_enabled=&#8221;off&#8221; button_two_border_width__hover_enabled=&#8221;off&#8221; button_border_color__hover_enabled=&#8221;off&#8221; button_one_border_color__hover_enabled=&#8221;off&#8221; button_two_border_color__hover_enabled=&#8221;off&#8221; button_border_radius__hover_enabled=&#8221;off&#8221; button_one_border_radius__hover_enabled=&#8221;off&#8221; button_two_border_radius__hover_enabled=&#8221;off&#8221; button_letter_spacing__hover_enabled=&#8221;off&#8221; button_one_letter_spacing__hover_enabled=&#8221;off&#8221; button_two_letter_spacing__hover_enabled=&#8221;off&#8221; button_bg_color__hover_enabled=&#8221;off&#8221; button_one_bg_color__hover_enabled=&#8221;off&#8221; button_two_bg_color__hover_enabled=&#8221;off&#8221;][\/et_pb_contact_field][et_pb_contact_field field_id=&#8221;Child_LastName&#8221; field_title=&#8221;Nom de famille de l&#8217;enfant&#8221; allowed_symbols=&#8221;letters&#8221; required_mark=&#8221;off&#8221; _builder_version=&#8221;4.19.4&#8243; global_colors_info=&#8221;{}&#8221; button_text_size__hover_enabled=&#8221;off&#8221; button_one_text_size__hover_enabled=&#8221;off&#8221; button_two_text_size__hover_enabled=&#8221;off&#8221; button_text_color__hover_enabled=&#8221;off&#8221; button_one_text_color__hover_enabled=&#8221;off&#8221; button_two_text_color__hover_enabled=&#8221;off&#8221; button_border_width__hover_enabled=&#8221;off&#8221; button_one_border_width__hover_enabled=&#8221;off&#8221; button_two_border_width__hover_enabled=&#8221;off&#8221; button_border_color__hover_enabled=&#8221;off&#8221; button_one_border_color__hover_enabled=&#8221;off&#8221; button_two_border_color__hover_enabled=&#8221;off&#8221; button_border_radius__hover_enabled=&#8221;off&#8221; button_one_border_radius__hover_enabled=&#8221;off&#8221; button_two_border_radius__hover_enabled=&#8221;off&#8221; button_letter_spacing__hover_enabled=&#8221;off&#8221; button_one_letter_spacing__hover_enabled=&#8221;off&#8221; button_two_letter_spacing__hover_enabled=&#8221;off&#8221; button_bg_color__hover_enabled=&#8221;off&#8221; button_one_bg_color__hover_enabled=&#8221;off&#8221; button_two_bg_color__hover_enabled=&#8221;off&#8221;][\/et_pb_contact_field][et_pb_contact_field field_id=&#8221;DateOfBirth&#8221; field_title=&#8221;Date de naissance (DD-MM-AAAA)&#8221; _builder_version=&#8221;4.19.4&#8243; _module_preset=&#8221;default&#8221; global_colors_info=&#8221;{}&#8221;][\/et_pb_contact_field][et_pb_contact_field field_id=&#8221;Languages&#8221; field_title=&#8221;Quelles sont les langues que votre enfant comprend?&#8221; field_type=&#8221;checkbox&#8221; checkbox_options=&#8221;%91{%22value%22:%22Anglais%22,%22checked%22:0,%22dragID%22:-1},{%22value%22:%22Fran\u00e7ais%22,%22checked%22:0,%22dragID%22:0},{%22value%22:%22Allemand%22,%22checked%22:0,%22dragID%22:1},{%22value%22:%22Espagnol%22,%22checked%22:0,%22dragID%22:2},{%22value%22:%22Italien%22,%22checked%22:0,%22dragID%22:3}%93&#8243; fullwidth_field=&#8221;on&#8221; _builder_version=&#8221;4.19.4&#8243; _module_preset=&#8221;default&#8221; text_orientation=&#8221;left&#8221; module_alignment=&#8221;left&#8221; custom_css_before=&#8221;.et_pb_contact_field_checkbox, .et_pb_contact_field_options_title, .et_pb_contact_field_radio, .et_pb_contact_field_select_title {||    display: inline;||};&#8221; border_radii=&#8221;off||||&#8221; border_width_all=&#8221;2px&#8221; global_colors_info=&#8221;{}&#8221;][\/et_pb_contact_field][et_pb_contact_field field_id=&#8221;Message&#8221; field_title=&#8221;Message&#8221; field_type=&#8221;text&#8221; fullwidth_field=&#8221;on&#8221; _builder_version=&#8221;4.19.4&#8243; form_field_text_color=&#8221;#000000&#8243; global_colors_info=&#8221;{}&#8221; button_text_size__hover_enabled=&#8221;off&#8221; button_one_text_size__hover_enabled=&#8221;off&#8221; button_two_text_size__hover_enabled=&#8221;off&#8221; button_text_color__hover_enabled=&#8221;off&#8221; button_one_text_color__hover_enabled=&#8221;off&#8221; button_two_text_color__hover_enabled=&#8221;off&#8221; button_border_width__hover_enabled=&#8221;off&#8221; button_one_border_width__hover_enabled=&#8221;off&#8221; button_two_border_width__hover_enabled=&#8221;off&#8221; button_border_color__hover_enabled=&#8221;off&#8221; button_one_border_color__hover_enabled=&#8221;off&#8221; button_two_border_color__hover_enabled=&#8221;off&#8221; button_border_radius__hover_enabled=&#8221;off&#8221; button_one_border_radius__hover_enabled=&#8221;off&#8221; button_two_border_radius__hover_enabled=&#8221;off&#8221; button_letter_spacing__hover_enabled=&#8221;off&#8221; button_one_letter_spacing__hover_enabled=&#8221;off&#8221; button_two_letter_spacing__hover_enabled=&#8221;off&#8221; button_bg_color__hover_enabled=&#8221;off&#8221; button_one_bg_color__hover_enabled=&#8221;off&#8221; button_two_bg_color__hover_enabled=&#8221;off&#8221;][\/et_pb_contact_field][\/et_pb_contact_form][\/et_pb_column][et_pb_column type=&#8221;1_2&#8243; _builder_version=&#8221;4.19.4&#8243; _module_preset=&#8221;default&#8221; global_colors_info=&#8221;{}&#8221;][et_pb_image src=&#8221;https:\/\/projects.unifr.ch\/abccd\/wp-content\/uploads\/2023\/01\/header-abccd-600px.jpg&#8221; alt=&#8221;header abccd&#8221; force_fullwidth=&#8221;on&#8221; _builder_version=&#8221;4.19.4&#8243; _module_preset=&#8221;default&#8221; global_colors_info=&#8221;{}&#8221;][\/et_pb_image][et_pb_text _builder_version=&#8221;4.19.4&#8243; _module_preset=&#8221;default&#8221; global_colors_info=&#8221;{}&#8221;]<\/p>\n<p>Veuillez remplir notre formulaire d&#8217;inscription si vous souhaitez participer \u00e0 l&#8217;\u00e9tude et\/ou recevoir de plus amples informations.<\/p>\n<p>Une fois le formulaire re\u00e7u, nous vous contacterons et vous enverrons des informations compl\u00e9mentaires ainsi que des questionnaires.<\/p>\n<p>Toutes les informations fournies seront trait\u00e9es de mani\u00e8re confidentielle.<\/p>\n<p>[\/et_pb_text][\/et_pb_column][\/et_pb_row][\/et_pb_section]<\/p>\n","protected":false},"excerpt":{"rendered":"<p>Formulaire d&#8217;inscriptionLes inscriptions sont ferm\u00e9es.Veuillez remplir notre formulaire d&#8217;inscription si vous souhaitez participer \u00e0 l&#8217;\u00e9tude et\/ou recevoir de plus amples informations. Une fois le formulaire re\u00e7u, nous vous contacterons et vous enverrons des informations compl\u00e9mentaires ainsi que des questionnaires. Toutes les informations fournies seront trait\u00e9es de mani\u00e8re confidentielle.<\/p>\n","protected":false},"author":3,"featured_media":0,"parent":1307,"menu_order":0,"comment_status":"closed","ping_status":"closed","template":"","meta":{"_et_pb_use_builder":"on","_et_pb_old_content":"<!-- wp:wpforms\/form-selector {\"formId\":\"306\",\"displayTitle\":true,\"displayDesc\":false} \/-->","_et_gb_content_width":""},"_links":{"self":[{"href":"https:\/\/projects.unifr.ch\/abccd\/wp-json\/wp\/v2\/pages\/1305"}],"collection":[{"href":"https:\/\/projects.unifr.ch\/abccd\/wp-json\/wp\/v2\/pages"}],"about":[{"href":"https:\/\/projects.unifr.ch\/abccd\/wp-json\/wp\/v2\/types\/page"}],"author":[{"embeddable":true,"href":"https:\/\/projects.unifr.ch\/abccd\/wp-json\/wp\/v2\/users\/3"}],"replies":[{"embeddable":true,"href":"https:\/\/projects.unifr.ch\/abccd\/wp-json\/wp\/v2\/comments?post=1305"}],"version-history":[{"count":12,"href":"https:\/\/projects.unifr.ch\/abccd\/wp-json\/wp\/v2\/pages\/1305\/revisions"}],"predecessor-version":[{"id":1723,"href":"https:\/\/projects.unifr.ch\/abccd\/wp-json\/wp\/v2\/pages\/1305\/revisions\/1723"}],"up":[{"embeddable":true,"href":"https:\/\/projects.unifr.ch\/abccd\/wp-json\/wp\/v2\/pages\/1307"}],"wp:attachment":[{"href":"https:\/\/projects.unifr.ch\/abccd\/wp-json\/wp\/v2\/media?parent=1305"}],"curies":[{"name":"wp","href":"https:\/\/api.w.org\/{rel}","templated":true}]}}