{"id":1322,"date":"2023-02-08T11:39:04","date_gmt":"2023-02-08T11:39:04","guid":{"rendered":"https:\/\/projects.unifr.ch\/abccd\/?page_id=1322"},"modified":"2024-10-18T08:54:51","modified_gmt":"2024-10-18T08:54:51","slug":"it-registration","status":"publish","type":"page","link":"https:\/\/projects.unifr.ch\/abccd\/it\/it-registration\/","title":{"rendered":"IT-Registration"},"content":{"rendered":"<p>[et_pb_section fb_built=&#8221;1&#8243; _builder_version=&#8221;4.19.4&#8243; _module_preset=&#8221;default&#8221; global_colors_info=&#8221;{}&#8221;][et_pb_row column_structure=&#8221;1_2,1_2&#8243; _builder_version=&#8221;4.19.4&#8243; _module_preset=&#8221;default&#8221; global_colors_info=&#8221;{}&#8221;][et_pb_column type=&#8221;1_2&#8243; _builder_version=&#8221;4.19.4&#8243; _module_preset=&#8221;default&#8221; background_enable_color=&#8221;off&#8221; global_colors_info=&#8221;{}&#8221;][et_pb_text _builder_version=&#8221;4.19.4&#8243; _module_preset=&#8221;default&#8221; header_font=&#8221;Open Sans|700|||||||&#8221; header_text_color=&#8221;#043D52&#8243; header_font_size=&#8221;40px&#8221; header_2_font=&#8221;Open Sans|700|||||||&#8221; custom_margin=&#8221;20px||||false|false&#8221; global_colors_info=&#8221;{}&#8221;]<\/p>\n<h1>Modulo di Iscrizione<\/h1>\n<p>[\/et_pb_text][et_pb_text _builder_version=&#8221;4.21.0&#8243; _module_preset=&#8221;default&#8221; hover_enabled=&#8221;0&#8243; sticky_enabled=&#8221;0&#8243;]<\/p>\n<p><span style=\"color: #ff0000;\"><strong>Le iscrizioni sono chiuse.<\/strong><\/span><\/p>\n<p>[\/et_pb_text][et_pb_contact_form email=&#8221;abccd@unifr.ch&#8221; custom_message=&#8221;REGISTRATION FORM||et_pb_line_break_holder||&#8212;&#8212;&#8212;&#8212;&#8212;&#8212;-||et_pb_line_break_holder||Caregiver First Name: %%Caregiver_FirstName%%||et_pb_line_break_holder||Caregiver Last Name: %%Caregiver_LastName%%||et_pb_line_break_holder||City: %%City%%||et_pb_line_break_holder||Email: %%Email%%||et_pb_line_break_holder||Phone Number: %%Phone_Nr%%||et_pb_line_break_holder||Country: %%Country%%||et_pb_line_break_holder||Eligibility: %%Eligibility%%||et_pb_line_break_holder||&#8212;&#8212;&#8212;&#8212;&#8212;&#8212;&#8211;||et_pb_line_break_holder||Child First Name: %%Child_FirstName%%||et_pb_line_break_holder||Child Last Name: %%Child_LastName%%||et_pb_line_break_holder||Date of Birth: %%DateOfBirth%%||et_pb_line_break_holder||Languages: %%Languages%%||et_pb_line_break_holder||&#8212;&#8212;&#8212;&#8212;&#8212;&#8212;&#8211;||et_pb_line_break_holder||Message: %%Message%%&#8221; use_redirect=&#8221;on&#8221; redirect_url=&#8221;https:\/\/projects.unifr.ch\/abccd\/en\/thank-you\/&#8221; success_message=&#8221;Grazie per il suo messaggio!&#8221; submit_button_text=&#8221;Inviare&#8221; module_class=&#8221;et-pb-contact-message&#8221; _builder_version=&#8221;4.20.2&#8243; _module_preset=&#8221;default&#8221; _unique_id=&#8221;ef5c5b4c-b9c4-444d-8c23-88d5527b7388&#8243; form_field_text_color=&#8221;#000000&#8243; form_field_focus_background_color=&#8221;#80D5ED&#8221; form_field_focus_text_color=&#8221;#FFFFFF&#8221; captcha_font=&#8221;||||||||&#8221; custom_button=&#8221;on&#8221; button_text_color=&#8221;#FFFFFF&#8221; button_bg_color=&#8221;#B30200&#8243; button_border_radius=&#8221;64px&#8221; custom_css_main_element=&#8221;color:#B30200;&#8221; global_colors_info=&#8221;{}&#8221;][et_pb_contact_field field_id=&#8221;Caregiver_FirstName&#8221; field_title=&#8221;Nome tutore Legale&#8221; _builder_version=&#8221;4.19.4&#8243; global_colors_info=&#8221;{}&#8221; button_text_size__hover_enabled=&#8221;off&#8221; button_one_text_size__hover_enabled=&#8221;off&#8221; button_two_text_size__hover_enabled=&#8221;off&#8221; button_text_color__hover_enabled=&#8221;off&#8221; button_one_text_color__hover_enabled=&#8221;off&#8221; button_two_text_color__hover_enabled=&#8221;off&#8221; button_border_width__hover_enabled=&#8221;off&#8221; button_one_border_width__hover_enabled=&#8221;off&#8221; button_two_border_width__hover_enabled=&#8221;off&#8221; button_border_color__hover_enabled=&#8221;off&#8221; button_one_border_color__hover_enabled=&#8221;off&#8221; button_two_border_color__hover_enabled=&#8221;off&#8221; button_border_radius__hover_enabled=&#8221;off&#8221; button_one_border_radius__hover_enabled=&#8221;off&#8221; button_two_border_radius__hover_enabled=&#8221;off&#8221; button_letter_spacing__hover_enabled=&#8221;off&#8221; button_one_letter_spacing__hover_enabled=&#8221;off&#8221; button_two_letter_spacing__hover_enabled=&#8221;off&#8221; button_bg_color__hover_enabled=&#8221;off&#8221; button_one_bg_color__hover_enabled=&#8221;off&#8221; button_two_bg_color__hover_enabled=&#8221;off&#8221;][\/et_pb_contact_field][et_pb_contact_field field_id=&#8221;Caregiver_LastName&#8221; field_title=&#8221;Cognome tutore Legale&#8221; _builder_version=&#8221;4.19.4&#8243; global_colors_info=&#8221;{}&#8221; button_text_size__hover_enabled=&#8221;off&#8221; button_one_text_size__hover_enabled=&#8221;off&#8221; button_two_text_size__hover_enabled=&#8221;off&#8221; button_text_color__hover_enabled=&#8221;off&#8221; button_one_text_color__hover_enabled=&#8221;off&#8221; button_two_text_color__hover_enabled=&#8221;off&#8221; button_border_width__hover_enabled=&#8221;off&#8221; button_one_border_width__hover_enabled=&#8221;off&#8221; button_two_border_width__hover_enabled=&#8221;off&#8221; button_border_color__hover_enabled=&#8221;off&#8221; button_one_border_color__hover_enabled=&#8221;off&#8221; button_two_border_color__hover_enabled=&#8221;off&#8221; button_border_radius__hover_enabled=&#8221;off&#8221; button_one_border_radius__hover_enabled=&#8221;off&#8221; button_two_border_radius__hover_enabled=&#8221;off&#8221; button_letter_spacing__hover_enabled=&#8221;off&#8221; button_one_letter_spacing__hover_enabled=&#8221;off&#8221; button_two_letter_spacing__hover_enabled=&#8221;off&#8221; button_bg_color__hover_enabled=&#8221;off&#8221; button_one_bg_color__hover_enabled=&#8221;off&#8221; button_two_bg_color__hover_enabled=&#8221;off&#8221;][\/et_pb_contact_field][et_pb_contact_field field_id=&#8221;City&#8221; field_title=&#8221;Citt\u00e0&#8221; allowed_symbols=&#8221;letters&#8221; _builder_version=&#8221;4.19.4&#8243; _module_preset=&#8221;default&#8221; global_colors_info=&#8221;{}&#8221;][\/et_pb_contact_field][et_pb_contact_field field_id=&#8221;Country&#8221; field_title=&#8221;Nazione&#8221; allowed_symbols=&#8221;letters&#8221; _builder_version=&#8221;4.19.4&#8243; _module_preset=&#8221;default&#8221; global_colors_info=&#8221;{}&#8221;][\/et_pb_contact_field][et_pb_contact_field field_id=&#8221;Email&#8221; field_title=&#8221;Email&#8221; field_type=&#8221;email&#8221; _builder_version=&#8221;4.19.4&#8243; global_colors_info=&#8221;{}&#8221; button_text_size__hover_enabled=&#8221;off&#8221; button_one_text_size__hover_enabled=&#8221;off&#8221; button_two_text_size__hover_enabled=&#8221;off&#8221; button_text_color__hover_enabled=&#8221;off&#8221; button_one_text_color__hover_enabled=&#8221;off&#8221; button_two_text_color__hover_enabled=&#8221;off&#8221; button_border_width__hover_enabled=&#8221;off&#8221; button_one_border_width__hover_enabled=&#8221;off&#8221; button_two_border_width__hover_enabled=&#8221;off&#8221; button_border_color__hover_enabled=&#8221;off&#8221; button_one_border_color__hover_enabled=&#8221;off&#8221; button_two_border_color__hover_enabled=&#8221;off&#8221; button_border_radius__hover_enabled=&#8221;off&#8221; button_one_border_radius__hover_enabled=&#8221;off&#8221; button_two_border_radius__hover_enabled=&#8221;off&#8221; button_letter_spacing__hover_enabled=&#8221;off&#8221; button_one_letter_spacing__hover_enabled=&#8221;off&#8221; button_two_letter_spacing__hover_enabled=&#8221;off&#8221; button_bg_color__hover_enabled=&#8221;off&#8221; button_one_bg_color__hover_enabled=&#8221;off&#8221; button_two_bg_color__hover_enabled=&#8221;off&#8221;][\/et_pb_contact_field][et_pb_contact_field field_id=&#8221;Phone_Nr&#8221; field_title=&#8221;Numero di Telefono&#8221; allowed_symbols=&#8221;alphanumeric&#8221; _builder_version=&#8221;4.19.4&#8243; _module_preset=&#8221;default&#8221; global_colors_info=&#8221;{}&#8221;][\/et_pb_contact_field][et_pb_contact_field field_id=&#8221;Eligibility&#8221; field_title=&#8221;Al bambino \u00e8 stato diagnosticata una forma di autismo?&#8221; field_type=&#8221;radio&#8221; radio_options=&#8221;%91{%22value%22:%22S\u00ec, \u00e8 disponibile una diagnosi ufficiale.%22,%22checked%22:0,%22dragID%22:-1},{%22value%22:%22No, nessuna forma di autismo \u00e8 stata diagnosticata n\u00e9 sospettata.%22,%22checked%22:0,%22dragID%22:0,%22link_url%22:%22%22,%22link_text%22:%22%22}%93&#8243; fullwidth_field=&#8221;on&#8221; _builder_version=&#8221;4.19.4&#8243; _module_preset=&#8221;default&#8221; form_field_background_color=&#8221;#FFFFFF&#8221; form_field_text_color=&#8221;#000000&#8243; form_field_text_align=&#8221;left&#8221; border_radii=&#8221;on|12px|12px|12px|12px&#8221; border_width_all=&#8221;2px&#8221; global_colors_info=&#8221;{}&#8221;][\/et_pb_contact_field][et_pb_contact_field field_id=&#8221;Child_FirstName&#8221; field_title=&#8221;Nome Bambino\/a&#8221; allowed_symbols=&#8221;letters&#8221; required_mark=&#8221;off&#8221; _builder_version=&#8221;4.19.4&#8243; global_colors_info=&#8221;{}&#8221; button_text_size__hover_enabled=&#8221;off&#8221; button_one_text_size__hover_enabled=&#8221;off&#8221; button_two_text_size__hover_enabled=&#8221;off&#8221; button_text_color__hover_enabled=&#8221;off&#8221; button_one_text_color__hover_enabled=&#8221;off&#8221; button_two_text_color__hover_enabled=&#8221;off&#8221; button_border_width__hover_enabled=&#8221;off&#8221; button_one_border_width__hover_enabled=&#8221;off&#8221; button_two_border_width__hover_enabled=&#8221;off&#8221; button_border_color__hover_enabled=&#8221;off&#8221; button_one_border_color__hover_enabled=&#8221;off&#8221; button_two_border_color__hover_enabled=&#8221;off&#8221; button_border_radius__hover_enabled=&#8221;off&#8221; button_one_border_radius__hover_enabled=&#8221;off&#8221; button_two_border_radius__hover_enabled=&#8221;off&#8221; button_letter_spacing__hover_enabled=&#8221;off&#8221; button_one_letter_spacing__hover_enabled=&#8221;off&#8221; button_two_letter_spacing__hover_enabled=&#8221;off&#8221; button_bg_color__hover_enabled=&#8221;off&#8221; button_one_bg_color__hover_enabled=&#8221;off&#8221; button_two_bg_color__hover_enabled=&#8221;off&#8221;][\/et_pb_contact_field][et_pb_contact_field field_id=&#8221;Child_LastName&#8221; field_title=&#8221;Cognome Bambino\/a&#8221; allowed_symbols=&#8221;letters&#8221; required_mark=&#8221;off&#8221; _builder_version=&#8221;4.19.4&#8243; global_colors_info=&#8221;{}&#8221; button_text_size__hover_enabled=&#8221;off&#8221; button_one_text_size__hover_enabled=&#8221;off&#8221; button_two_text_size__hover_enabled=&#8221;off&#8221; button_text_color__hover_enabled=&#8221;off&#8221; button_one_text_color__hover_enabled=&#8221;off&#8221; button_two_text_color__hover_enabled=&#8221;off&#8221; button_border_width__hover_enabled=&#8221;off&#8221; button_one_border_width__hover_enabled=&#8221;off&#8221; button_two_border_width__hover_enabled=&#8221;off&#8221; button_border_color__hover_enabled=&#8221;off&#8221; button_one_border_color__hover_enabled=&#8221;off&#8221; button_two_border_color__hover_enabled=&#8221;off&#8221; button_border_radius__hover_enabled=&#8221;off&#8221; button_one_border_radius__hover_enabled=&#8221;off&#8221; button_two_border_radius__hover_enabled=&#8221;off&#8221; button_letter_spacing__hover_enabled=&#8221;off&#8221; button_one_letter_spacing__hover_enabled=&#8221;off&#8221; button_two_letter_spacing__hover_enabled=&#8221;off&#8221; button_bg_color__hover_enabled=&#8221;off&#8221; button_one_bg_color__hover_enabled=&#8221;off&#8221; button_two_bg_color__hover_enabled=&#8221;off&#8221;][\/et_pb_contact_field][et_pb_contact_field field_id=&#8221;DateOfBirth&#8221; field_title=&#8221;Data di Nascita (GG-MM-AAAA)&#8221; _builder_version=&#8221;4.19.4&#8243; _module_preset=&#8221;default&#8221; global_colors_info=&#8221;{}&#8221;][\/et_pb_contact_field][et_pb_contact_field field_id=&#8221;Languages&#8221; field_title=&#8221;Quale lingue capisce il\/la bambino\/a?&#8221; field_type=&#8221;checkbox&#8221; checkbox_options=&#8221;%91{%22value%22:%22Inglese%22,%22checked%22:0,%22dragID%22:-1},{%22value%22:%22Francese%22,%22checked%22:0,%22dragID%22:0},{%22value%22:%22Tedesco%22,%22checked%22:0,%22dragID%22:1},{%22value%22:%22Spagnolo%22,%22checked%22:0,%22dragID%22:2},{%22value%22:%22Italiano%22,%22checked%22:0,%22dragID%22:3}%93&#8243; fullwidth_field=&#8221;on&#8221; _builder_version=&#8221;4.19.4&#8243; _module_preset=&#8221;default&#8221; text_orientation=&#8221;left&#8221; module_alignment=&#8221;left&#8221; custom_css_before=&#8221;.et_pb_contact_field_checkbox, .et_pb_contact_field_options_title, .et_pb_contact_field_radio, .et_pb_contact_field_select_title {||    display: inline;||};&#8221; border_radii=&#8221;off||||&#8221; border_width_all=&#8221;2px&#8221; global_colors_info=&#8221;{}&#8221;][\/et_pb_contact_field][et_pb_contact_field field_id=&#8221;Message&#8221; field_title=&#8221;Messaggio&#8221; field_type=&#8221;text&#8221; fullwidth_field=&#8221;on&#8221; _builder_version=&#8221;4.19.4&#8243; form_field_text_color=&#8221;#000000&#8243; global_colors_info=&#8221;{}&#8221; button_text_size__hover_enabled=&#8221;off&#8221; button_one_text_size__hover_enabled=&#8221;off&#8221; button_two_text_size__hover_enabled=&#8221;off&#8221; button_text_color__hover_enabled=&#8221;off&#8221; button_one_text_color__hover_enabled=&#8221;off&#8221; button_two_text_color__hover_enabled=&#8221;off&#8221; button_border_width__hover_enabled=&#8221;off&#8221; button_one_border_width__hover_enabled=&#8221;off&#8221; button_two_border_width__hover_enabled=&#8221;off&#8221; button_border_color__hover_enabled=&#8221;off&#8221; button_one_border_color__hover_enabled=&#8221;off&#8221; button_two_border_color__hover_enabled=&#8221;off&#8221; button_border_radius__hover_enabled=&#8221;off&#8221; button_one_border_radius__hover_enabled=&#8221;off&#8221; button_two_border_radius__hover_enabled=&#8221;off&#8221; button_letter_spacing__hover_enabled=&#8221;off&#8221; button_one_letter_spacing__hover_enabled=&#8221;off&#8221; button_two_letter_spacing__hover_enabled=&#8221;off&#8221; button_bg_color__hover_enabled=&#8221;off&#8221; button_one_bg_color__hover_enabled=&#8221;off&#8221; button_two_bg_color__hover_enabled=&#8221;off&#8221;][\/et_pb_contact_field][\/et_pb_contact_form][\/et_pb_column][et_pb_column type=&#8221;1_2&#8243; _builder_version=&#8221;4.19.4&#8243; _module_preset=&#8221;default&#8221; global_colors_info=&#8221;{}&#8221;][et_pb_image src=&#8221;https:\/\/projects.unifr.ch\/abccd\/wp-content\/uploads\/2023\/01\/header-abccd-600px.jpg&#8221; alt=&#8221;header abccd&#8221; force_fullwidth=&#8221;on&#8221; _builder_version=&#8221;4.19.4&#8243; _module_preset=&#8221;default&#8221; global_colors_info=&#8221;{}&#8221;][\/et_pb_image][et_pb_text _builder_version=&#8221;4.19.4&#8243; _module_preset=&#8221;default&#8221; global_colors_info=&#8221;{}&#8221;]<\/p>\n<p>Se siete interessati a partecipare allo studio e\/o se desiderate ricevere ulteriori informazioni, perfavore compilate il nostro modulo di registrazione<\/p>\n<p>Una volta ricevuto e approvato, vi contatteremo per inviarvi ulteriori informazioni ed alcuni questionari.<\/p>\n<p>Tutte le informazioni fornite saranno trattate in modo confidenziale.<\/p>\n<p>[\/et_pb_text][\/et_pb_column][\/et_pb_row][\/et_pb_section]<\/p>\n","protected":false},"excerpt":{"rendered":"<p>Modulo di IscrizioneLe iscrizioni sono chiuse.Se siete interessati a partecipare allo studio e\/o se desiderate ricevere ulteriori informazioni, perfavore compilate il nostro modulo di registrazione Una volta ricevuto e approvato, vi contatteremo per inviarvi ulteriori informazioni ed alcuni questionari. Tutte le informazioni fornite saranno trattate in modo confidenziale.<\/p>\n","protected":false},"author":3,"featured_media":0,"parent":0,"menu_order":0,"comment_status":"closed","ping_status":"closed","template":"","meta":{"_et_pb_use_builder":"on","_et_pb_old_content":"<!-- wp:wpforms\/form-selector {\"formId\":\"306\",\"displayTitle\":true,\"displayDesc\":false} \/-->","_et_gb_content_width":""},"_links":{"self":[{"href":"https:\/\/projects.unifr.ch\/abccd\/wp-json\/wp\/v2\/pages\/1322"}],"collection":[{"href":"https:\/\/projects.unifr.ch\/abccd\/wp-json\/wp\/v2\/pages"}],"about":[{"href":"https:\/\/projects.unifr.ch\/abccd\/wp-json\/wp\/v2\/types\/page"}],"author":[{"embeddable":true,"href":"https:\/\/projects.unifr.ch\/abccd\/wp-json\/wp\/v2\/users\/3"}],"replies":[{"embeddable":true,"href":"https:\/\/projects.unifr.ch\/abccd\/wp-json\/wp\/v2\/comments?post=1322"}],"version-history":[{"count":6,"href":"https:\/\/projects.unifr.ch\/abccd\/wp-json\/wp\/v2\/pages\/1322\/revisions"}],"predecessor-version":[{"id":1725,"href":"https:\/\/projects.unifr.ch\/abccd\/wp-json\/wp\/v2\/pages\/1322\/revisions\/1725"}],"wp:attachment":[{"href":"https:\/\/projects.unifr.ch\/abccd\/wp-json\/wp\/v2\/media?parent=1322"}],"curies":[{"name":"wp","href":"https:\/\/api.w.org\/{rel}","templated":true}]}}