{"id":1101,"date":"2026-02-23T14:48:41","date_gmt":"2026-02-23T13:48:41","guid":{"rendered":"https:\/\/projects.unifr.ch\/aesthetics-critique\/?page_id=1101"},"modified":"2026-02-23T14:48:42","modified_gmt":"2026-02-23T13:48:42","slug":"nuria-manzur-wirth","status":"publish","type":"page","link":"https:\/\/projects.unifr.ch\/aesthetics-critique\/team\/nuria-manzur-wirth\/","title":{"rendered":"Nuria Manzur-Wirth"},"content":{"rendered":"\n<figure class=\"wp-block-image size-large is-resized\"><img decoding=\"async\" loading=\"lazy\" width=\"768\" height=\"1024\" src=\"https:\/\/projects.unifr.ch\/aesthetics-critique\/wp-content\/uploads\/2026\/02\/Nuria-Manzur-Wirth-768x1024.jpg\" alt=\"\" class=\"wp-image-1102\" style=\"aspect-ratio:0.75;width:375px;height:auto\" srcset=\"https:\/\/projects.unifr.ch\/aesthetics-critique\/wp-content\/uploads\/2026\/02\/Nuria-Manzur-Wirth-768x1024.jpg 768w, https:\/\/projects.unifr.ch\/aesthetics-critique\/wp-content\/uploads\/2026\/02\/Nuria-Manzur-Wirth-225x300.jpg 225w, https:\/\/projects.unifr.ch\/aesthetics-critique\/wp-content\/uploads\/2026\/02\/Nuria-Manzur-Wirth-1152x1536.jpg 1152w, https:\/\/projects.unifr.ch\/aesthetics-critique\/wp-content\/uploads\/2026\/02\/Nuria-Manzur-Wirth-1537x2048.jpg 1537w, https:\/\/projects.unifr.ch\/aesthetics-critique\/wp-content\/uploads\/2026\/02\/Nuria-Manzur-Wirth.jpg 1920w\" sizes=\"(max-width: 768px) 100vw, 768px\" \/><\/figure>\n\n\n\n<p>Chercheuse, po\u00e8te et artiste pluridisciplinaire, n\u00e9e \u00e0 Mexico en 1979. Docteure en Sciences Humaines (UPF \u00e0 Barcelone) avec une th\u00e8se sur la pens\u00e9e po\u00e9tique de Paul Celan, ses recherches et ses pr\u00e9occupations artistiques l\u2019am\u00e8nent \u00e0 explorer diverses disciplines et plusieurs langues. Dans la musique elle collabore avec des compositeur.e.s telles qu\u2019Ezko Kikoutchi, Wilfrido Terrazas, Felipe P\u00e9rez-Santiago. Elle aborde le th\u00e9\u00e2tre en tant que dramaturge, metteure en sc\u00e8ne et com\u00e9dienne.<\/p>\n\n\n\n<p>En cin\u00e9ma, elle co\u00e9crit et cor\u00e9alise avec Alain Wirth un documentaire sur le Prix de Lausanne, \u00e0 regarder sur la section documentaire d\u2019ARTE tv,&nbsp;<a href=\"https:\/\/www.arte.tv\/fr\/videos\/126485-000-A\/le-prix\/\">&nbsp;<\/a><em><u><a href=\"https:\/\/www.arte.tv\/fr\/videos\/126485-000-A\/le-prix\/\">Le&nbsp;Prix<\/a><\/u><\/em><a href=\"https:\/\/www.arte.tv\/fr\/videos\/126485-000-A\/le-prix\/\">.<\/a><\/p>\n\n\n\n<p>Co-fondatrice et directrice artistique de la&nbsp;<a href=\"https:\/\/les-eaux-courantes.ch\/\">Cie Les Eaux Courantes<\/a>, elle cocr\u00e9e et produit plusieurs projets interdisciplinaires ayant la recherche esth\u00e9tique et la po\u00e9sie comme axe central.<\/p>\n\n\n\n<p>Elle investigue ainsi, le ph\u00e9nom\u00e8ne artistique \u00e0 partir de la cr\u00e9ation et la recherche acad\u00e9mique.<\/p>\n\n\n\n<p>Membre du jury du\u00a0<a href=\"https:\/\/www.fondation-micheloud.ch\/prix-de-poesie\/laureats-du-prix-de-poesie\/\">Prix de po\u00e9sie Pierrette Micheloud<\/a>\u00a0depuis 2020.<\/p>\n\n\n\n<p><strong><a href=\"https:\/\/unifrch-my.sharepoint.com\/personal\/nuria_wirth_unifr_ch\/_layouts\/15\/onedrive.aspx?id=%2Fpersonal%2Fnuria%5Fwirth%5Funifr%5Fch%2FDocuments%2FAttachments%201%2FPortefolio%20large%2020250930%2Epdf&amp;parent=%2Fpersonal%2Fnuria%5Fwirth%5Funifr%5Fch%2FDocuments%2FAttachments%201&amp;ga=1\" data-type=\"link\" data-id=\"https:\/\/unifrch-my.sharepoint.com\/personal\/nuria_wirth_unifr_ch\/_layouts\/15\/onedrive.aspx?id=%2Fpersonal%2Fnuria%5Fwirth%5Funifr%5Fch%2FDocuments%2FAttachments%201%2FPortefolio%20large%2020250930%2Epdf&amp;parent=%2Fpersonal%2Fnuria%5Fwirth%5Funifr%5Fch%2FDocuments%2FAttachments%201&amp;ga=1\">PORTFOLIO<\/a><\/strong><\/p>\n","protected":false},"excerpt":{"rendered":"<p>Chercheuse, po\u00e8te et artiste pluridisciplinaire, n\u00e9e \u00e0 Mexico en 1979. Docteure en Sciences Humaines (UPF \u00e0 Barcelone) avec une th\u00e8se sur la pens\u00e9e po\u00e9tique de Paul Celan, ses recherches et ses pr\u00e9occupations artistiques l\u2019am\u00e8nent \u00e0 explorer diverses disciplines et plusieurs langues. Dans la musique elle collabore avec des compositeur.e.s telles qu\u2019Ezko Kikoutchi, Wilfrido Terrazas, Felipe &#8230; <a title=\"Nuria Manzur-Wirth\" class=\"read-more\" href=\"https:\/\/projects.unifr.ch\/aesthetics-critique\/team\/nuria-manzur-wirth\/\">Read more<span class=\"screen-reader-text\">Nuria Manzur-Wirth<\/span><\/a><\/p>\n","protected":false},"author":6,"featured_media":0,"parent":26,"menu_order":0,"comment_status":"closed","ping_status":"closed","template":"","meta":{"footnotes":""},"_links":{"self":[{"href":"https:\/\/projects.unifr.ch\/aesthetics-critique\/wp-json\/wp\/v2\/pages\/1101"}],"collection":[{"href":"https:\/\/projects.unifr.ch\/aesthetics-critique\/wp-json\/wp\/v2\/pages"}],"about":[{"href":"https:\/\/projects.unifr.ch\/aesthetics-critique\/wp-json\/wp\/v2\/types\/page"}],"author":[{"embeddable":true,"href":"https:\/\/projects.unifr.ch\/aesthetics-critique\/wp-json\/wp\/v2\/users\/6"}],"replies":[{"embeddable":true,"href":"https:\/\/projects.unifr.ch\/aesthetics-critique\/wp-json\/wp\/v2\/comments?post=1101"}],"version-history":[{"count":1,"href":"https:\/\/projects.unifr.ch\/aesthetics-critique\/wp-json\/wp\/v2\/pages\/1101\/revisions"}],"predecessor-version":[{"id":1103,"href":"https:\/\/projects.unifr.ch\/aesthetics-critique\/wp-json\/wp\/v2\/pages\/1101\/revisions\/1103"}],"up":[{"embeddable":true,"href":"https:\/\/projects.unifr.ch\/aesthetics-critique\/wp-json\/wp\/v2\/pages\/26"}],"wp:attachment":[{"href":"https:\/\/projects.unifr.ch\/aesthetics-critique\/wp-json\/wp\/v2\/media?parent=1101"}],"curies":[{"name":"wp","href":"https:\/\/api.w.org\/{rel}","templated":true}]}}