{"id":648,"date":"2021-07-12T15:57:26","date_gmt":"2021-07-12T13:57:26","guid":{"rendered":"https:\/\/projects.unifr.ch\/aesthetics-critique\/?page_id=648"},"modified":"2021-07-12T16:19:23","modified_gmt":"2021-07-12T14:19:23","slug":"arianna-sforzini","status":"publish","type":"page","link":"https:\/\/projects.unifr.ch\/aesthetics-critique\/team\/arianna-sforzini\/","title":{"rendered":"Arianna Sforzini"},"content":{"rendered":"\n<figure class=\"wp-block-image size-large is-resized\"><img decoding=\"async\" loading=\"lazy\" src=\"https:\/\/projects.unifr.ch\/aesthetics-critique\/wp-content\/uploads\/2021\/05\/146377.jpg\" alt=\"\" class=\"wp-image-578\" width=\"342\" height=\"342\" srcset=\"https:\/\/projects.unifr.ch\/aesthetics-critique\/wp-content\/uploads\/2021\/05\/146377.jpg 423w, https:\/\/projects.unifr.ch\/aesthetics-critique\/wp-content\/uploads\/2021\/05\/146377-300x300.jpg 300w, https:\/\/projects.unifr.ch\/aesthetics-critique\/wp-content\/uploads\/2021\/05\/146377-150x150.jpg 150w\" sizes=\"(max-width: 342px) 100vw, 342px\" \/><\/figure>\n\n\n\n<p>Arianna Sforzini&nbsp;est assistante docteure \u00e0 l&#8217;Universit\u00e9 de Fribourg (2020\/2022).&nbsp;Docteure en philosophie (Universit\u00e9 Paris-Est Cr\u00e9teil\/Universit\u00e9 de Padoue) et sp\u00e9cialiste de la pens\u00e9e de Michel Foucault, elle est l\u2019auteure de nombreux articles et essais sur la pens\u00e9e foucaldienne et la philosophie contemporaine, notamment dans ses rapports aux arts et aux performances du corps.&nbsp;Elle a publi\u00e9 deux monographies&nbsp;:&nbsp;Les sc\u00e8nes de la v\u00e9rit\u00e9. Michel Foucault et le th\u00e9\u00e2tre&nbsp;(Lormont, Le bord de l\u2019eau, 2017) et&nbsp;Michel Foucault. Une pens\u00e9e du corps&nbsp;(Paris, Puf, 2014).&nbsp;Elle a \u00e9t\u00e9 ATER \u00e0 l\u2019Universit\u00e9 Paris-Est Cr\u00e9teil (2014-2015), post-doctorante \u00e0 l\u2019ICI Berlin \u2013&nbsp;Institute for Cultural Inquiry&nbsp;(2016-2017), enseignante en&nbsp;humanit\u00e9s politiques \u00e0 Sciences po \u2013 Paris&nbsp;et Reims (2017-2021),&nbsp;ing\u00e9nieure en analyse de sources historiques au CNRS, dans le cadre du projet ANR \u00ab&nbsp;Foucault Fiches de Lecture&nbsp;\u00bb&nbsp;(CNRS \u2013 ENS Lyon,&nbsp;2018-2020) et chercheuse invit\u00e9e \u00e0 la Biblioth\u00e8que nationale de France, travaillant \u00e0 l\u2019\u00e9tablissement d\u2019un nouvel inventaire du fonds Michel Foucault (2016-2019).&nbsp;Elle a co-dirig\u00e9&nbsp;Un demi-si\u00e8cle d\u2019Histoire de la folie&nbsp;(Paris, Kim\u00e9, 2013),&nbsp;Michel Foucault&nbsp;: \u00e9thique et v\u00e9rit\u00e9 (1980-1984)&nbsp;(Paris, Vrin, 2013), et&nbsp;Foucault(s)&nbsp;(Paris, Publications de la Sorbonne, 2017).&nbsp;<\/p>\n","protected":false},"excerpt":{"rendered":"<p>Arianna Sforzini&nbsp;est assistante docteure \u00e0 l&#8217;Universit\u00e9 de Fribourg (2020\/2022).&nbsp;Docteure en philosophie (Universit\u00e9 Paris-Est Cr\u00e9teil\/Universit\u00e9 de Padoue) et sp\u00e9cialiste de la pens\u00e9e de Michel Foucault, elle est l\u2019auteure de nombreux articles et essais sur la pens\u00e9e foucaldienne et la philosophie contemporaine, notamment dans ses rapports aux arts et aux performances du corps.&nbsp;Elle a publi\u00e9 deux monographies&nbsp;:&nbsp;Les &#8230; <a title=\"Arianna Sforzini\" class=\"read-more\" href=\"https:\/\/projects.unifr.ch\/aesthetics-critique\/team\/arianna-sforzini\/\">Read more<span class=\"screen-reader-text\">Arianna Sforzini<\/span><\/a><\/p>\n","protected":false},"author":3,"featured_media":0,"parent":26,"menu_order":0,"comment_status":"closed","ping_status":"closed","template":"","meta":{"footnotes":""},"_links":{"self":[{"href":"https:\/\/projects.unifr.ch\/aesthetics-critique\/wp-json\/wp\/v2\/pages\/648"}],"collection":[{"href":"https:\/\/projects.unifr.ch\/aesthetics-critique\/wp-json\/wp\/v2\/pages"}],"about":[{"href":"https:\/\/projects.unifr.ch\/aesthetics-critique\/wp-json\/wp\/v2\/types\/page"}],"author":[{"embeddable":true,"href":"https:\/\/projects.unifr.ch\/aesthetics-critique\/wp-json\/wp\/v2\/users\/3"}],"replies":[{"embeddable":true,"href":"https:\/\/projects.unifr.ch\/aesthetics-critique\/wp-json\/wp\/v2\/comments?post=648"}],"version-history":[{"count":2,"href":"https:\/\/projects.unifr.ch\/aesthetics-critique\/wp-json\/wp\/v2\/pages\/648\/revisions"}],"predecessor-version":[{"id":670,"href":"https:\/\/projects.unifr.ch\/aesthetics-critique\/wp-json\/wp\/v2\/pages\/648\/revisions\/670"}],"up":[{"embeddable":true,"href":"https:\/\/projects.unifr.ch\/aesthetics-critique\/wp-json\/wp\/v2\/pages\/26"}],"wp:attachment":[{"href":"https:\/\/projects.unifr.ch\/aesthetics-critique\/wp-json\/wp\/v2\/media?parent=648"}],"curies":[{"name":"wp","href":"https:\/\/api.w.org\/{rel}","templated":true}]}}