{"id":121,"date":"2023-07-07T20:31:18","date_gmt":"2023-07-07T18:31:18","guid":{"rendered":"https:\/\/mr.4lima.de\/?page_id=121"},"modified":"2023-10-06T20:33:21","modified_gmt":"2023-10-06T20:33:21","slug":"beirat","status":"publish","type":"page","link":"https:\/\/projects.unifr.ch\/medikale-raeume\/index.php\/beirat\/","title":{"rendered":"Beirat"},"content":{"rendered":"<p>[et_pb_section fb_built=&#8220;1&#8243; _builder_version=&#8220;4.21.0&#8243; _module_preset=&#8220;default&#8220; background_color=&#8220;rgba(236,243,243,0.72)&#8220; background_image=&#8220;https:\/\/mr.4lima.de\/wp-content\/uploads\/2023\/07\/max-fuchs-Nm6ojlDO-5c-unsplash-scaled.jpg&#8220; background_blend=&#8220;lighten&#8220; transform_translate=&#8220;0px|-105px&#8220; transform_translate_linked=&#8220;off&#8220; custom_margin=&#8220;||||false|false&#8220; custom_padding=&#8220;105px||||false|false&#8220; border_radii=&#8220;off|||40px|40px&#8220; global_colors_info=&#8220;{}&#8220;][et_pb_row custom_padding_last_edited=&#8220;on|phone&#8220; _builder_version=&#8220;4.21.0&#8243; _module_preset=&#8220;default&#8220; width_tablet=&#8220;&#8220; width_phone=&#8220;90%&#8220; width_last_edited=&#8220;on|phone&#8220; custom_margin=&#8220;28px|auto|80px|auto|false|false&#8220; custom_padding=&#8220;|500px|||false|false&#8220; custom_padding_tablet=&#8220;|500px|||false|false&#8220; custom_padding_phone=&#8220;|0px|||false|false&#8220; global_colors_info=&#8220;{}&#8220;][et_pb_column type=&#8220;4_4&#8243; _builder_version=&#8220;4.21.0&#8243; _module_preset=&#8220;default&#8220; global_colors_info=&#8220;{}&#8220;][et_pb_text _builder_version=&#8220;4.21.0&#8243; _module_preset=&#8220;default&#8220; header_font=&#8220;Poppins|500|||||||&#8220; header_text_color=&#8220;#17181c&#8220; header_font_size=&#8220;44px&#8220; header_line_height=&#8220;1.2em&#8220; custom_margin=&#8220;62px|||||&#8220; hover_enabled=&#8220;0&#8243; global_colors_info=&#8220;{}&#8220; sticky_enabled=&#8220;0&#8243;]<\/p>\n<h1>Beirat<\/h1>\n<p>[\/et_pb_text][et_pb_text _builder_version=&#8220;4.21.0&#8243; _module_preset=&#8220;default&#8220; text_font=&#8220;Poppins||||||||&#8220; text_font_size=&#8220;16px&#8220; global_colors_info=&#8220;{}&#8220; text_line_height=&#8220;1.6em&#8220;]<\/p>\n<p>W\u00e4hrend der gesamten Projektlaufzeit steht das Team im Austausch mit einem Panel an ExpertInnen aus verschiedenen Bereichen, die f\u00fcr unsere Arbeit von zentraler Bedeutung sind.<\/p>\n<p>[\/et_pb_text][\/et_pb_column][\/et_pb_row][\/et_pb_section][et_pb_section fb_built=&#8220;1&#8243; _builder_version=&#8220;4.21.0&#8243; _module_preset=&#8220;default&#8220; custom_margin=&#8220;65px||||false|false&#8220; custom_padding=&#8220;0px||250px||false|false&#8220; global_colors_info=&#8220;{}&#8220;][et_pb_row column_structure=&#8220;1_4,1_4,1_4,1_4&#8243; _builder_version=&#8220;4.21.0&#8243; _module_preset=&#8220;default&#8220; width_tablet=&#8220;&#8220; width_phone=&#8220;90%&#8220; width_last_edited=&#8220;on|phone&#8220; custom_margin=&#8220;|auto|36px|auto||&#8220; global_colors_info=&#8220;{}&#8220;][et_pb_column type=&#8220;1_4&#8243; _builder_version=&#8220;4.21.0&#8243; _module_preset=&#8220;default&#8220; global_colors_info=&#8220;{}&#8220;][et_pb_text _builder_version=&#8220;4.21.0&#8243; _module_preset=&#8220;default&#8220; header_font=&#8220;|500|||||||&#8220; header_text_color=&#8220;#17181c&#8220; header_font_size=&#8220;46px&#8220; header_line_height=&#8220;1.2em&#8220; header_2_font=&#8220;Poppins||||||||&#8220; header_2_text_align=&#8220;center&#8220; custom_margin=&#8220;||8px||false|false&#8220; hover_enabled=&#8220;0&#8243; global_colors_info=&#8220;{}&#8220; header_2_font_size=&#8220;21px&#8220; sticky_enabled=&#8220;0&#8243;]<\/p>\n<h2>Prof. Cornelius Borck<\/h2>\n<p>[\/et_pb_text][et_pb_text _builder_version=&#8220;4.21.0&#8243; _module_preset=&#8220;default&#8220; text_font=&#8220;Poppins||||||||&#8220; text_font_size=&#8220;15px&#8220; text_orientation=&#8220;center&#8220; hover_enabled=&#8220;0&#8243; global_colors_info=&#8220;{}&#8220; sticky_enabled=&#8220;0&#8243;]<\/p>\n<p>Medizingeschichte,<br \/>Universit\u00e4t L\u00fcbeck<\/p>\n<p>[\/et_pb_text][\/et_pb_column][et_pb_column type=&#8220;1_4&#8243; _builder_version=&#8220;4.21.0&#8243; _module_preset=&#8220;default&#8220; global_colors_info=&#8220;{}&#8220;][et_pb_text _builder_version=&#8220;4.21.0&#8243; _module_preset=&#8220;default&#8220; header_font=&#8220;|500|||||||&#8220; header_text_color=&#8220;#17181c&#8220; header_font_size=&#8220;46px&#8220; header_line_height=&#8220;1.2em&#8220; header_2_font=&#8220;Poppins||||||||&#8220; header_2_text_align=&#8220;center&#8220; custom_margin=&#8220;||8px||false|false&#8220; global_colors_info=&#8220;{}&#8220; header_2_font_size=&#8220;21px&#8220;]<\/p>\n<h2>Prof. Flurin Condrau<\/h2>\n<p>[\/et_pb_text][et_pb_text _builder_version=&#8220;4.21.0&#8243; _module_preset=&#8220;default&#8220; text_font=&#8220;Poppins||||||||&#8220; text_font_size=&#8220;15px&#8220; text_orientation=&#8220;center&#8220; global_colors_info=&#8220;{}&#8220;]<\/p>\n<p>Medizingeschichte,<br \/>Universit\u00e4t Z\u00fcrich<\/p>\n<p>[\/et_pb_text][\/et_pb_column][et_pb_column type=&#8220;1_4&#8243; _builder_version=&#8220;4.21.0&#8243; _module_preset=&#8220;default&#8220; global_colors_info=&#8220;{}&#8220;][et_pb_text _builder_version=&#8220;4.21.0&#8243; _module_preset=&#8220;default&#8220; header_font=&#8220;|500|||||||&#8220; header_text_color=&#8220;#17181c&#8220; header_font_size=&#8220;46px&#8220; header_line_height=&#8220;1.2em&#8220; header_2_font=&#8220;Poppins||||||||&#8220; header_2_text_align=&#8220;center&#8220; custom_margin=&#8220;||8px||false|false&#8220; global_colors_info=&#8220;{}&#8220; header_2_font_size=&#8220;21px&#8220;]<\/p>\n<h2>Prof. Tom Kindt<\/h2>\n<p>[\/et_pb_text][et_pb_text _builder_version=&#8220;4.21.0&#8243; _module_preset=&#8220;default&#8220; text_font=&#8220;Poppins||||||||&#8220; text_font_size=&#8220;15px&#8220; text_orientation=&#8220;center&#8220; global_colors_info=&#8220;{}&#8220;]<\/p>\n<p>Germanistik,<br \/>Universit\u00e4t Fribourg<\/p>\n<p>[\/et_pb_text][\/et_pb_column][et_pb_column type=&#8220;1_4&#8243; _builder_version=&#8220;4.21.0&#8243; _module_preset=&#8220;default&#8220; global_colors_info=&#8220;{}&#8220;][et_pb_text _builder_version=&#8220;4.21.0&#8243; _module_preset=&#8220;default&#8220; header_font=&#8220;|500|||||||&#8220; header_text_color=&#8220;#17181c&#8220; header_font_size=&#8220;46px&#8220; header_line_height=&#8220;1.2em&#8220; header_2_font=&#8220;Poppins||||||||&#8220; header_2_text_align=&#8220;center&#8220; custom_margin=&#8220;||8px||false|false&#8220; global_colors_info=&#8220;{}&#8220; header_2_font_size=&#8220;21px&#8220;]<\/p>\n<h2>Prof. Janina Kehr<\/h2>\n<p>[\/et_pb_text][et_pb_text _builder_version=&#8220;4.21.0&#8243; _module_preset=&#8220;default&#8220; text_font=&#8220;Poppins||||||||&#8220; text_font_size=&#8220;15px&#8220; text_orientation=&#8220;center&#8220; global_colors_info=&#8220;{}&#8220;]<\/p>\n<p>Medizinanthropologie,<br \/>Universit\u00e4t Wien<\/p>\n<p>[\/et_pb_text][\/et_pb_column][\/et_pb_row][et_pb_row column_structure=&#8220;1_4,1_4,1_4,1_4&#8243; _builder_version=&#8220;4.21.0&#8243; _module_preset=&#8220;default&#8220; width_tablet=&#8220;&#8220; width_phone=&#8220;90%&#8220; width_last_edited=&#8220;on|phone&#8220; global_colors_info=&#8220;{}&#8220;][et_pb_column type=&#8220;1_4&#8243; _builder_version=&#8220;4.21.0&#8243; _module_preset=&#8220;default&#8220; global_colors_info=&#8220;{}&#8220;][et_pb_text _builder_version=&#8220;4.21.0&#8243; _module_preset=&#8220;default&#8220; header_font=&#8220;|500|||||||&#8220; header_text_color=&#8220;#17181c&#8220; header_font_size=&#8220;46px&#8220; header_line_height=&#8220;1.2em&#8220; header_2_font=&#8220;Poppins||||||||&#8220; header_2_text_align=&#8220;center&#8220; custom_margin=&#8220;||8px||false|false&#8220; global_colors_info=&#8220;{}&#8220; header_2_font_size=&#8220;21px&#8220;]<\/p>\n<h2>Hans Nickl<\/h2>\n<p>[\/et_pb_text][et_pb_text _builder_version=&#8220;4.21.0&#8243; _module_preset=&#8220;default&#8220; text_font=&#8220;Poppins||||||||&#8220; text_font_size=&#8220;15px&#8220; text_orientation=&#8220;center&#8220; global_colors_info=&#8220;{}&#8220;]<\/p>\n<p>Architekt,<br \/>M\u00fcnchen<\/p>\n<p>[\/et_pb_text][\/et_pb_column][et_pb_column type=&#8220;1_4&#8243; _builder_version=&#8220;4.21.0&#8243; _module_preset=&#8220;default&#8220; global_colors_info=&#8220;{}&#8220;][et_pb_text _builder_version=&#8220;4.21.0&#8243; _module_preset=&#8220;default&#8220; header_font=&#8220;|500|||||||&#8220; header_text_color=&#8220;#17181c&#8220; header_font_size=&#8220;46px&#8220; header_line_height=&#8220;1.2em&#8220; header_2_font=&#8220;Poppins||||||||&#8220; header_2_text_align=&#8220;center&#8220; custom_margin=&#8220;||8px||false|false&#8220; hover_enabled=&#8220;0&#8243; global_colors_info=&#8220;{}&#8220; sticky_enabled=&#8220;0&#8243; header_2_font_size=&#8220;21px&#8220;]<\/p>\n<h2>Prof. Ansgar N\u00fcnning<\/h2>\n<p>[\/et_pb_text][et_pb_text _builder_version=&#8220;4.21.0&#8243; _module_preset=&#8220;default&#8220; text_font=&#8220;Poppins||||||||&#8220; text_font_size=&#8220;15px&#8220; text_orientation=&#8220;center&#8220; global_colors_info=&#8220;{}&#8220;]<\/p>\n<p>Anglistik,<br \/>Universit\u00e4t Gie\u00dfen<\/p>\n<p>[\/et_pb_text][\/et_pb_column][et_pb_column type=&#8220;1_4&#8243; _builder_version=&#8220;4.21.0&#8243; _module_preset=&#8220;default&#8220; global_colors_info=&#8220;{}&#8220;][et_pb_text _builder_version=&#8220;4.21.0&#8243; _module_preset=&#8220;default&#8220; header_font=&#8220;|500|||||||&#8220; header_text_color=&#8220;#17181c&#8220; header_font_size=&#8220;46px&#8220; header_line_height=&#8220;1.2em&#8220; header_2_font=&#8220;Poppins||||||||&#8220; header_2_text_align=&#8220;center&#8220; custom_margin=&#8220;||8px||false|false&#8220; global_colors_info=&#8220;{}&#8220; header_2_font_size=&#8220;21px&#8220;]<\/p>\n<h2>Prof. Philip Ursprung<\/h2>\n<p>[\/et_pb_text][et_pb_text _builder_version=&#8220;4.21.0&#8243; _module_preset=&#8220;default&#8220; text_font=&#8220;Poppins||||||||&#8220; text_font_size=&#8220;15px&#8220; text_orientation=&#8220;center&#8220; global_colors_info=&#8220;{}&#8220;]<\/p>\n<p>Architekturgeschichte,<br \/>Universit\u00e4t Z\u00fcrich<\/p>\n<p>[\/et_pb_text][\/et_pb_column][et_pb_column type=&#8220;1_4&#8243; _builder_version=&#8220;4.21.0&#8243; _module_preset=&#8220;default&#8220; global_colors_info=&#8220;{}&#8220;][et_pb_text _builder_version=&#8220;4.21.0&#8243; _module_preset=&#8220;default&#8220; header_font=&#8220;|500|||||||&#8220; header_text_color=&#8220;#17181c&#8220; header_font_size=&#8220;46px&#8220; header_line_height=&#8220;1.2em&#8220; header_2_font=&#8220;Poppins||||||||&#8220; header_2_text_align=&#8220;center&#8220; custom_margin=&#8220;||8px||false|false&#8220; global_colors_info=&#8220;{}&#8220; header_2_font_size=&#8220;21px&#8220; text_font=&#8220;Poppins||||||||&#8220; text_font_size=&#8220;15px&#8220; text_orientation=&#8220;center&#8220;]<\/p>\n<h2>Prof. Neil Vickers<\/h2>\n<p>[\/et_pb_text][et_pb_text _builder_version=&#8220;4.21.0&#8243; _module_preset=&#8220;default&#8220; text_font=&#8220;Poppins||||||||&#8220; text_font_size=&#8220;15px&#8220; text_orientation=&#8220;center&#8220; global_colors_info=&#8220;{}&#8220;]<\/p>\n<p>Medical Humanities,<br \/>King&#8217;s College London<\/p>\n<p>[\/et_pb_text][\/et_pb_column][\/et_pb_row][\/et_pb_section]<\/p>\n","protected":false},"excerpt":{"rendered":"<p>BeiratW\u00e4hrend der gesamten Projektlaufzeit steht das Team im Austausch mit einem Panel an ExpertInnen aus verschiedenen Bereichen, die f\u00fcr unsere Arbeit von zentraler Bedeutung sind.Prof. Cornelius BorckMedizingeschichte,Universit\u00e4t L\u00fcbeckProf. Flurin CondrauMedizingeschichte,Universit\u00e4t Z\u00fcrichProf. Tom KindtGermanistik,Universit\u00e4t FribourgProf. Janina KehrMedizinanthropologie,Universit\u00e4t WienHans NicklArchitekt,M\u00fcnchenProf. Ansgar N\u00fcnningAnglistik,Universit\u00e4t Gie\u00dfenProf. Philip UrsprungArchitekturgeschichte,Universit\u00e4t Z\u00fcrichProf. Neil VickersMedical Humanities,King&#8217;s College London<\/p>\n","protected":false},"author":2,"featured_media":0,"parent":0,"menu_order":0,"comment_status":"closed","ping_status":"closed","template":"","meta":{"_et_pb_use_builder":"on","_et_pb_old_content":"","_et_gb_content_width":"","footnotes":""},"_links":{"self":[{"href":"https:\/\/projects.unifr.ch\/medikale-raeume\/index.php\/wp-json\/wp\/v2\/pages\/121"}],"collection":[{"href":"https:\/\/projects.unifr.ch\/medikale-raeume\/index.php\/wp-json\/wp\/v2\/pages"}],"about":[{"href":"https:\/\/projects.unifr.ch\/medikale-raeume\/index.php\/wp-json\/wp\/v2\/types\/page"}],"author":[{"embeddable":true,"href":"https:\/\/projects.unifr.ch\/medikale-raeume\/index.php\/wp-json\/wp\/v2\/users\/2"}],"replies":[{"embeddable":true,"href":"https:\/\/projects.unifr.ch\/medikale-raeume\/index.php\/wp-json\/wp\/v2\/comments?post=121"}],"version-history":[{"count":1,"href":"https:\/\/projects.unifr.ch\/medikale-raeume\/index.php\/wp-json\/wp\/v2\/pages\/121\/revisions"}],"predecessor-version":[{"id":376,"href":"https:\/\/projects.unifr.ch\/medikale-raeume\/index.php\/wp-json\/wp\/v2\/pages\/121\/revisions\/376"}],"wp:attachment":[{"href":"https:\/\/projects.unifr.ch\/medikale-raeume\/index.php\/wp-json\/wp\/v2\/media?parent=121"}],"curies":[{"name":"wp","href":"https:\/\/api.w.org\/{rel}","templated":true}]}}