{"id":405,"date":"2023-10-15T09:57:32","date_gmt":"2023-10-15T09:57:32","guid":{"rendered":"https:\/\/projects.unifr.ch\/medikale-raeume\/?page_id=405"},"modified":"2026-03-01T09:34:57","modified_gmt":"2026-03-01T09:34:57","slug":"ueber","status":"publish","type":"page","link":"https:\/\/projects.unifr.ch\/medikale-raeume\/index.php\/ueber\/","title":{"rendered":"\u00dcber"},"content":{"rendered":"<p>[et_pb_section fb_built=&#8220;1&#8243; _builder_version=&#8220;4.21.0&#8243; _module_preset=&#8220;default&#8220; background_color=&#8220;rgba(236,243,243,0.72)&#8220; background_image=&#8220;https:\/\/mr.4lima.de\/wp-content\/uploads\/2023\/07\/max-fuchs-Nm6ojlDO-5c-unsplash-scaled.jpg&#8220; background_blend=&#8220;lighten&#8220; transform_translate=&#8220;0px|-105px&#8220; transform_translate_linked=&#8220;off&#8220; custom_margin=&#8220;||||false|false&#8220; custom_padding=&#8220;105px||||false|false&#8220; border_radii=&#8220;off|||40px|40px&#8220; global_colors_info=&#8220;{}&#8220;][et_pb_row custom_padding_last_edited=&#8220;on|phone&#8220; _builder_version=&#8220;4.21.0&#8243; _module_preset=&#8220;default&#8220; width_tablet=&#8220;&#8220; width_phone=&#8220;90%&#8220; width_last_edited=&#8220;on|phone&#8220; custom_margin=&#8220;28px|auto|80px|auto|false|false&#8220; custom_margin_tablet=&#8220;28px|auto|80px|auto|false|false&#8220; custom_margin_phone=&#8220;-100px||||false|false&#8220; custom_margin_last_edited=&#8220;on|phone&#8220; custom_padding=&#8220;|500px|||false|false&#8220; custom_padding_tablet=&#8220;|500px|||false|false&#8220; custom_padding_phone=&#8220;|0px|||false|false&#8220; global_colors_info=&#8220;{}&#8220;][et_pb_column type=&#8220;4_4&#8243; _builder_version=&#8220;4.21.0&#8243; _module_preset=&#8220;default&#8220; global_colors_info=&#8220;{}&#8220;][et_pb_text _builder_version=&#8220;4.21.0&#8243; _module_preset=&#8220;default&#8220; header_font=&#8220;Poppins|500|||||||&#8220; header_text_color=&#8220;#17181c&#8220; header_font_size=&#8220;44px&#8220; header_line_height=&#8220;1.2em&#8220; custom_margin=&#8220;62px|||||&#8220; global_colors_info=&#8220;{}&#8220;]<\/p>\n<h1>Projekt<\/h1>\n<p>[\/et_pb_text][et_pb_text _builder_version=&#8220;4.21.0&#8243; _module_preset=&#8220;default&#8220; text_font=&#8220;Poppins||||||||&#8220; text_font_size=&#8220;17px&#8220; text_line_height=&#8220;1.6em&#8220; text_orientation=&#8220;justified&#8220; global_colors_info=&#8220;{}&#8220;]<\/p>\n<p><span>Das Projekt untersucht Formen und Funktionen medikaler (Innen-)R\u00e4ume in der Literatur vom fr\u00fchen 20. Jahrhundert bis in die Gegenwart und fragt \u00fcbergreifend nach der Rolle von Literatur im gesellschaftlichen Medikalisierungsprozess.<\/span><\/p>\n<p>[\/et_pb_text][\/et_pb_column][\/et_pb_row][\/et_pb_section][et_pb_section fb_built=&#8220;1&#8243; _builder_version=&#8220;4.21.0&#8243; _module_preset=&#8220;default&#8220; custom_margin=&#8220;65px||||false|false&#8220; custom_padding=&#8220;0px||250px||false|false&#8220; global_colors_info=&#8220;{}&#8220;][et_pb_row column_structure=&#8220;2_3,1_3&#8243; _builder_version=&#8220;4.21.0&#8243; _module_preset=&#8220;default&#8220; width_tablet=&#8220;&#8220; width_phone=&#8220;90%&#8220; width_last_edited=&#8220;on|phone&#8220; global_colors_info=&#8220;{}&#8220;][et_pb_column type=&#8220;2_3&#8243; _builder_version=&#8220;4.21.0&#8243; _module_preset=&#8220;default&#8220; global_colors_info=&#8220;{}&#8220;][et_pb_text _builder_version=&#8220;4.21.0&#8243; _module_preset=&#8220;default&#8220; header_font=&#8220;|500|||||||&#8220; header_text_color=&#8220;#17181c&#8220; header_font_size=&#8220;46px&#8220; header_line_height=&#8220;1.2em&#8220; header_2_font=&#8220;Poppins||||||||&#8220; global_colors_info=&#8220;{}&#8220;]<\/p>\n<h2>Moderne medikale R\u00e4ume<\/h2>\n<p>[\/et_pb_text][et_pb_text _builder_version=&#8220;4.21.0&#8243; _module_preset=&#8220;default&#8220; text_font=&#8220;Poppins||||||||&#8220; text_font_size=&#8220;17px&#8220; text_line_height=&#8220;1.6em&#8220; text_orientation=&#8220;justified&#8220; global_colors_info=&#8220;{}&#8220;]<\/p>\n<p>Chromblitzende Operationss\u00e4le und abgr\u00fcndige Sezierkeller, geheimnisvolle Labore und Kernspin-R\u00e4ume, Kliniklazarette und Gro\u00dfkrankenh\u00e4user: Die westliche Medizin durchl\u00e4uft im 20. und 21. Jahrhundert einen rasanten Prozess der Verwissenschaftlichung \u2013 und der manifestiert sich u.a. in neuartigen Funktionsr\u00e4umen, Geb\u00e4uden und architektonischen Topografien. Sie sind durch Schwellen geordnet und mit technischen Apparaten und Experten best\u00fcckt, die hier neues Wissen und neue Praktiken hervorbringen; das reicht vom Bakteriennachweis \u00fcber den ersten durchleuchteten Brustkorb bis zur erfolgreichen Lebertransplantation.<\/p>\n<p>[\/et_pb_text][\/et_pb_column][et_pb_column type=&#8220;1_3&#8243; _builder_version=&#8220;4.21.0&#8243; _module_preset=&#8220;default&#8220; global_colors_info=&#8220;{}&#8220;][et_pb_image src=&#8220;https:\/\/projects.unifr.ch\/medikale-raeume\/wp-content\/uploads\/2023\/07\/Bakteriologisches-Labor_Koeniglich-Preussisches-Institut-fuer-Infektionskrankheiten_um-1910_Quelle-RKI.jpg&#8220; title_text=&#8220;Bakteriologisches Labor_K\u00f6niglich Preussisches Institut f\u00fcr Infektionskrankheiten_um 1910_Quelle RKI&#8220; show_in_lightbox=&#8220;on&#8220; _builder_version=&#8220;4.21.0&#8243; _module_preset=&#8220;default&#8220; custom_margin=&#8220;65px||15px||false|false&#8220; custom_margin_tablet=&#8220;65px||15px||false|false&#8220; custom_margin_phone=&#8220;20px||||false|false&#8220; custom_margin_last_edited=&#8220;on|phone&#8220; border_radii=&#8220;off|30px||30px|&#8220; global_colors_info=&#8220;{}&#8220;][\/et_pb_image][et_pb_text _builder_version=&#8220;4.21.0&#8243; _module_preset=&#8220;default&#8220; text_font=&#8220;Poppins|300|||||||&#8220; text_line_height=&#8220;1.6em&#8220; text_orientation=&#8220;justified&#8220; custom_margin=&#8220;||||false|false&#8220; global_colors_info=&#8220;{}&#8220;]<\/p>\n<p>Bakteriologisches Labor K\u00f6niglich Preussisches Institut f\u00fcr Infektionskrankheiten um 1910 (RKI)<\/p>\n<p>[\/et_pb_text][\/et_pb_column][\/et_pb_row][et_pb_row column_structure=&#8220;1_2,1_2&#8243; _builder_version=&#8220;4.21.0&#8243; _module_preset=&#8220;default&#8220; width_tablet=&#8220;&#8220; width_phone=&#8220;90%&#8220; width_last_edited=&#8220;on|phone&#8220; custom_margin=&#8220;23px|auto||auto||&#8220; global_colors_info=&#8220;{}&#8220;][et_pb_column type=&#8220;1_2&#8243; _builder_version=&#8220;4.21.0&#8243; _module_preset=&#8220;default&#8220; global_colors_info=&#8220;{}&#8220;][et_pb_image src=&#8220;https:\/\/projects.unifr.ch\/medikale-raeume\/wp-content\/uploads\/2023\/08\/PET_CT_Raum-Charite.png&#8220; title_text=&#8220;PET_CT_Raum Charit\u00e9&#8220; align=&#8220;center&#8220; _builder_version=&#8220;4.21.0&#8243; _module_preset=&#8220;default&#8220; custom_margin=&#8220;||15px||false|false&#8220; border_radii=&#8220;off|30px||30px|&#8220; global_colors_info=&#8220;{}&#8220;][\/et_pb_image][et_pb_text _builder_version=&#8220;4.21.0&#8243; _module_preset=&#8220;default&#8220; text_font=&#8220;Poppins|300|||||||&#8220; text_line_height=&#8220;1.6em&#8220; text_orientation=&#8220;justified&#8220; custom_margin=&#8220;|||25px|false|false&#8220; global_colors_info=&#8220;{}&#8220;]<\/p>\n<p>PET CT Raum Charit\u00e9<\/p>\n<p>[\/et_pb_text][et_pb_text _builder_version=&#8220;4.21.0&#8243; _module_preset=&#8220;default&#8220; header_font=&#8220;|500|||||||&#8220; header_text_color=&#8220;#17181c&#8220; header_font_size=&#8220;46px&#8220; header_line_height=&#8220;1.2em&#8220; header_2_font=&#8220;Poppins||||||||&#8220; custom_margin=&#8220;80px|||||&#8220; global_colors_info=&#8220;{}&#8220;]<\/p>\n<h2>Medikale Schaupl\u00e4tze in der Literatur<\/h2>\n<p>[\/et_pb_text][et_pb_text _builder_version=&#8220;4.21.0&#8243; _module_preset=&#8220;default&#8220; text_font=&#8220;Poppins||||||||&#8220; text_font_size=&#8220;17px&#8220; text_line_height=&#8220;1.6em&#8220; text_orientation=&#8220;justified&#8220; custom_margin=&#8220;||||false|false&#8220; global_colors_info=&#8220;{}&#8220;]<\/p>\n<p>Ganz anders Literatur, besonders erz\u00e4hlende Literatur. Auch sie interessiert sich nachhaltig f\u00fcr medikale R\u00e4ume, entwirft sie als Schaupl\u00e4tze fiktionaler Szenarien, bewahrt sich dabei allerdings stets den reflexiven Blick, der ihr als autonomer Sonderdiskurs eignet. Im Gegensatz zu den epistemischen Eindeutigkeiten und Gewissheiten, die Mediziner ihren Pathologieinstituten, Operationss\u00e4len, Bestrahlungszentren und Kernspin-R\u00e4umen im Laufe des 20. und 21. Jh. anheften, wird die symbolische Vielstelligkeit solcher Orte von Literatur gleichermassen entdeckt und zuallererst hergestellt. Erweisen sich doch Operations- und Bestrahlungs-R\u00e4ume nicht nur als Orte omnipotenter Machbarkeit, sondern als Transitionszonen zwischen Leben und Tod, Individualit\u00e4t und Abstraktion, Humanit\u00e4t und Technizismus.<\/p>\n<p>[\/et_pb_text][\/et_pb_column][et_pb_column type=&#8220;1_2&#8243; _builder_version=&#8220;4.21.0&#8243; _module_preset=&#8220;default&#8220; global_colors_info=&#8220;{}&#8220;][et_pb_text _builder_version=&#8220;4.21.0&#8243; _module_preset=&#8220;default&#8220; text_font=&#8220;Poppins||||||||&#8220; text_font_size=&#8220;17px&#8220; text_line_height=&#8220;1.6em&#8220; text_orientation=&#8220;justified&#8220; global_colors_info=&#8220;{}&#8220;]<\/p>\n<p>In solch hochger\u00fcsteten Binnenr\u00e4umen wird der Mensch also auf neuartige Weise vermessen, quantifiziert und optimiert \u2013 und dementsprechend unterschiedlich fallen die gesellschaftlichen Reaktionen aus. F\u00fcr die naturwissenschaftlich-orthodoxe Medizin dienen diese Funktionsr\u00e4ume h\u00e4ufig der Selbstfeier: In prunkvollen Er\u00f6ffnungsfeiern, Fachpublikationen und popul\u00e4ren Schriften inszeniert man sie als Garanten von Fortschritt, kultureller Stabilit\u00e4t, ja Omnipotenz; besonders in Zeiten der Krise.<\/p>\n<p>[\/et_pb_text][et_pb_image src=&#8220;https:\/\/projects.unifr.ch\/medikale-raeume\/wp-content\/uploads\/2023\/08\/Operationssaal_Bern_Inselspital_1927.jpg&#8220; title_text=&#8220;Operationssaal_Bern_Inselspital_1927&#8243; align=&#8220;center&#8220; _builder_version=&#8220;4.21.0&#8243; _module_preset=&#8220;default&#8220; custom_margin=&#8220;195px||15px||false|false&#8220; custom_margin_tablet=&#8220;195px||15px||false|false&#8220; custom_margin_phone=&#8220;50px||||false|false&#8220; custom_margin_last_edited=&#8220;on|phone&#8220; border_radii=&#8220;off|30px||30px|&#8220; global_colors_info=&#8220;{}&#8220;][\/et_pb_image][et_pb_text _builder_version=&#8220;4.21.0&#8243; _module_preset=&#8220;default&#8220; text_font=&#8220;Poppins|300|||||||&#8220; text_line_height=&#8220;1.6em&#8220; text_orientation=&#8220;justified&#8220; custom_margin=&#8220;||||false|false&#8220; global_colors_info=&#8220;{}&#8220;]<\/p>\n<p>Operationssaal Bern Inselspital 1927<\/p>\n<p>[\/et_pb_text][\/et_pb_column][\/et_pb_row][et_pb_row column_structure=&#8220;1_2,1_2&#8243; _builder_version=&#8220;4.21.0&#8243; _module_preset=&#8220;default&#8220; width_tablet=&#8220;&#8220; width_phone=&#8220;90%&#8220; width_last_edited=&#8220;on|phone&#8220; custom_margin=&#8220;40px|auto||auto||&#8220; custom_padding=&#8220;62px|||||&#8220; global_colors_info=&#8220;{}&#8220;][et_pb_column type=&#8220;1_2&#8243; _builder_version=&#8220;4.21.0&#8243; _module_preset=&#8220;default&#8220; global_colors_info=&#8220;{}&#8220;][et_pb_image src=&#8220;https:\/\/projects.unifr.ch\/medikale-raeume\/wp-content\/uploads\/2023\/08\/Heilstaette_Grafenhof.jpg&#8220; title_text=&#8220;Heilst\u00e4tte_Grafenhof&#8220; show_in_lightbox=&#8220;on&#8220; _builder_version=&#8220;4.21.0&#8243; _module_preset=&#8220;default&#8220; custom_margin=&#8220;||15px||false|false&#8220; border_radii=&#8220;off|30px||30px|&#8220; global_colors_info=&#8220;{}&#8220;][\/et_pb_image][et_pb_text _builder_version=&#8220;4.21.0&#8243; _module_preset=&#8220;default&#8220; text_font=&#8220;Poppins|300|||||||&#8220; text_line_height=&#8220;1.6em&#8220; text_orientation=&#8220;justified&#8220; custom_margin=&#8220;||||false|false&#8220; global_colors_info=&#8220;{}&#8220;]<\/p>\n<p>Heilst\u00e4tte Grafenhof<\/p>\n<p>[\/et_pb_text][\/et_pb_column][et_pb_column type=&#8220;1_2&#8243; _builder_version=&#8220;4.21.0&#8243; _module_preset=&#8220;default&#8220; global_colors_info=&#8220;{}&#8220;][et_pb_text _builder_version=&#8220;4.21.0&#8243; _module_preset=&#8220;default&#8220; text_font=&#8220;Poppins||||||||&#8220; text_font_size=&#8220;17px&#8220; text_line_height=&#8220;1.6em&#8220; text_orientation=&#8220;justified&#8220; global_colors_info=&#8220;{}&#8220;]<\/p>\n<p>Solchen literarischen Inszenierungen, von Ernst Wei\u00df\u2019 und Leonhard Frank bis zu Christa Wolf und David Wagner, gehen wir im Projekt nach. Leithypothese ist, dass medikale R\u00e4ume \u2013 aufgrund ihrer Zeichenhaftigkeit, Enigmatik und Abgesondertheit \u2013 weniger Krisen stillstellen als der kulturellen Reflexion von Krisen dienen; und zwar der vielf\u00e4ltigen politischen, k\u00fcnstlerischen und gesellschaftlichen Krisen, die das lange 20. Jhdt. ersch\u00fcttern.<\/p>\n<p>[\/et_pb_text][\/et_pb_column][\/et_pb_row][et_pb_row _builder_version=&#8220;4.21.0&#8243; _module_preset=&#8220;default&#8220; width_tablet=&#8220;&#8220; width_phone=&#8220;90%&#8220; width_last_edited=&#8220;on|phone&#8220; global_colors_info=&#8220;{}&#8220;][et_pb_column type=&#8220;4_4&#8243; _builder_version=&#8220;4.21.0&#8243; _module_preset=&#8220;default&#8220; global_colors_info=&#8220;{}&#8220;][et_pb_text _builder_version=&#8220;4.21.0&#8243; _module_preset=&#8220;default&#8220; header_font=&#8220;|500|||||||&#8220; header_text_color=&#8220;#17181c&#8220; header_font_size=&#8220;46px&#8220; header_line_height=&#8220;1.2em&#8220; header_2_font=&#8220;Poppins||||||||&#8220; custom_margin=&#8220;60px|||||&#8220; global_colors_info=&#8220;{}&#8220;]<\/p>\n<h2>Zeitepochen: Zwischenkriegszeit (1918-1933) und \u2018lange\u2019 Gegenwart (1945-jetzt)<\/h2>\n<p>[\/et_pb_text][et_pb_text _builder_version=&#8220;4.21.0&#8243; _module_preset=&#8220;default&#8220; text_font=&#8220;Poppins||||||||&#8220; text_font_size=&#8220;17px&#8220; text_line_height=&#8220;1.6em&#8220; text_orientation=&#8220;justified&#8220; custom_margin=&#8220;||2px|||&#8220; global_colors_info=&#8220;{}&#8220;]Dabei konzentrieren wir uns historisch auf zwei Zeitabschnitte, die erstens wesentliche medikale Innovationssch\u00fcbe, zweitens neue Erz\u00e4hlformen und drittens beschleunigten soziopolitischen Systemwandel und ver\u00e4nderte Menschenbilder hervorbringen: Die Zwischenkriegszeit sowie die Gegenwart; Letztere weit gedacht von der Nachkriegszeit bis zur Postmoderne, deren Literaturbetrieb seinerseits stark durch die Bewegung der Medical Humanities gepr\u00e4gt ist. Und aus der Doppelperspektive der Medical Humanities wollen wir \u2013 zum einen \u2013 die Rolle von Literatur im Prozess der Medikalisierung erkunden, der das lange 20. Jhdt. auf singul\u00e4re Weise pr\u00e4gt. Zum anderen fragen wir danach, wie sich die Raumangebote der Technikmedizin auf das Erz\u00e4hlen, auf poetologische Reflexionen und Gattungsexperimente auswirken; ob sie neue Genres und mediale Formate hervorbringen, beispielsweise die den aktuellen Buchmarkt \u00fcberschwemmenden Illness narratives. Damit versteht sich unser Projekt als Beitrag zur kurrenten literaturwissenschaftlichen Raumforschung; methodologisch leitend sind dabei Rahmentheorien zur Narratologie des Raumes. [\/et_pb_text][et_pb_text _builder_version=&#8220;4.21.0&#8243; _module_preset=&#8220;default&#8220; text_font=&#8220;Poppins||||||||&#8220; text_font_size=&#8220;17px&#8220; text_line_height=&#8220;1.6em&#8220; text_orientation=&#8220;justified&#8220; custom_margin=&#8220;28px|||||&#8220; global_colors_info=&#8220;{}&#8220;]Literatur hat, so ist also zu vermuten, am kulturellen Medikalisierungsprozess nicht nur entscheidenden Anteil, sondern nimmt mit einer eigenst\u00e4ndigen Stimme an der Raumgestaltung teil. Dieser Ausgangsvermutung gehen wir in zwei Teilprojekten nach, die als Monografien angelegt sind und sich den zwei genannten Zeitabschnitten widmen.[\/et_pb_text][\/et_pb_column][\/et_pb_row][et_pb_row _builder_version=&#8220;4.21.0&#8243; _module_preset=&#8220;default&#8220; width_tablet=&#8220;&#8220; width_phone=&#8220;90%&#8220; width_last_edited=&#8220;on|phone&#8220; global_colors_info=&#8220;{}&#8220;][et_pb_column type=&#8220;4_4&#8243; _builder_version=&#8220;4.21.0&#8243; _module_preset=&#8220;default&#8220; global_colors_info=&#8220;{}&#8220;][et_pb_text _builder_version=&#8220;4.21.0&#8243; _module_preset=&#8220;default&#8220; header_font=&#8220;|500|||||||&#8220; header_text_color=&#8220;#17181c&#8220; header_font_size=&#8220;46px&#8220; header_line_height=&#8220;1.2em&#8220; header_2_font=&#8220;Poppins||||||||&#8220; custom_margin=&#8220;60px|||||&#8220; global_colors_info=&#8220;{}&#8220;]<\/p>\n<h2>Teilprojekt 1 \u00bbEin heimatlicher Geruch von allerlei Chemikalien\u00ab: Medikale Expertenr\u00e4ume in der Erz\u00e4hlprosa 1918-1933<\/h2>\n<p>[\/et_pb_text][et_pb_text _builder_version=&#8220;4.21.0&#8243; _module_preset=&#8220;default&#8220; text_font=&#8220;Poppins||||||||&#8220; text_font_size=&#8220;17px&#8220; text_line_height=&#8220;1.6em&#8220; text_orientation=&#8220;justified&#8220; custom_margin=&#8220;||2px|||&#8220; global_colors_info=&#8220;{}&#8220;]Das Teilprojekt geht der Bedeutung neuartiger medikaler R\u00e4ume in der heterogenen Prosa der Zwischenkriegszeit nach. Wie werden solche Raumszenarien narrativ dargestellt, symbolisch codiert und zur Reflexion multipler Krisenerfahrungen \u2013 Krieg und Wirtschaftskrise, Vermassung und Prekarisierung, Revolution und politische Extremismen, zerfallende Gesellschafts- und Gender-Konzepte \u2013 funktionalisiert? Martina King (PI) untersucht diese Fragen anhand folgender Texte:[\/et_pb_text][et_pb_text _builder_version=&#8220;4.21.0&#8243; _module_preset=&#8220;default&#8220; text_font=&#8220;Poppins||||||||&#8220; text_font_size=&#8220;17px&#8220; text_line_height=&#8220;1.6em&#8220; text_orientation=&#8220;justified&#8220; custom_margin=&#8220;28px|||||&#8220; global_colors_info=&#8220;{}&#8220;]<\/p>\n<p>Leonhard Frank: <em>Die Kriegskr\u00fcppel<\/em> (1918), Ernst Wei\u00df: <em>Mensch gegen Mensch<\/em> (1919), Ders.: <em>Der Arzt<\/em> (1919), Thomas Mann: <em>Der Zauberberg<\/em> (1924), Arthur Schnitzler: <em>Traumnovelle<\/em> (1925), Paula Schlier: <em>Petras Aufzeichnungen oder Konzept<\/em> <em>einer Jugend nach dem Diktat der Zeit<\/em> (1926), Franz Werfel: <em>Die Entfremdung<\/em> (1927), Erich Maria Remarque: Im Westen nichts Neues (1928), Ernst Wei\u00df: <em>Georg Letham, Arzt und M\u00f6rder<\/em> (1931), Ders.: <em>Die Herznaht<\/em> (1937)<\/p>\n<p>[\/et_pb_text][\/et_pb_column][\/et_pb_row][et_pb_row _builder_version=&#8220;4.21.0&#8243; _module_preset=&#8220;default&#8220; width_tablet=&#8220;&#8220; width_phone=&#8220;90%&#8220; width_last_edited=&#8220;on|phone&#8220; global_colors_info=&#8220;{}&#8220;][et_pb_column type=&#8220;4_4&#8243; _builder_version=&#8220;4.21.0&#8243; _module_preset=&#8220;default&#8220; global_colors_info=&#8220;{}&#8220;][et_pb_text _builder_version=&#8220;4.21.0&#8243; _module_preset=&#8220;default&#8220; header_font=&#8220;|500|||||||&#8220; header_text_color=&#8220;#17181c&#8220; header_font_size=&#8220;46px&#8220; header_line_height=&#8220;1.2em&#8220; header_2_font=&#8220;Poppins||||||||&#8220; custom_margin=&#8220;60px|||||&#8220; global_colors_info=&#8220;{}&#8220;]<\/p>\n<h2>Teilprojekt 2 CT-R\u00f6hre und Kellerlabyrinth: Medikale R\u00e4ume in der Autopathobiografik der Sp\u00e4t- und Postmoderne<\/h2>\n<p>[\/et_pb_text][et_pb_text _builder_version=&#8220;4.21.0&#8243; _module_preset=&#8220;default&#8220; text_font=&#8220;Poppins||||||||&#8220; text_font_size=&#8220;17px&#8220; text_line_height=&#8220;1.6em&#8220; text_orientation=&#8220;justified&#8220; custom_margin=&#8220;||2px|||&#8220; global_colors_info=&#8220;{}&#8220;]<\/p>\n<p>Das Teilprojekt \u00fcbertr\u00e4gt die Frage nach der Bedeutung medikaler R\u00e4ume auf Klinikschaupl\u00e4tze in der Autobiografik des sp\u00e4teren 20. und 21. Jhdts. Wie werden die R\u00e4ume der Hochleistungsmedizin und des Gro\u00dfkrankenhauses, in denen die internationalen Illness narratives angesiedelt sind, erz\u00e4hlerisch dargestellt und zum Vehikel f\u00fcr eine F\u00fclle von Krisenreflexionen subjektzentrierter, politischer und autorit\u00e4tskritischer Art? Mona Baie (Doktorandin) untersucht dies in komparatistischer Perspektive anhand folgender deutsch- und englischsprachiger Texte:<\/p>\n<p>[\/et_pb_text][et_pb_text _builder_version=&#8220;4.21.0&#8243; _module_preset=&#8220;default&#8220; text_font=&#8220;Poppins||||||||&#8220; text_font_size=&#8220;17px&#8220; text_line_height=&#8220;1.6em&#8220; text_orientation=&#8220;justified&#8220; custom_margin=&#8220;28px|||||&#8220; global_colors_info=&#8220;{}&#8220;]<\/p>\n<p>Denton Welch: <em>A Voice Through a Cloud<\/em> (1950), Thomas Bernhard: <em>Der Atem<\/em> (1978), Audre Lorde: <em>The Cancer Journals<\/em> (1980), Christa Wolf: <em>Leibhaftig<\/em> (2002), Hilary Mantel: <em>Giving Up The Ghost <\/em>(2003), David Wagner: <em>Leben<\/em> (2013)<\/p>\n<p>[\/et_pb_text][\/et_pb_column][\/et_pb_row][\/et_pb_section]<\/p>\n","protected":false},"excerpt":{"rendered":"<p>ProjektDas Projekt untersucht Formen und Funktionen medikaler (Innen-)R\u00e4ume in der Literatur vom fr\u00fchen 20. Jahrhundert bis in die Gegenwart und fragt \u00fcbergreifend nach der Rolle von Literatur im gesellschaftlichen Medikalisierungsprozess.Moderne medikale R\u00e4umeChromblitzende Operationss\u00e4le und abgr\u00fcndige Sezierkeller, geheimnisvolle Labore und Kernspin-R\u00e4ume, Kliniklazarette und Gro\u00dfkrankenh\u00e4user: Die westliche Medizin durchl\u00e4uft im 20. und 21. Jahrhundert einen rasanten Prozess [&hellip;]<\/p>\n","protected":false},"author":2,"featured_media":0,"parent":0,"menu_order":0,"comment_status":"closed","ping_status":"closed","template":"","meta":{"_et_pb_use_builder":"on","_et_pb_old_content":"","_et_gb_content_width":"","footnotes":""},"_links":{"self":[{"href":"https:\/\/projects.unifr.ch\/medikale-raeume\/index.php\/wp-json\/wp\/v2\/pages\/405"}],"collection":[{"href":"https:\/\/projects.unifr.ch\/medikale-raeume\/index.php\/wp-json\/wp\/v2\/pages"}],"about":[{"href":"https:\/\/projects.unifr.ch\/medikale-raeume\/index.php\/wp-json\/wp\/v2\/types\/page"}],"author":[{"embeddable":true,"href":"https:\/\/projects.unifr.ch\/medikale-raeume\/index.php\/wp-json\/wp\/v2\/users\/2"}],"replies":[{"embeddable":true,"href":"https:\/\/projects.unifr.ch\/medikale-raeume\/index.php\/wp-json\/wp\/v2\/comments?post=405"}],"version-history":[{"count":5,"href":"https:\/\/projects.unifr.ch\/medikale-raeume\/index.php\/wp-json\/wp\/v2\/pages\/405\/revisions"}],"predecessor-version":[{"id":663,"href":"https:\/\/projects.unifr.ch\/medikale-raeume\/index.php\/wp-json\/wp\/v2\/pages\/405\/revisions\/663"}],"wp:attachment":[{"href":"https:\/\/projects.unifr.ch\/medikale-raeume\/index.php\/wp-json\/wp\/v2\/media?parent=405"}],"curies":[{"name":"wp","href":"https:\/\/api.w.org\/{rel}","templated":true}]}}