{"id":6,"date":"2023-06-30T23:33:53","date_gmt":"2023-06-30T21:33:53","guid":{"rendered":"https:\/\/mr.4lima.de\/?page_id=6"},"modified":"2026-03-07T06:59:23","modified_gmt":"2026-03-07T06:59:23","slug":"home","status":"publish","type":"page","link":"https:\/\/projects.unifr.ch\/medikale-raeume\/","title":{"rendered":"Home"},"content":{"rendered":"<p>[et_pb_section fb_built=&#8220;1&#8243; disabled_on=&#8220;off|off|on&#8220; _builder_version=&#8220;4.21.0&#8243; _module_preset=&#8220;default&#8220; height=&#8220;80px&#8220; custom_padding=&#8220;0px||0px||false|false&#8220; global_colors_info=&#8220;{}&#8220;][et_pb_row _builder_version=&#8220;4.21.0&#8243; _module_preset=&#8220;default&#8220; custom_margin=&#8220;0px||0px||false|false&#8220; custom_padding=&#8220;15px||0px||false|false&#8220; global_colors_info=&#8220;{}&#8220;][et_pb_column type=&#8220;4_4&#8243; _builder_version=&#8220;4.21.0&#8243; _module_preset=&#8220;default&#8220; global_colors_info=&#8220;{}&#8220;][\/et_pb_column][\/et_pb_row][\/et_pb_section][et_pb_section fb_built=&#8220;1&#8243; _builder_version=&#8220;4.21.0&#8243; _module_preset=&#8220;default&#8220; background_color=&#8220;rgba(236,243,243,0.72)&#8220; background_image=&#8220;https:\/\/mr.4lima.de\/wp-content\/uploads\/2023\/07\/max-fuchs-Nm6ojlDO-5c-unsplash-scaled.jpg&#8220; background_blend=&#8220;lighten&#8220; transform_translate=&#8220;0px|-105px&#8220; transform_translate_linked=&#8220;off&#8220; custom_padding=&#8220;0%||0%||false|false&#8220; border_radii=&#8220;off|||40px|40px&#8220; global_colors_info=&#8220;{}&#8220;][et_pb_row column_structure=&#8220;1_2,1_2&#8243; _builder_version=&#8220;4.21.0&#8243; _module_preset=&#8220;default&#8220; width_tablet=&#8220;&#8220; width_phone=&#8220;90%&#8220; width_last_edited=&#8220;on|phone&#8220; custom_margin=&#8220;130px|auto|200px|auto||&#8220; custom_margin_tablet=&#8220;130px|auto|200px|auto||&#8220; custom_margin_phone=&#8220;-60px||-40px||false|false&#8220; custom_margin_last_edited=&#8220;on|phone&#8220; custom_padding=&#8220;||||false|false&#8220; global_colors_info=&#8220;{}&#8220;][et_pb_column type=&#8220;1_2&#8243; _builder_version=&#8220;4.21.0&#8243; _module_preset=&#8220;default&#8220; global_colors_info=&#8220;{}&#8220;][et_pb_text _builder_version=&#8220;4.21.0&#8243; _module_preset=&#8220;default&#8220; header_font=&#8220;Poppins|500|||||||&#8220; header_text_color=&#8220;#17181c&#8220; header_font_size=&#8220;44px&#8220; header_line_height=&#8220;1.2em&#8220; custom_margin=&#8220;62px|||||&#8220; global_colors_info=&#8220;{}&#8220;]<\/p>\n<h1>Medikale R\u00e4ume <span style=\"color: #555868;\">in der Erz\u00e4hlliteratur des langen 20. Jahrhunderts<\/span><\/h1>\n<p>[\/et_pb_text][\/et_pb_column][et_pb_column type=&#8220;1_2&#8243; _builder_version=&#8220;4.21.0&#8243; _module_preset=&#8220;default&#8220; global_colors_info=&#8220;{}&#8220;][et_pb_image src=&#8220;https:\/\/projects.unifr.ch\/medikale-raeume\/wp-content\/uploads\/2025\/01\/download-3.png&#8220; title_text=&#8220;download&#8220; _builder_version=&#8220;4.21.0&#8243; _module_preset=&#8220;default&#8220; border_radii=&#8220;off|30px||30px|&#8220; global_colors_info=&#8220;{}&#8220;][\/et_pb_image][\/et_pb_column][\/et_pb_row][\/et_pb_section][et_pb_section fb_built=&#8220;1&#8243; _builder_version=&#8220;4.21.0&#8243; _module_preset=&#8220;default&#8220; custom_padding=&#8220;0%||5%||false|false&#8220; global_colors_info=&#8220;{}&#8220;][et_pb_row column_structure=&#8220;1_2,1_2&#8243; _builder_version=&#8220;4.21.0&#8243; _module_preset=&#8220;default&#8220; width_tablet=&#8220;&#8220; width_phone=&#8220;90%&#8220; width_last_edited=&#8220;on|phone&#8220; global_colors_info=&#8220;{}&#8220;][et_pb_column type=&#8220;1_2&#8243; _builder_version=&#8220;4.21.0&#8243; _module_preset=&#8220;default&#8220; global_colors_info=&#8220;{}&#8220;][et_pb_text _builder_version=&#8220;4.21.0&#8243; _module_preset=&#8220;default&#8220; text_font=&#8220;Poppins||||||||&#8220; text_font_size=&#8220;17px&#8220; text_line_height=&#8220;1.6em&#8220; text_orientation=&#8220;justified&#8220; sticky_limit_bottom=&#8220;row&#8220; global_colors_info=&#8220;{}&#8220;]<\/p>\n<p>Die Literatur des langen 20. Jhdts. entwickelt ein besonderes Interesse f\u00fcr medikale (Innen-)R\u00e4ume, die bevorzugt zu Schaupl\u00e4tzen modernen und postmodernen Erz\u00e4hlens werden: In Romanen, Kurzprosa und autobiografischen Texten irren Figuren durch d\u00fcstere Seziers\u00e4le und labyrinthische Krankenhauskorridore, durch Lazarett-Z\u00fcge, Operationss\u00e4le und Bestrahlungszentren. Zeitgleich entwickelt sich die moderne Technik-Medizin mit ihren Laboren, R\u00f6ntgenr\u00e4umen und Pathologieinstituten, mit Gro\u00dfkliniken und Intensivstationen. Diesen Zusammenh\u00e4ngen zwischen Literatur, Medizin und Alltagskultur geht das vierj\u00e4hrige Projekt nach <span data-olk-copy-source=\"MessageBody\">und fragt insbesondere nach der Rolle von Literatur in der Verflechtung von moderner Kultur und Medizin.<\/span><\/p>\n<p>[\/et_pb_text][\/et_pb_column][et_pb_column type=&#8220;1_2&#8243; _builder_version=&#8220;4.21.0&#8243; _module_preset=&#8220;default&#8220; global_colors_info=&#8220;{}&#8220;][et_pb_image src=&#8220;https:\/\/projects.unifr.ch\/medikale-raeume\/wp-content\/uploads\/2023\/07\/Britischer-Lazarettzug_Frankreich_1918.jpg&#8220; title_text=&#8220;Britischer Lazarettzug_Frankreich_1918&#8243; _builder_version=&#8220;4.21.0&#8243; _module_preset=&#8220;default&#8220; custom_margin=&#8220;||15px||false|false&#8220; animation_style=&#8220;slide&#8220; animation_direction=&#8220;right&#8220; animation_duration=&#8220;500ms&#8220; animation_intensity_slide=&#8220;2%&#8220; sticky_limit_bottom=&#8220;row&#8220; border_radii=&#8220;off|30px||30px|&#8220; global_colors_info=&#8220;{}&#8220;][\/et_pb_image][et_pb_text _builder_version=&#8220;4.21.0&#8243; _module_preset=&#8220;default&#8220; text_font=&#8220;Poppins|300|||||||&#8220; text_line_height=&#8220;1.6em&#8220; text_orientation=&#8220;justified&#8220; global_colors_info=&#8220;{}&#8220;]<\/p>\n<p>Britischer Lazarettzug Frankreich 1918<\/p>\n<p>[\/et_pb_text][\/et_pb_column][\/et_pb_row][et_pb_row column_structure=&#8220;1_2,1_2&#8243; _builder_version=&#8220;4.21.0&#8243; _module_preset=&#8220;default&#8220; width_tablet=&#8220;&#8220; width_phone=&#8220;90%&#8220; width_last_edited=&#8220;on|phone&#8220; custom_padding=&#8220;100px|||||&#8220; global_colors_info=&#8220;{}&#8220;][et_pb_column type=&#8220;1_2&#8243; _builder_version=&#8220;4.21.0&#8243; _module_preset=&#8220;default&#8220; global_colors_info=&#8220;{}&#8220;][et_pb_image src=&#8220;https:\/\/projects.unifr.ch\/medikale-raeume\/wp-content\/uploads\/2023\/07\/Neurochirurgischer-OP_Quelle-Goetz-Schlese.bmp&#8220; title_text=&#8220;Neurochirurgischer OP_Quelle G\u00f6tz Schlese&#8220; _builder_version=&#8220;4.21.0&#8243; _module_preset=&#8220;default&#8220; custom_margin=&#8220;||15px||false|false&#8220; animation_style=&#8220;slide&#8220; animation_direction=&#8220;left&#8220; animation_duration=&#8220;500ms&#8220; animation_intensity_slide=&#8220;2%&#8220; border_radii=&#8220;off|30px||30px|&#8220; global_colors_info=&#8220;{}&#8220;][\/et_pb_image][et_pb_text _builder_version=&#8220;4.21.0&#8243; _module_preset=&#8220;default&#8220; text_font=&#8220;Poppins|300|||||||&#8220; text_line_height=&#8220;1.6em&#8220; text_orientation=&#8220;justified&#8220; global_colors_info=&#8220;{}&#8220;]<\/p>\n<p>Neurochirurgischer OP (G\u00f6tz Schlese)<\/p>\n<p>[\/et_pb_text][\/et_pb_column][et_pb_column type=&#8220;1_2&#8243; _builder_version=&#8220;4.21.0&#8243; _module_preset=&#8220;default&#8220; global_colors_info=&#8220;{}&#8220;][et_pb_text _builder_version=&#8220;4.21.0&#8243; _module_preset=&#8220;default&#8220; text_font=&#8220;Poppins||||||||&#8220; text_font_size=&#8220;17px&#8220; text_line_height=&#8220;1.6em&#8220; text_orientation=&#8220;justified&#8220; global_colors_info=&#8220;{}&#8220;]<\/p>\n<p>Die Projektarbeit ist begleitet von einer \u00f6ffentlichen Vortragsreihe zum Thema &#8218;Krankenhaus&#8216;, es sprechen namhafte SchriftstellerInnen, MedizinhistorikerInnen, Krankenhaus-ArchitektInnen und EthikerInnen.<\/p>\n<p>[\/et_pb_text][\/et_pb_column][\/et_pb_row][\/et_pb_section]<\/p>\n","protected":false},"excerpt":{"rendered":"<p>Medikale R\u00e4ume in der Erz\u00e4hlliteratur des langen 20. JahrhundertsDie Literatur des langen 20. Jhdts. entwickelt ein besonderes Interesse f\u00fcr medikale (Innen-)R\u00e4ume, die bevorzugt zu Schaupl\u00e4tzen modernen und postmodernen Erz\u00e4hlens werden: In Romanen, Kurzprosa und autobiografischen Texten irren Figuren durch d\u00fcstere Seziers\u00e4le und labyrinthische Krankenhauskorridore, durch Lazarett-Z\u00fcge, Operationss\u00e4le und Bestrahlungszentren. Zeitgleich entwickelt sich die moderne Technik-Medizin [&hellip;]<\/p>\n","protected":false},"author":2,"featured_media":0,"parent":0,"menu_order":0,"comment_status":"closed","ping_status":"closed","template":"","meta":{"_et_pb_use_builder":"on","_et_pb_old_content":"","_et_gb_content_width":"","footnotes":""},"_links":{"self":[{"href":"https:\/\/projects.unifr.ch\/medikale-raeume\/index.php\/wp-json\/wp\/v2\/pages\/6"}],"collection":[{"href":"https:\/\/projects.unifr.ch\/medikale-raeume\/index.php\/wp-json\/wp\/v2\/pages"}],"about":[{"href":"https:\/\/projects.unifr.ch\/medikale-raeume\/index.php\/wp-json\/wp\/v2\/types\/page"}],"author":[{"embeddable":true,"href":"https:\/\/projects.unifr.ch\/medikale-raeume\/index.php\/wp-json\/wp\/v2\/users\/2"}],"replies":[{"embeddable":true,"href":"https:\/\/projects.unifr.ch\/medikale-raeume\/index.php\/wp-json\/wp\/v2\/comments?post=6"}],"version-history":[{"count":11,"href":"https:\/\/projects.unifr.ch\/medikale-raeume\/index.php\/wp-json\/wp\/v2\/pages\/6\/revisions"}],"predecessor-version":[{"id":788,"href":"https:\/\/projects.unifr.ch\/medikale-raeume\/index.php\/wp-json\/wp\/v2\/pages\/6\/revisions\/788"}],"wp:attachment":[{"href":"https:\/\/projects.unifr.ch\/medikale-raeume\/index.php\/wp-json\/wp\/v2\/media?parent=6"}],"curies":[{"name":"wp","href":"https:\/\/api.w.org\/{rel}","templated":true}]}}