{"id":466,"date":"2020-12-09T15:43:50","date_gmt":"2020-12-09T14:43:50","guid":{"rendered":"https:\/\/projects.unifr.ch\/ppsa\/?page_id=466"},"modified":"2026-03-12T12:00:43","modified_gmt":"2026-03-12T11:00:43","slug":"notre-equipe","status":"publish","type":"page","link":"https:\/\/projects.unifr.ch\/ppsa\/","title":{"rendered":"Notre \u00e9quipe"},"content":{"rendered":"\n<p>La particularit\u00e9 l\u2019unit\u00e9 de Psycholinguistique et de Psychologie Sociale, dirig\u00e9e par Pascal Gygax et Pascal Wagner-Egger, r\u00e9side dans le dialogue instaur\u00e9 entre la psychologie du langage et la psychologie sociale. Ainsi, la compr\u00e9hension de texte et les repr\u00e9sentations sociales sont au c\u0153ur des travaux de l\u2019unit\u00e9. L\u2019influence de la forme grammaticale masculine dans les offres d\u2019emploi, la pertinence des messages de pr\u00e9vention du tabagisme, ou encore l\u2019influence sociale des titres de journaux sont des exemples de l\u2019interaction entre ces deux domaines.<br><\/p>\n\n\n\n<p>Les diff\u00e9rentes recherches de l\u2019unit\u00e9 sont men\u00e9es par des chercheuses et chercheurs, des doctorant\u00b7es et des \u00e9tudiant\u00b7es. Les \u00e9tudiant\u00b7es de Bachelor ainsi que de Master ont \u00e9galement la possibilit\u00e9s d\u2019int\u00e9grer l\u2019unit\u00e9 dans le cadre de leur m\u00e9moire.<br><\/p>\n\n\n\n<p>L&rsquo;\u00e9quipe porte \u00e9galement un int\u00e9r\u00eat particulier \u00e0 vulgariser ses travaux de recherche.<\/p>\n","protected":false},"excerpt":{"rendered":"<p>La particularit\u00e9 l\u2019unit\u00e9 de Psycholinguistique et de Psychologie Sociale, dirig\u00e9e par Pascal Gygax et Pascal Wagner-Egger, r\u00e9side dans le dialogue instaur\u00e9 entre la psychologie du langage et la psychologie sociale. Ainsi, la compr\u00e9hension de texte et les repr\u00e9sentations sociales sont au c\u0153ur des travaux de l\u2019unit\u00e9. L\u2019influence de la forme grammaticale masculine dans les offres &hellip; <a href=\"https:\/\/projects.unifr.ch\/ppsa\/\" class=\"more-link\">Continuer la lecture de <span class=\"screen-reader-text\">Notre \u00e9quipe<\/span><\/a><\/p>\n","protected":false},"author":3,"featured_media":676,"parent":0,"menu_order":0,"comment_status":"closed","ping_status":"closed","template":"","meta":[],"_links":{"self":[{"href":"https:\/\/projects.unifr.ch\/ppsa\/wp-json\/wp\/v2\/pages\/466"}],"collection":[{"href":"https:\/\/projects.unifr.ch\/ppsa\/wp-json\/wp\/v2\/pages"}],"about":[{"href":"https:\/\/projects.unifr.ch\/ppsa\/wp-json\/wp\/v2\/types\/page"}],"author":[{"embeddable":true,"href":"https:\/\/projects.unifr.ch\/ppsa\/wp-json\/wp\/v2\/users\/3"}],"replies":[{"embeddable":true,"href":"https:\/\/projects.unifr.ch\/ppsa\/wp-json\/wp\/v2\/comments?post=466"}],"version-history":[{"count":1,"href":"https:\/\/projects.unifr.ch\/ppsa\/wp-json\/wp\/v2\/pages\/466\/revisions"}],"predecessor-version":[{"id":467,"href":"https:\/\/projects.unifr.ch\/ppsa\/wp-json\/wp\/v2\/pages\/466\/revisions\/467"}],"wp:featuredmedia":[{"embeddable":true,"href":"https:\/\/projects.unifr.ch\/ppsa\/wp-json\/wp\/v2\/media\/676"}],"wp:attachment":[{"href":"https:\/\/projects.unifr.ch\/ppsa\/wp-json\/wp\/v2\/media?parent=466"}],"curies":[{"name":"wp","href":"https:\/\/api.w.org\/{rel}","templated":true}]}}