{"id":485,"date":"2020-12-09T17:30:59","date_gmt":"2020-12-09T16:30:59","guid":{"rendered":"https:\/\/projects.unifr.ch\/ppsa\/?page_id=485"},"modified":"2023-05-03T11:47:12","modified_gmt":"2023-05-03T09:47:12","slug":"services","status":"publish","type":"page","link":"https:\/\/projects.unifr.ch\/ppsa\/services\/","title":{"rendered":"Services et conseil"},"content":{"rendered":"\n<p class=\"has-text-align-left\">Bien que bas\u00e9e sur la recherche, ce qui signifie que les membres de l&rsquo;\u00e9quipe PPSA m\u00e8nent des projets de recherche &#8211; par le biais de mandats de recherche priv\u00e9s et publics -, l&rsquo;\u00e9quipe PPSA fournit \u00e9galement diff\u00e9rents services r\u00e9mun\u00e9r\u00e9s (par exemple, des conseils, des ateliers et des pr\u00e9sentations\/conf\u00e9rences; voir ci-dessous pour plus de d\u00e9tails).<\/p>\n\n\n\n<p>L&rsquo;Universit\u00e9 de Fribourg couvre la plupart des co\u00fbts logistiques associ\u00e9s aux locaux et aux op\u00e9rations quotidiennes de l&rsquo;\u00e9quipe (par exemple, ordinateurs, contrats, finances\u2026). Des membres de l&rsquo;\u00e9quipe enseignent \u00e9galement aux niveaux Bachelor et Master dans le d\u00e9partement de psychologie (et parfois dans d&rsquo;autres d\u00e9partements).<\/p>\n\n\n\n<p>Nous pr\u00e9sentons maintenant les diff\u00e9rents services, ainsi que quelques prix indicatifs pour chacun d&rsquo;entre eux, principalement pour obtenir une vue d&rsquo;ensemble du fonctionnement de l&rsquo;\u00e9quipe PPSA. N\u2019h\u00e9sitez pas \u00e0 nous \u00e9crire ou nous t\u00e9l\u00e9phoner pour demander un devis si un service vous int\u00e9resse!<\/p>\n\n\n\n<p><strong>PR\u00c9SENTATION\/CONF\u00c9RENCES<\/strong><br><em>Ce que nous faisons ?<\/em><br>Au cours des 10 derni\u00e8res ann\u00e9es, nous avons donn\u00e9 jusqu&rsquo;\u00e0 20 conf\u00e9rences publiques et priv\u00e9es par an sur la langue et le genre, ainsi que sur les st\u00e9r\u00e9otypes et les aspirations professionnelles, tant au niveau national qu&rsquo;international. Les pr\u00e9sentations\/conf\u00e9rences peuvent aller <strong>de<\/strong> <strong>20 \u00e0 75 minutes<\/strong> (+ un moment de discussion), les versions plus longues nous permettant d&rsquo;aller au-del\u00e0 de la simple sensibilisation.<br><br>Bien entendu, nous pouvons aborder d&rsquo;autres questions, pour autant qu&rsquo;elles s&rsquo;inscrivent dans les limites de notre expertise. Par le pass\u00e9, par exemple, nous avons \u00e9t\u00e9 mandat\u00e9s pour donner des pr\u00e9sentations sur le sport, le genre et la violence \u00e0 des coachs de diff\u00e9rents horizons.<br><br><em>Combien cela co\u00fbte-t-il ?<br><\/em>Pour ces conf\u00e9rences de sensibilisation, nous demandons <strong>entre<\/strong> <strong>500 et 1000 francs <\/strong>suisses, en fonction de la dur\u00e9e de la pr\u00e9sentation et des besoins des partenaires. N\u2019h\u00e9sitez pas \u00e0 nous demander un devis si ce service vous int\u00e9resse.<\/p>\n\n\n\n<p><strong>CONSULTATION<\/strong><br><em>Ce que nous faisons ?<\/em><br>L&rsquo;\u00e9quipe de la PPSA propose des services de conseil depuis 15 ans. A ce jour, l&rsquo;\u00e9quipe PPSA a effectu\u00e9 de nombreuses missions de conseil, et\/ou de relecture pour des textes plus inclusifs, principalement aupr\u00e8s d&rsquo;institutions publiques (p.ex. Universit\u00e9s, Hautes \u00e9coles sp\u00e9cialis\u00e9es, Bureaux de l&rsquo;\u00e9galit\u00e9,\u2026) et d&rsquo;entreprises priv\u00e9es (ou semi-priv\u00e9es) (par ex., entreprises nationales ou internationales,\u2026), et principalement pour les accompagner dans le passage \u00e0 une communication plus inclusive. Nous avons \u00e9galement eu quelques missions de conseil pour des politiques, souvent pour les aider \u00e0 pr\u00e9parer des argumentaires pour des communications f\u00e9d\u00e9rales, cantonales ou communales plus inclusives.<\/p>\n\n\n\n<p><em>Combien cela co\u00fbte-t-il ?<br><\/em>Les honoraires standards varient <strong>entre<\/strong> <strong>150 et 170 francs<\/strong> suisses par heure, en fonction des besoins et de la contribution attendue. N\u2019h\u00e9sitez pas \u00e0 nous demander un devis si ce service vous int\u00e9resse.<\/p>\n\n\n\n<p><strong>ATELIERS<\/strong><br><em>Ce que nous faisons ?<br><\/em>Au cours des 10 derni\u00e8res ann\u00e9es, nous avons donn\u00e9 plus de 3 \u00e0 10 ateliers par an sur le langage inclusif ou la communication inclusive, \u00e0 la fois \u00e0 des institutions publiques et \u00e0 des entreprises priv\u00e9es. Id\u00e9alement, les ateliers sont donn\u00e9s \u00e0 12-15 personnes, mais nous avons donn\u00e9 quelques ateliers \u00e0 des groupes plus importants (\u00e0 la fois en ligne et en pr\u00e9sence). Les ateliers peuvent durer <strong>entre 2h30 et 7h00 (une journ\u00e9e)<\/strong>, en fonction du mandat et des connaissances que les personnes pr\u00e9sentes ont d\u00e9j\u00e0 sur le sujet.<br><br>L&rsquo;objectif principal des ateliers est de familiariser les personnes pr\u00e9sentes avec le langage inclusif, ou langage \u00e9pic\u00e8ne, en fran\u00e7ais, et d&rsquo;am\u00e9liorer leur utilisation de ce langage, conform\u00e9ment aux recommandations habituelles pour la communication inclusive, ou aux recommandations \u00e9labor\u00e9es par les partenaires.<br><br>A la fin de l&rsquo;atelier, les personnes pr\u00e9sentes devraient \u00eatre capables de (1) conna\u00eetre l&rsquo;impact du langage inclusif sur notre fa\u00e7on de penser, (2) conna\u00eetre les recommandations g\u00e9n\u00e9riques ou sp\u00e9cifiques, (3) \u00e9crire des textes en langage inclusif, et (4) communiquer de mani\u00e8re plus inclusive. Les ateliers sont g\u00e9n\u00e9ralement divis\u00e9s en trois parties. Tout d&rsquo;abord, une partie th\u00e9orique et scientifique visant \u00e0 sensibiliser les personnes pr\u00e9sentes aux probl\u00e8mes li\u00e9s \u00e0 l&rsquo;ambigu\u00eft\u00e9 s\u00e9mantique de la forme grammaticale masculine. Deuxi\u00e8mement, une pr\u00e9sentation de toutes les formes inclusives, avec leurs avantages et leurs inconv\u00e9nients. Enfin, une partie pratique o\u00f9 des textes non inclusifs sont transform\u00e9s et discut\u00e9s (exercices individuels, discussion en groupe).<br><br><em>Combien cela co\u00fbte-t-il ?<br><\/em>Les partenaires ont l&rsquo;habitude de payer <strong>entre 700 et 2000 francs<\/strong>, en fonction de la dur\u00e9e de l&rsquo;atelier et des besoins des partenaire. A noter que pour am\u00e9liorer la possibilit\u00e9 d&rsquo;ateliers en ligne, ainsi que pour rendre les ateliers un peu plus courts pour les partenaires qui ne souhaitant pas y passer trop de temps, nous avons cr\u00e9\u00e9, avec l&rsquo;\u00c9cole Polytechnique F\u00e9d\u00e9rale de Lausanne (EPFL), de petites capsules vid\u00e9o &#8211; disponibles gratuitement &#8211; couvrant toutes les bases th\u00e9oriques du langage inclusif. Ces vid\u00e9os sont disponibles <a href=\"https:\/\/tube.switch.ch\/channels\/A2BldjrEjI?order=alphabetical\" target=\"_blank\" rel=\"noreferrer noopener\">sur le canal youtube de l&rsquo;EPFL (cliquez ici)<\/a>, et sont g\u00e9n\u00e9ralement utilis\u00e9es comme pr\u00e9-requis pour participer aux ateliers (plus courts ou en ligne). N\u2019h\u00e9sitez pas \u00e0 nous demander un devis si ce service vous int\u00e9resse.<\/p>\n\n\n\n<p><strong>PROJETS DE RECHERCHE<\/strong><br>Bien que nous menions nos propres projets de recherche (par le biais de vingt fonds de recherche publics, nationaux et internationaux, l&rsquo;\u00e9quipe PPSA propose \u00e9galement un service de projets de recherche, par le biais duquel des entreprises priv\u00e9es et publiques, ainsi que des institutions publiques, peuvent nous mandater pour mener diff\u00e9rents projets sur l&rsquo;\u00e9galit\u00e9 des genres ou sur une communication plus inclusive, pour lesquels elles ne disposeraient pas des ressources appropri\u00e9es. L&rsquo;id\u00e9e de ce service est de fournir aux partenaires les comp\u00e9tences et l&rsquo;exp\u00e9rience en mati\u00e8re de recherche dont ces partenaires ne disposent peut-\u00eatre pas en interne. Essentiellement, ces institutions ou entreprises nous contactent pour nous poser des questions sp\u00e9cifiques qu&rsquo;elles aimeraient aborder, et nous les \u00e9tudions en utilisant notre expertise de recherche.<br><br>Dans ces cas, nous signons un accord pour les diff\u00e9rents r\u00e9sultats fournis et pour leur divulgation\/non-divulgation, en fonction des besoins et des souhaits de nos partenaires. Il est important de noter que nous n&rsquo;acceptons que les mandats de recherche qui respectent notre charte \u00e9thique (bas\u00e9e sur la Soci\u00e9t\u00e9 Suisse de Psychologie, les directives \u00e9thiques de l&rsquo;APA et les pratiques de l&rsquo;Universit\u00e9 de Fribourg). Les partenaires qui nous mandatent doivent \u00e9galement signer notre charte scientifique et \u00e9thique. N\u2019h\u00e9sitez pas \u00e0 nous demander un devis si ce service vous int\u00e9resse.<\/p>\n","protected":false},"excerpt":{"rendered":"<p>Bien que bas\u00e9e sur la recherche, ce qui signifie que les membres de l&rsquo;\u00e9quipe PPSA m\u00e8nent des projets de recherche &#8211; par le biais de mandats de recherche priv\u00e9s et publics -, l&rsquo;\u00e9quipe PPSA fournit \u00e9galement diff\u00e9rents services r\u00e9mun\u00e9r\u00e9s (par exemple, des conseils, des ateliers et des pr\u00e9sentations\/conf\u00e9rences; voir ci-dessous pour plus de d\u00e9tails). L&rsquo;Universit\u00e9 &hellip; <a href=\"https:\/\/projects.unifr.ch\/ppsa\/services\/\" class=\"more-link\">Continuer la lecture de <span class=\"screen-reader-text\">Services et conseil<\/span><\/a><\/p>\n","protected":false},"author":3,"featured_media":598,"parent":0,"menu_order":0,"comment_status":"closed","ping_status":"closed","template":"","meta":[],"_links":{"self":[{"href":"https:\/\/projects.unifr.ch\/ppsa\/wp-json\/wp\/v2\/pages\/485"}],"collection":[{"href":"https:\/\/projects.unifr.ch\/ppsa\/wp-json\/wp\/v2\/pages"}],"about":[{"href":"https:\/\/projects.unifr.ch\/ppsa\/wp-json\/wp\/v2\/types\/page"}],"author":[{"embeddable":true,"href":"https:\/\/projects.unifr.ch\/ppsa\/wp-json\/wp\/v2\/users\/3"}],"replies":[{"embeddable":true,"href":"https:\/\/projects.unifr.ch\/ppsa\/wp-json\/wp\/v2\/comments?post=485"}],"version-history":[{"count":7,"href":"https:\/\/projects.unifr.ch\/ppsa\/wp-json\/wp\/v2\/pages\/485\/revisions"}],"predecessor-version":[{"id":625,"href":"https:\/\/projects.unifr.ch\/ppsa\/wp-json\/wp\/v2\/pages\/485\/revisions\/625"}],"wp:featuredmedia":[{"embeddable":true,"href":"https:\/\/projects.unifr.ch\/ppsa\/wp-json\/wp\/v2\/media\/598"}],"wp:attachment":[{"href":"https:\/\/projects.unifr.ch\/ppsa\/wp-json\/wp\/v2\/media?parent=485"}],"curies":[{"name":"wp","href":"https:\/\/api.w.org\/{rel}","templated":true}]}}