{"id":125,"date":"2023-06-28T15:02:28","date_gmt":"2023-06-28T13:02:28","guid":{"rendered":"https:\/\/projects.unifr.ch\/students-cold-war\/?page_id=125"},"modified":"2025-11-24T17:16:54","modified_gmt":"2025-11-24T16:16:54","slug":"team","status":"publish","type":"page","link":"https:\/\/projects.unifr.ch\/students-cold-war\/team\/","title":{"rendered":"team"},"content":{"rendered":"\n<p>Get to know the researchers of this project.<\/p>\n\n\n\n<div style=\"height:20px\" aria-hidden=\"true\" class=\"wp-block-spacer\"><\/div>\n\n\n\n<div class=\"wp-block-columns is-layout-flex wp-container-11\">\n<div class=\"wp-block-column is-layout-flow\" style=\"flex-basis:20%\">\n<div class=\"wp-block-buttons is-layout-flex\">\n<div class=\"wp-block-button\"><a class=\"wp-block-button__link wp-element-button\" href=\"#portrait-gillabert\">Matthieu Gillabert<\/a><\/div>\n<\/div>\n<\/div>\n\n\n\n<div class=\"wp-block-column is-layout-flow\" style=\"flex-basis:20%\">\n<div class=\"wp-block-buttons is-layout-flex\">\n<div class=\"wp-block-button\"><a class=\"wp-block-button__link wp-element-button\" href=\"#portrait-pesta\">Mikul\u00e1\u0161 Pe\u0161ta<\/a><\/div>\n<\/div>\n<\/div>\n\n\n\n<div class=\"wp-block-column is-layout-flow\" style=\"flex-basis:20%\">\n<div class=\"wp-block-buttons is-layout-flex\">\n<div class=\"wp-block-button\"><a class=\"wp-block-button__link wp-element-button\" href=\"#portrait-lesnykh\">Lidia Lesnykh<\/a><\/div>\n<\/div>\n<\/div>\n\n\n\n<div class=\"wp-block-column is-layout-flow\" style=\"flex-basis:20%\">\n<div class=\"wp-block-buttons is-layout-flex\">\n<div class=\"wp-block-button\"><a class=\"wp-block-button__link wp-element-button\" href=\"#portrait-pacha\">Martin P\u00e1cha<\/a><\/div>\n<\/div>\n<\/div>\n\n\n\n<div class=\"wp-block-column is-layout-flow\" style=\"flex-basis:20%\">\n<div class=\"wp-block-buttons is-layout-flex\">\n<div class=\"wp-block-button\"><a class=\"wp-block-button__link wp-element-button\" href=\"#portrait-schuermann\">Timothy Sch\u00fcrmann<\/a><\/div>\n<\/div>\n<\/div>\n<\/div>\n\n\n\n<div style=\"height:15px\" aria-hidden=\"true\" class=\"wp-block-spacer\"><\/div>\n\n\n\n<div class=\"wp-block-buttons is-content-justification-center is-layout-flex wp-container-12\">\n<div class=\"wp-block-button\"><a class=\"wp-block-button__link has-text-align-center wp-element-button\" href=\"#partners-experts\">project partners\/experts<\/a><\/div>\n<\/div>\n\n\n\n<div style=\"height:50px\" aria-hidden=\"true\" id=\"portrait-gillabert\" class=\"wp-block-spacer\"><\/div>\n\n\n\n<div class=\"wp-block-media-text alignwide is-stacked-on-mobile is-vertically-aligned-center\" style=\"grid-template-columns:20% auto\"><figure class=\"wp-block-media-text__media\"><img decoding=\"async\" loading=\"lazy\" width=\"942\" height=\"1059\" src=\"https:\/\/projects.unifr.ch\/students-cold-war\/wp-content\/uploads\/2023\/06\/MatthieuGillabert_portrait_307x345.png\" alt=\"Portrait picture of Matthieu Gillabert\" class=\"wp-image-127 size-full\" srcset=\"https:\/\/projects.unifr.ch\/students-cold-war\/wp-content\/uploads\/2023\/06\/MatthieuGillabert_portrait_307x345.png 942w, https:\/\/projects.unifr.ch\/students-cold-war\/wp-content\/uploads\/2023\/06\/MatthieuGillabert_portrait_307x345-267x300.png 267w, https:\/\/projects.unifr.ch\/students-cold-war\/wp-content\/uploads\/2023\/06\/MatthieuGillabert_portrait_307x345-911x1024.png 911w, https:\/\/projects.unifr.ch\/students-cold-war\/wp-content\/uploads\/2023\/06\/MatthieuGillabert_portrait_307x345-768x863.png 768w\" sizes=\"(max-width: 942px) 100vw, 942px\" \/><\/figure><div class=\"wp-block-media-text__content\">\n<p>A professor of contemporary history at the University of Fribourg, Matthieu Gillabert has published works on Switzerland&#8217;s cultural diplomacy, followed by extensive research on student mobility throughout the 20th century in Europe and North America. He is currently interested in the (post)colonial history of the university and students in Switzerland and Poland.<\/p>\n\n\n\n<p><a href=\"https:\/\/www.unifr.ch\/histcont\/fr\/departement\/equipe\/gillabert-matthieu.html\" data-type=\"URL\" data-id=\"https:\/\/www.unifr.ch\/histcont\/fr\/departement\/equipe\/gillabert-matthieu.html\" target=\"_blank\" rel=\"noreferrer noopener\">More on the University&#8217;s website<\/a><\/p>\n<\/div><\/div>\n\n\n\n<div style=\"height:80px\" aria-hidden=\"true\" id=\"portrait-pesta\" class=\"wp-block-spacer\"><\/div>\n\n\n\n<div class=\"wp-block-media-text alignwide has-media-on-the-right is-stacked-on-mobile is-vertically-aligned-center\" style=\"grid-template-columns:auto 20%\"><div class=\"wp-block-media-text__content\">\n<p>Dr. Mikul\u00e1\u0161 Pe\u0161ta is a researcher at the Institute of Contemporary History of Czech Academy of Science and an assistant professor at the Institute of World History at the Faculty of Arts, Charles University. He completed his Ph.D. in 2017. Since then, he worked as a post-doctoral research associate in the \u201cSocialism Goes Global\u201d project at the University of Exeter. He focuses on the contacts between Czechoslovakia (Central Eastern Europe) and the African and Asian countries and national liberation movements in the field of education, expert missions, cultural diplomacy, and secret services, including the promotion of revolutionary violence. Currently, he researches the role of Prague-based international organizations and student internationalisms during the Cold War and beyond.<\/p>\n\n\n\n<p><a rel=\"noreferrer noopener\" href=\"http:\/\/www.usd.cas.cz\/vyzkumni-pracovnici\/pesta-mikulas\/\" data-type=\"URL\" target=\"_blank\">More on the Academy&#8217;s website<\/a><\/p>\n<\/div><figure class=\"wp-block-media-text__media\"><img decoding=\"async\" loading=\"lazy\" width=\"911\" height=\"1024\" src=\"https:\/\/projects.unifr.ch\/students-cold-war\/wp-content\/uploads\/2023\/06\/4_Leone_Pesta_942x1059-911x1024.png\" alt=\"Portrait picture of Mikulas Pesta\" class=\"wp-image-131 size-full\" srcset=\"https:\/\/projects.unifr.ch\/students-cold-war\/wp-content\/uploads\/2023\/06\/4_Leone_Pesta_942x1059-911x1024.png 911w, https:\/\/projects.unifr.ch\/students-cold-war\/wp-content\/uploads\/2023\/06\/4_Leone_Pesta_942x1059-267x300.png 267w, https:\/\/projects.unifr.ch\/students-cold-war\/wp-content\/uploads\/2023\/06\/4_Leone_Pesta_942x1059-768x863.png 768w, https:\/\/projects.unifr.ch\/students-cold-war\/wp-content\/uploads\/2023\/06\/4_Leone_Pesta_942x1059.png 942w\" sizes=\"(max-width: 911px) 100vw, 911px\" \/><\/figure><\/div>\n\n\n\n<div style=\"height:80px\" aria-hidden=\"true\" id=\"portrait-lesnykh\" class=\"wp-block-spacer\"><\/div>\n\n\n\n<div class=\"wp-block-media-text alignwide is-stacked-on-mobile is-vertically-aligned-center\" style=\"grid-template-columns:20% auto\"><figure class=\"wp-block-media-text__media\"><img decoding=\"async\" loading=\"lazy\" width=\"763\" height=\"859\" src=\"https:\/\/projects.unifr.ch\/students-cold-war\/wp-content\/uploads\/2023\/09\/portrait_lidia.png\" alt=\"\" class=\"wp-image-343 size-full\" srcset=\"https:\/\/projects.unifr.ch\/students-cold-war\/wp-content\/uploads\/2023\/09\/portrait_lidia.png 763w, https:\/\/projects.unifr.ch\/students-cold-war\/wp-content\/uploads\/2023\/09\/portrait_lidia-266x300.png 266w\" sizes=\"(max-width: 763px) 100vw, 763px\" \/><\/figure><div class=\"wp-block-media-text__content\">\n<p>Lidia Lesnykh is a postdoctoral researcher. Her study focuses on the CIA-sponsored International Student Conference, catholic Pax Romana and protestant World Christian Student Federation. She is particularly interested in analysing student cultural cooperation networks from the European perspective. Lidia previously examined the confrontation between international student organisations during the Cold War through the prism of sports. In 2021, she defended her doctoral dissertation \u201cInternational University Sports Movement and the Fight for its Autonomy (1919-1961)\u201d at the University of Lausanne.<\/p>\n<\/div><\/div>\n\n\n\n<div style=\"height:80px\" aria-hidden=\"true\" id=\"portrait-pacha\" class=\"wp-block-spacer\"><\/div>\n\n\n\n<div class=\"wp-block-media-text alignwide has-media-on-the-right is-stacked-on-mobile is-vertically-aligned-center\" style=\"grid-template-columns:auto 20%\"><div class=\"wp-block-media-text__content\">\n<p>Martin P\u00e1cha is a junior researcher at the Institute of Contemporary History of the Czech Academy of Sciences and a Ph.D. candidate at the Institute of Czech History at the Faculty of Arts, Charles University. His research focuses on the history of state socialism, repression of religious actors and the situation of students. Currently, he researches the Czechoslovak youth after the Second World War, their politicization and their position in the world student movement.<\/p>\n\n\n\n<p><a href=\"https:\/\/www.usd.cas.cz\/vyzkumni-pracovnici\/martin-pacha\/?l=en\" target=\"_blank\" rel=\"noreferrer noopener\">More on the Academy&#8217;s website<\/a><\/p>\n<\/div><figure class=\"wp-block-media-text__media\"><img decoding=\"async\" loading=\"lazy\" width=\"911\" height=\"1024\" src=\"https:\/\/projects.unifr.ch\/students-cold-war\/wp-content\/uploads\/2023\/09\/portrait_martin-911x1024.png\" alt=\"\" class=\"wp-image-348 size-full\" srcset=\"https:\/\/projects.unifr.ch\/students-cold-war\/wp-content\/uploads\/2023\/09\/portrait_martin-911x1024.png 911w, https:\/\/projects.unifr.ch\/students-cold-war\/wp-content\/uploads\/2023\/09\/portrait_martin-267x300.png 267w, https:\/\/projects.unifr.ch\/students-cold-war\/wp-content\/uploads\/2023\/09\/portrait_martin-768x863.png 768w, https:\/\/projects.unifr.ch\/students-cold-war\/wp-content\/uploads\/2023\/09\/portrait_martin.png 942w\" sizes=\"(max-width: 911px) 100vw, 911px\" \/><\/figure><\/div>\n\n\n\n<div style=\"height:80px\" aria-hidden=\"true\" id=\"portrait-schuermann\" class=\"wp-block-spacer\"><\/div>\n\n\n\n<div class=\"wp-block-media-text alignwide is-stacked-on-mobile is-vertically-aligned-center\" style=\"grid-template-columns:20% auto\"><figure class=\"wp-block-media-text__media\"><img decoding=\"async\" loading=\"lazy\" width=\"712\" height=\"800\" src=\"https:\/\/projects.unifr.ch\/students-cold-war\/wp-content\/uploads\/2023\/06\/portraet_Timothy_307x345.png\" alt=\"Portrait picture of Timothy Sch\u00fcrmann\" class=\"wp-image-141 size-full\" srcset=\"https:\/\/projects.unifr.ch\/students-cold-war\/wp-content\/uploads\/2023\/06\/portraet_Timothy_307x345.png 712w, https:\/\/projects.unifr.ch\/students-cold-war\/wp-content\/uploads\/2023\/06\/portraet_Timothy_307x345-267x300.png 267w\" sizes=\"(max-width: 712px) 100vw, 712px\" \/><\/figure><div class=\"wp-block-media-text__content\">\n<p>Timothy Sch\u00fcrmann is a research assistant in this project and a PhD student at the University of Fribourg. His current research focuses on the Swiss Student Union (VSS-UNES-USU) between Cold War agenda and the profound changes of the student body regarding social composition as well as cultural practices. He participates as a member in the doctoral programmes <a href=\"https:\/\/www.unifr.ch\/histcont\/fr\/etudes\/doctorat\/regimes-of-inequality\/\">Regimes of Inequality<\/a> and <a href=\"https:\/\/histoire.cuso.ch\/contemporaine\/accueil\">histoire contemporaine<\/a> (CUSO). He completed his studies at the University of Zurich and was active in student politics.<\/p>\n\n\n\n<p><a href=\"https:\/\/www.unifr.ch\/directory\/en\/people\/374310\/1baae\" target=\"_blank\" rel=\"noreferrer noopener\">More on the University&#8217;s website<\/a><\/p>\n<\/div><\/div>\n\n\n\n<div style=\"height:80px\" aria-hidden=\"true\" class=\"wp-block-spacer\"><\/div>\n\n\n\n<h2 class=\"wp-block-heading\" id=\"partners-experts\">project partners\/experts<\/h2>\n\n\n\n<p>These valued partners follow the project and intervene as experts.<\/p>\n\n\n\n<div style=\"height:25px\" aria-hidden=\"true\" class=\"wp-block-spacer\"><\/div>\n\n\n\n<div class=\"wp-block-columns is-layout-flex wp-container-17\">\n<div class=\"wp-block-column is-vertically-aligned-center is-layout-flow\">\n<p><strong>Constantin Katsakioris<\/strong><\/p>\n<\/div>\n\n\n\n<div class=\"wp-block-column is-vertically-aligned-center is-layout-flow\">\n<p>\u0627\u0644\u062c\u0627\u0645\u0639\u0629 \u0627\u0644\u0623\u0645\u0631\u064a\u0643\u064a\u0629 \u0641\u064a \u0627\u0644\u0639\u0631\u0627\u0642 &#8211; \u0628\u063a\u062f\u0627\u062f (AUIB)<\/p>\n<\/div>\n\n\n\n<div class=\"wp-block-column is-vertically-aligned-top is-layout-flow\">\n<div class=\"wp-block-buttons is-layout-flex\">\n<div class=\"wp-block-button\"><a class=\"wp-block-button__link wp-element-button\" href=\"https:\/\/www.researchgate.net\/profile\/Constantin-Katsakioris\" target=\"_blank\" rel=\"noreferrer noopener\">profile<\/a><\/div>\n<\/div>\n<\/div>\n<\/div>\n\n\n\n<div class=\"wp-block-columns is-layout-flex wp-container-22\">\n<div class=\"wp-block-column is-vertically-aligned-center is-layout-flow\">\n<p><strong>Kostis Kornettis<\/strong><\/p>\n<\/div>\n\n\n\n<div class=\"wp-block-column is-vertically-aligned-center is-layout-flow\">\n<p>Universidad Aut\u00f3noma de Madrid<\/p>\n<\/div>\n\n\n\n<div class=\"wp-block-column is-layout-flow\">\n<div class=\"wp-block-buttons is-layout-flex\">\n<div class=\"wp-block-button\"><a class=\"wp-block-button__link wp-element-button\" href=\"https:\/\/uam.es\/FyL\/Kornetis,-Kostis\/1446814601319.htm?language=en&amp;pid=1446762078366&amp;%20Kostis\" target=\"_blank\" rel=\"noreferrer noopener\">profile<\/a><\/div>\n<\/div>\n<\/div>\n<\/div>\n\n\n\n<div class=\"wp-block-columns is-layout-flex wp-container-27\">\n<div class=\"wp-block-column is-vertically-aligned-center is-layout-flow\">\n<p><strong>Sandrine Kott<\/strong><\/p>\n<\/div>\n\n\n\n<div class=\"wp-block-column is-vertically-aligned-center is-layout-flow\">\n<p>Universit\u00e9 de Gen\u00e8ve<\/p>\n<\/div>\n\n\n\n<div class=\"wp-block-column is-layout-flow\">\n<div class=\"wp-block-buttons is-layout-flex\">\n<div class=\"wp-block-button\"><a class=\"wp-block-button__link wp-element-button\" href=\"https:\/\/www.unige.ch\/lettres\/istge\/corps-enseignant\/hco\/enseignantes\/sandrine-kott\" target=\"_blank\" rel=\"noreferrer noopener\">profile<\/a><\/div>\n<\/div>\n<\/div>\n<\/div>\n\n\n\n<div class=\"wp-block-columns is-layout-flex wp-container-32\">\n<div class=\"wp-block-column is-vertically-aligned-center is-layout-flow\">\n<p><strong>James Mark<\/strong><\/p>\n<\/div>\n\n\n\n<div class=\"wp-block-column is-vertically-aligned-center is-layout-flow\">\n<p>University of Exeter<\/p>\n<\/div>\n\n\n\n<div class=\"wp-block-column is-layout-flow\">\n<div class=\"wp-block-buttons is-layout-flex\">\n<div class=\"wp-block-button\"><a class=\"wp-block-button__link wp-element-button\" href=\"https:\/\/experts.exeter.ac.uk\/2020-James-Mark\" target=\"_blank\" rel=\"noreferrer noopener\">profile<\/a><\/div>\n<\/div>\n<\/div>\n<\/div>\n","protected":false},"excerpt":{"rendered":"<p>Get to know the researchers of this project. A professor of contemporary history at the University of Fribourg, Matthieu Gillabert has published works on Switzerland&#8217;s cultural diplomacy, followed by extensive research on student mobility throughout the 20th century in Europe and North America. He is currently interested in the (post)colonial history of the university and [&hellip;]<\/p>\n","protected":false},"author":4,"featured_media":0,"parent":0,"menu_order":0,"comment_status":"closed","ping_status":"closed","template":"","meta":[],"_links":{"self":[{"href":"https:\/\/projects.unifr.ch\/students-cold-war\/wp-json\/wp\/v2\/pages\/125"}],"collection":[{"href":"https:\/\/projects.unifr.ch\/students-cold-war\/wp-json\/wp\/v2\/pages"}],"about":[{"href":"https:\/\/projects.unifr.ch\/students-cold-war\/wp-json\/wp\/v2\/types\/page"}],"author":[{"embeddable":true,"href":"https:\/\/projects.unifr.ch\/students-cold-war\/wp-json\/wp\/v2\/users\/4"}],"replies":[{"embeddable":true,"href":"https:\/\/projects.unifr.ch\/students-cold-war\/wp-json\/wp\/v2\/comments?post=125"}],"version-history":[{"count":47,"href":"https:\/\/projects.unifr.ch\/students-cold-war\/wp-json\/wp\/v2\/pages\/125\/revisions"}],"predecessor-version":[{"id":665,"href":"https:\/\/projects.unifr.ch\/students-cold-war\/wp-json\/wp\/v2\/pages\/125\/revisions\/665"}],"wp:attachment":[{"href":"https:\/\/projects.unifr.ch\/students-cold-war\/wp-json\/wp\/v2\/media?parent=125"}],"curies":[{"name":"wp","href":"https:\/\/api.w.org\/{rel}","templated":true}]}}