{"id":225,"date":"2023-07-21T08:14:39","date_gmt":"2023-07-21T06:14:39","guid":{"rendered":"https:\/\/projects.unifr.ch\/students-cold-war\/?page_id=225"},"modified":"2024-02-23T16:23:19","modified_gmt":"2024-02-23T15:23:19","slug":"project-description","status":"publish","type":"page","link":"https:\/\/projects.unifr.ch\/students-cold-war\/project-description\/","title":{"rendered":"project description"},"content":{"rendered":"\n<div class=\"wp-block-cover\" style=\"min-height:317px\"><span aria-hidden=\"true\" class=\"wp-block-cover__background has-background-dim-0 has-background-dim\"><\/span><img decoding=\"async\" loading=\"lazy\" width=\"2560\" height=\"1806\" class=\"wp-block-cover__image-background wp-image-391\" alt=\"Black and white picture of students sitting and talking in front of the Maison des Provinces de France.\" src=\"https:\/\/projects.unifr.ch\/students-cold-war\/wp-content\/uploads\/2023\/10\/B42_1352_0041_cropped-scaled.jpg\" data-object-fit=\"cover\" srcset=\"https:\/\/projects.unifr.ch\/students-cold-war\/wp-content\/uploads\/2023\/10\/B42_1352_0041_cropped-scaled.jpg 2560w, https:\/\/projects.unifr.ch\/students-cold-war\/wp-content\/uploads\/2023\/10\/B42_1352_0041_cropped-300x212.jpg 300w, https:\/\/projects.unifr.ch\/students-cold-war\/wp-content\/uploads\/2023\/10\/B42_1352_0041_cropped-1024x722.jpg 1024w, https:\/\/projects.unifr.ch\/students-cold-war\/wp-content\/uploads\/2023\/10\/B42_1352_0041_cropped-768x542.jpg 768w, https:\/\/projects.unifr.ch\/students-cold-war\/wp-content\/uploads\/2023\/10\/B42_1352_0041_cropped-1536x1083.jpg 1536w, https:\/\/projects.unifr.ch\/students-cold-war\/wp-content\/uploads\/2023\/10\/B42_1352_0041_cropped-2048x1445.jpg 2048w\" sizes=\"(max-width: 2560px) 100vw, 2560px\" \/><div class=\"wp-block-cover__inner-container\">\n<div class=\"wp-block-group is-nowrap is-layout-flex wp-container-2\">\n<h1 class=\"wp-block-heading has-text-align-left has-x-large-font-size\" style=\"margin-top:16px;margin-right:0px;margin-bottom:0px;margin-left:0px;padding-top:0;padding-right:0;padding-bottom:0;padding-left:0\"><strong>From Student Internationalism <\/strong><br><strong>to Erasmu<\/strong><mark style=\"background-color:rgba(0, 0, 0, 0)\" class=\"has-inline-color has-current-color-color\"><strong>s<\/strong><\/mark><\/h1>\n\n\n\n<div class=\"wp-block-group has-global-padding is-layout-constrained\"><\/div>\n\n\n\n<div style=\"margin-top:var(--wp--preset--spacing--70);margin-bottom:var(--wp--preset--spacing--70);height:147px\" aria-hidden=\"true\" class=\"wp-block-spacer is-style-has-mb-50\"><\/div>\n<\/div>\n\n\n\n<p class=\"has-primary-color has-text-color\"><mark style=\"background-color:rgba(13, 23, 59, 0.8);color:#ffffff\" class=\"has-inline-color\">Globalization and Europeanization of Student Life since 1945<\/mark><\/p>\n<\/div><\/div>\n\n\n\n<div style=\"height:25px\" aria-hidden=\"true\" class=\"wp-block-spacer\"><\/div>\n\n\n\n<div class=\"wp-block-columns is-layout-flex wp-container-6\">\n<div class=\"wp-block-column is-layout-flow\" style=\"flex-basis:20%\"><\/div>\n\n\n\n<div class=\"wp-block-column is-layout-flow\" style=\"flex-basis:60%\">\n<p class=\"has-medium-font-size\"><strong>Our research on student organizations during the Cold War focuses on transnational links and implemented actions. The project consists of four sub-projects.<\/strong><\/p>\n<\/div>\n\n\n\n<div class=\"wp-block-column is-layout-flow\" style=\"flex-basis:21%\"><\/div>\n<\/div>\n\n\n\n<div style=\"height:25px\" aria-hidden=\"true\" class=\"wp-block-spacer\"><\/div>\n\n\n\n<figure class=\"wp-block-image alignleft size-medium\"><img decoding=\"async\" loading=\"lazy\" width=\"300\" height=\"206\" src=\"https:\/\/projects.unifr.ch\/students-cold-war\/wp-content\/uploads\/2023\/09\/Sozarch_F_5011-Fb-027-300x206.png\" alt=\"Two students in a hotel\/hostel room. Both are reading. One is on the table and the other on a bunkbed.\" class=\"wp-image-353\" srcset=\"https:\/\/projects.unifr.ch\/students-cold-war\/wp-content\/uploads\/2023\/09\/Sozarch_F_5011-Fb-027-300x206.png 300w, https:\/\/projects.unifr.ch\/students-cold-war\/wp-content\/uploads\/2023\/09\/Sozarch_F_5011-Fb-027-1024x702.png 1024w, https:\/\/projects.unifr.ch\/students-cold-war\/wp-content\/uploads\/2023\/09\/Sozarch_F_5011-Fb-027-768x526.png 768w, https:\/\/projects.unifr.ch\/students-cold-war\/wp-content\/uploads\/2023\/09\/Sozarch_F_5011-Fb-027-1536x1053.png 1536w, https:\/\/projects.unifr.ch\/students-cold-war\/wp-content\/uploads\/2023\/09\/Sozarch_F_5011-Fb-027.png 1754w\" sizes=\"(max-width: 300px) 100vw, 300px\" \/><figcaption class=\"wp-element-caption\">Room at the Hotel Universitaire, Leysin (Swiss Social Archives)<\/figcaption><\/figure>\n\n\n\n<p class=\"has-small-medium-font-size\">The position of students has developed and changed significantly over the seven decades following the Second World War. Starting as a small elite portion of a generation in the post-war time, students saw the massification of tertiary education in the 1960s, the turn to individualization and career-oriented educational systems in the 1980s, and the creation of pan-European international student networks in the 1990s. These processes often intersected with other trends and phenomena of the twentieth century, such as the Cold War, globalization, decolonization, social movements or the growing role of international organizations. <\/p>\n\n\n\n<div style=\"height:1px\" aria-hidden=\"true\" class=\"wp-block-spacer\"><\/div>\n\n\n\n<figure class=\"wp-block-image alignright size-full\"><img decoding=\"async\" loading=\"lazy\" width=\"307\" height=\"447\" src=\"https:\/\/projects.unifr.ch\/students-cold-war\/wp-content\/uploads\/2023\/09\/IUS_intOrgas.png\" alt=\"Text: ius in cooperation with international organisations. Image: depicted are the logos of the UN, UNESCO, ILO and further organisations.\" class=\"wp-image-361\" srcset=\"https:\/\/projects.unifr.ch\/students-cold-war\/wp-content\/uploads\/2023\/09\/IUS_intOrgas.png 307w, https:\/\/projects.unifr.ch\/students-cold-war\/wp-content\/uploads\/2023\/09\/IUS_intOrgas-206x300.png 206w\" sizes=\"(max-width: 307px) 100vw, 307px\" \/><figcaption class=\"wp-element-caption\">IUS-Poster (International Institute of Social History)<\/figcaption><\/figure>\n\n\n\n<p class=\"has-small-medium-font-size\">The project&nbsp;is about students\u2019 political and social life in post-war Europe. It will focus on the analysis of student organizations as platforms that channelled the student agentivity \u2013 both on international and national levels. The Swiss-Czech team will examine international student federations on both sides of the \u2018Iron Curtain\u2019 as well as national student unions in both countries. While the operation of these organizations was certainly affected by the Cold War ideological clashes, this project focuses not only on divisions. Studying the interactions between the student international unions, we will examine their cooperation and exchange, but also their shared imagery and cultural environment, trans-bloc transfers of knowledge, and contributions to the creation of a European academic space, questioning the impermeability of the \u2018Iron Curtain\u2019.<\/p>\n\n\n\n<p class=\"has-small-medium-font-size\">The student organizations will be viewed as transnational spaces, centres of knowledge production and interaction. The international organizations were hubs where students from the whole world met and influenced each other. In a way, these interactions formed career and life trajectories of several generations of student leaders. The project will pay particular attention to the importance and influence of the students from the Global South who were bringing fresh perspectives and ideas beyond the dichotomy of the East-West divide.<\/p>\n\n\n\n<figure class=\"wp-block-image alignleft size-large is-resized\"><img decoding=\"async\" src=\"https:\/\/projects.unifr.ch\/students-cold-war\/wp-content\/uploads\/2023\/08\/Com_L15-0469-0120-1024x648.png\" alt=\"Black and white picture of smoking students furnishing a room\" class=\"wp-image-340\" width=\"304\" srcset=\"https:\/\/projects.unifr.ch\/students-cold-war\/wp-content\/uploads\/2023\/08\/Com_L15-0469-0120-1024x648.png 1024w, https:\/\/projects.unifr.ch\/students-cold-war\/wp-content\/uploads\/2023\/08\/Com_L15-0469-0120-300x190.png 300w, https:\/\/projects.unifr.ch\/students-cold-war\/wp-content\/uploads\/2023\/08\/Com_L15-0469-0120-768x486.png 768w, https:\/\/projects.unifr.ch\/students-cold-war\/wp-content\/uploads\/2023\/08\/Com_L15-0469-0120-1536x972.png 1536w, https:\/\/projects.unifr.ch\/students-cold-war\/wp-content\/uploads\/2023\/08\/Com_L15-0469-0120.png 1754w\" sizes=\"(max-width: 1024px) 100vw, 1024px\" \/><figcaption class=\"wp-element-caption\">Student housing cooperative, 1966 (ETH Image Archive)<\/figcaption><\/figure>\n\n\n\n<p class=\"has-small-medium-font-size\">The roles of the national and international student organizations in the Cold War were diverse. At times, they served as tools in the ideo-political struggle. But being in contact with each other on international platforms, they were also testing limits of the possible in terms of trans-bloc relations. In both East and West, they were also not only advocating student rights, but also promoted democracy, decolonization, human rights, women\u2019s rights, development, and peace (in their own understanding of the terms). The project will examine how some of these legacies survived beyond the Cold War and how they translated into the creation of new liberal European networks such as the Erasmus program. The team will also focus on differences between the Cold War \u2018political\u2019 student unions and concurrent religion-based organizations.<\/p>\n\n\n\n<div style=\"height:50px\" aria-hidden=\"true\" class=\"wp-block-spacer\"><\/div>\n\n\n\n<h2 class=\"wp-block-heading\">The sub-projects<\/h2>\n\n\n\n<p>The subprojects focus on different student organisations that were active after the Second World War. The postdocs work on international organisations and the PhD students research organisations on a national level. <\/p>\n\n\n\n<div style=\"height:60px\" aria-hidden=\"true\" class=\"wp-block-spacer\"><\/div>\n\n\n\n<div class=\"wp-block-group has-global-padding is-layout-constrained\">\n<h3 class=\"wp-block-heading\">1) The International Union of Students<\/h3>\n\n\n\n<p>Student internationalism and the Cold War in socialist Prague are central topics of Mikul\u00e1\u0161 Pe\u0161ta&#8217;s project. <\/p>\n\n\n\n<div style=\"height:50px\" aria-hidden=\"true\" class=\"wp-block-spacer\"><\/div>\n<\/div>\n\n\n\n<div class=\"wp-block-group has-global-padding is-layout-constrained\">\n<h3 class=\"wp-block-heading\">2) Western international student organizations<\/h3>\n\n\n\n<p>Lidia Lesnykh works on three international organizations that were higly active or founded in the Cold War: the International Student Conference (ISC), Pax Romana and the World Student Christian Federation (WSCF). <\/p>\n\n\n\n<div style=\"height:50px\" aria-hidden=\"true\" class=\"wp-block-spacer\"><\/div>\n<\/div>\n\n\n\n<div class=\"wp-block-group has-global-padding is-layout-constrained\">\n<h3 class=\"wp-block-heading\">3) Czechoslovak youth in the international environment<\/h3>\n\n\n\n<p>Martina P\u00e1cha studies the Organization of the World Festival of Youth and Students in Prague in 1947 and Czechoslovak delegations to subsequent festivals.<\/p>\n\n\n\n<div style=\"height:50px\" aria-hidden=\"true\" class=\"wp-block-spacer\"><\/div>\n<\/div>\n\n\n\n<div class=\"wp-block-group has-global-padding is-layout-constrained\">\n<h3 class=\"wp-block-heading\">4) The Swiss Student Union <\/h3>\n\n\n\n<p>Timothy Sch\u00fcrmann focuses on the VSS-UNES-USU during the Cold War by privileging the international networks that it built with other national and international organizations.<\/p>\n\n\n\n<div style=\"height:50px\" aria-hidden=\"true\" class=\"wp-block-spacer\"><\/div>\n<\/div>\n","protected":false},"excerpt":{"rendered":"<p>Our research on student organizations during the Cold War focuses on transnational links and implemented actions. The project consists of four sub-projects. The position of students has developed and changed significantly over the seven decades following the Second World War. Starting as a small elite portion of a generation in the post-war time, students saw [&hellip;]<\/p>\n","protected":false},"author":4,"featured_media":0,"parent":0,"menu_order":0,"comment_status":"closed","ping_status":"closed","template":"","meta":[],"_links":{"self":[{"href":"https:\/\/projects.unifr.ch\/students-cold-war\/wp-json\/wp\/v2\/pages\/225"}],"collection":[{"href":"https:\/\/projects.unifr.ch\/students-cold-war\/wp-json\/wp\/v2\/pages"}],"about":[{"href":"https:\/\/projects.unifr.ch\/students-cold-war\/wp-json\/wp\/v2\/types\/page"}],"author":[{"embeddable":true,"href":"https:\/\/projects.unifr.ch\/students-cold-war\/wp-json\/wp\/v2\/users\/4"}],"replies":[{"embeddable":true,"href":"https:\/\/projects.unifr.ch\/students-cold-war\/wp-json\/wp\/v2\/comments?post=225"}],"version-history":[{"count":59,"href":"https:\/\/projects.unifr.ch\/students-cold-war\/wp-json\/wp\/v2\/pages\/225\/revisions"}],"predecessor-version":[{"id":422,"href":"https:\/\/projects.unifr.ch\/students-cold-war\/wp-json\/wp\/v2\/pages\/225\/revisions\/422"}],"wp:attachment":[{"href":"https:\/\/projects.unifr.ch\/students-cold-war\/wp-json\/wp\/v2\/media?parent=225"}],"curies":[{"name":"wp","href":"https:\/\/api.w.org\/{rel}","templated":true}]}}