{"id":570,"date":"2025-05-22T20:35:06","date_gmt":"2025-05-22T18:35:06","guid":{"rendered":"https:\/\/projects.unifr.ch\/students-cold-war\/?page_id=570"},"modified":"2025-09-17T14:25:29","modified_gmt":"2025-09-17T12:25:29","slug":"pw","status":"publish","type":"page","link":"https:\/\/projects.unifr.ch\/students-cold-war\/events\/pw\/","title":{"rendered":"participation workshop"},"content":{"rendered":"\n<div class=\"wp-block-cover is-light\" style=\"min-height:430px\"><span aria-hidden=\"true\" class=\"wp-block-cover__background has-background-dim-30 has-background-dim\"><\/span><img decoding=\"async\" loading=\"lazy\" width=\"1754\" height=\"1358\" class=\"wp-block-cover__image-background wp-image-17\" alt=\"\" src=\"https:\/\/projects.unifr.ch\/students-cold-war\/wp-content\/uploads\/2023\/05\/PI_55-RH-0070-A.png\" style=\"object-position:51% 57%\" data-object-fit=\"cover\" data-object-position=\"51% 57%\" srcset=\"https:\/\/projects.unifr.ch\/students-cold-war\/wp-content\/uploads\/2023\/05\/PI_55-RH-0070-A.png 1754w, https:\/\/projects.unifr.ch\/students-cold-war\/wp-content\/uploads\/2023\/05\/PI_55-RH-0070-A-300x232.png 300w, https:\/\/projects.unifr.ch\/students-cold-war\/wp-content\/uploads\/2023\/05\/PI_55-RH-0070-A-1024x793.png 1024w, https:\/\/projects.unifr.ch\/students-cold-war\/wp-content\/uploads\/2023\/05\/PI_55-RH-0070-A-768x595.png 768w, https:\/\/projects.unifr.ch\/students-cold-war\/wp-content\/uploads\/2023\/05\/PI_55-RH-0070-A-1536x1189.png 1536w\" sizes=\"(max-width: 1754px) 100vw, 1754px\" \/><div class=\"wp-block-cover__inner-container\">\n<h1 class=\"wp-block-heading has-text-align-center has-large-font-size\">Student internationalism: a participative exhibition<\/h1>\n<\/div><\/div>\n\n\n\n<div style=\"height:35px\" aria-hidden=\"true\" class=\"wp-block-spacer\"><\/div>\n\n\n\n<p style=\"margin-top:0px;margin-right:var(--wp--preset--spacing--140);margin-bottom:0em;margin-left:var(--wp--preset--spacing--140);padding-top:var(--wp--preset--spacing--140);padding-right:var(--wp--preset--spacing--140);padding-bottom:var(--wp--preset--spacing--140);padding-left:var(--wp--preset--spacing--140)\">Together with interested students we want to explore which objects, topics and projects we want to include in our exhibition.<\/p>\n\n\n\n<hr class=\"wp-block-separator has-alpha-channel-opacity\"\/>\n\n\n\n<h4 class=\"wp-block-heading has-text-align-center\">Fran\u00e7ais <\/h4>\n\n\n\n<p style=\"margin-top:0px;margin-right:var(--wp--preset--spacing--140);margin-bottom:0em;margin-left:var(--wp--preset--spacing--140);padding-top:var(--wp--preset--spacing--140);padding-right:var(--wp--preset--spacing--140);padding-bottom:var(--wp--preset--spacing--140);padding-left:var(--wp--preset--spacing--140)\">Nous cherchons des \u00e9tudiant\u2219e\u2219s (et leur repr\u00e9sentant\u2219e\u2219s) pour la pr\u00e9paration d&#8217;une exposition. Lors de l&#8217;atelier, des historien\u2219ne\u2219s de l&#8217;Universit\u00e9 de Fribourg choisiront avec vous les photos, les affiches et les objets que nous souhaitons pr\u00e9senter dans notre exposition. Quels sont les sujets, th\u00e8mes et projets que vous trouvez les plus int\u00e9ressants en rapport avec les \u00e9tudiants, leurs organisations et leur internationalisme ?<\/p>\n\n\n\n<p style=\"margin-top:0px;margin-right:var(--wp--preset--spacing--140);margin-bottom:0em;margin-left:var(--wp--preset--spacing--140);padding-top:var(--wp--preset--spacing--140);padding-right:var(--wp--preset--spacing--140);padding-bottom:var(--wp--preset--spacing--140);padding-left:var(--wp--preset--spacing--140)\">Heure &amp; lieu : 13 juin, 10-12 heures, Universit\u00e9 de Fribourg,\u00a0 Mis\u00e9ricorde (Av. de l&#8217;Europe 20, MIS 03 3016) (<a href=\"#mis\" data-type=\"internal\" data-id=\"#mis\">Plan de situation<\/a>)<\/p>\n\n\n\n<hr class=\"wp-block-separator has-alpha-channel-opacity\"\/>\n\n\n\n<h4 class=\"wp-block-heading has-text-align-center\">Deutsch<\/h4>\n\n\n\n<p style=\"margin-top:0px;margin-right:var(--wp--preset--spacing--140);margin-bottom:0em;margin-left:var(--wp--preset--spacing--140);padding-top:var(--wp--preset--spacing--140);padding-right:var(--wp--preset--spacing--140);padding-bottom:var(--wp--preset--spacing--140);padding-left:var(--wp--preset--spacing--140)\">F\u00fcr die Vorbereitung einer Ausstellung suchen wir Studierende (und Studierendenvertreter*innen<em>). <\/em>Im Workshop wollen wir Historiker*innen der Uni Fribourg mit euch die Fotos, Poster und Gegenst\u00e4nde ausw\u00e4hlen, welche wir in unserer Ausstellung zeigen wollen. Welche Sujets, Themen und Projekte findet ihr im Zusammenhang mit Studierenden, ihren Organisationen und ihrem Internationalismus am interessantesten?<\/p>\n\n\n\n<p style=\"margin-top:0px;margin-right:var(--wp--preset--spacing--140);margin-bottom:0em;margin-left:var(--wp--preset--spacing--140);padding-top:var(--wp--preset--spacing--140);padding-right:var(--wp--preset--spacing--140);padding-bottom:var(--wp--preset--spacing--140);padding-left:var(--wp--preset--spacing--140)\">Zeit &amp; Ort: 13. Juni von 10-12 Uhr, Universit\u00e4t Freiburg, Mis\u00e9ricorde (Av. de l&#8217;Europe 20, MIS 03 3016) (<a href=\"#mis\" data-type=\"internal\" data-id=\"#mis\">Situationsplan<\/a>)<\/p>\n\n\n\n<hr class=\"wp-block-separator has-alpha-channel-opacity\"\/>\n\n\n\n<h4 class=\"wp-block-heading has-text-align-center\">Description &amp; Goals<\/h4>\n\n\n\n<p style=\"margin-top:0px;margin-right:var(--wp--preset--spacing--140);margin-bottom:0em;margin-left:var(--wp--preset--spacing--140);padding-top:var(--wp--preset--spacing--140);padding-right:var(--wp--preset--spacing--140);padding-bottom:var(--wp--preset--spacing--140);padding-left:var(--wp--preset--spacing--140)\">Firstly, the exhibition aims to intervene into current debates on the role of the universities, such as their political and public character as sites of knowledge production or protest, their public funding, and international or transnational scope with student mobility. <\/p>\n\n\n\n<p style=\"margin-top:0px;margin-right:var(--wp--preset--spacing--140);margin-bottom:0em;margin-left:var(--wp--preset--spacing--140);padding-top:var(--wp--preset--spacing--140);padding-right:var(--wp--preset--spacing--140);padding-bottom:var(--wp--preset--spacing--140);padding-left:var(--wp--preset--spacing--140)\">Secondly, we want to present an insight into the multitude of fields in which students have intervened historically. Recent research shows the variety of areas that the student community has invested in, challenging it and bringing about \u2018social innovations\u2019. These include tourism, university sport and international cooperation (a. o. Europe). During the Cold War, students played an important role in cross-bloc relations. In Switzerland, too, students emancipated themselves from a restrictive vision of neutrality, which was dominant in the country&#8217;s foreign policy at the time.<\/p>\n\n\n\n<p style=\"margin-top:0px;margin-right:var(--wp--preset--spacing--140);margin-bottom:0em;margin-left:var(--wp--preset--spacing--140);padding-top:var(--wp--preset--spacing--140);padding-right:var(--wp--preset--spacing--140);padding-bottom:var(--wp--preset--spacing--140);padding-left:var(--wp--preset--spacing--140)\">Finally, we want to approach the figure(s) of the student within the society, in past and present. Students form highly temporary social groups, engaged in a wide range of changing activities. At the same time, this social group is distinguished in the long term by similar living conditions and occupations.<\/p>\n\n\n\n<p style=\"margin-top:0px;margin-right:var(--wp--preset--spacing--140);margin-bottom:0em;margin-left:var(--wp--preset--spacing--140);padding-top:var(--wp--preset--spacing--140);padding-right:var(--wp--preset--spacing--140);padding-bottom:var(--wp--preset--spacing--140);padding-left:var(--wp--preset--spacing--140)\">The exhibition that will be prepared in this workshop is part of the research project <em>From Student Internationalism to Erasmus<\/em> (funded by the Swiss National Science Foundation and the Czech Science Foundation).<\/p>\n\n\n\n<p style=\"margin-top:0px;margin-right:var(--wp--preset--spacing--140);margin-bottom:0em;margin-left:var(--wp--preset--spacing--140);padding-top:var(--wp--preset--spacing--140);padding-right:var(--wp--preset--spacing--140);padding-bottom:var(--wp--preset--spacing--140);padding-left:var(--wp--preset--spacing--140)\">Information: Prof. Matthieu Gillabert (<a href=\"mailto:matthieu.gillabert@unifr.ch\">matthieu.gillabert[at]unifr.ch<\/a>), Timothy Sch\u00fcrmann (<a href=\"mailto:timothy.schuermann@unifr.ch\">timothy.schuermann[at]unifr.ch<\/a>)<\/p>\n\n\n\n<hr class=\"wp-block-separator has-alpha-channel-opacity\"\/>\n\n\n\n<figure class=\"wp-block-image aligncenter size-large\" id=\"mis\"><img decoding=\"async\" loading=\"lazy\" width=\"806\" height=\"1024\" src=\"https:\/\/projects.unifr.ch\/students-cold-war\/wp-content\/uploads\/2025\/05\/UNI_plan_MIS03_gare-806x1024.png\" alt=\"\" class=\"wp-image-576\" srcset=\"https:\/\/projects.unifr.ch\/students-cold-war\/wp-content\/uploads\/2025\/05\/UNI_plan_MIS03_gare-806x1024.png 806w, https:\/\/projects.unifr.ch\/students-cold-war\/wp-content\/uploads\/2025\/05\/UNI_plan_MIS03_gare-236x300.png 236w, https:\/\/projects.unifr.ch\/students-cold-war\/wp-content\/uploads\/2025\/05\/UNI_plan_MIS03_gare-768x976.png 768w, https:\/\/projects.unifr.ch\/students-cold-war\/wp-content\/uploads\/2025\/05\/UNI_plan_MIS03_gare-1209x1536.png 1209w, https:\/\/projects.unifr.ch\/students-cold-war\/wp-content\/uploads\/2025\/05\/UNI_plan_MIS03_gare-1612x2048.png 1612w\" sizes=\"(max-width: 806px) 100vw, 806px\" \/><\/figure>\n\n\n\n<p><\/p>\n","protected":false},"excerpt":{"rendered":"<p>Together with interested students we want to explore which objects, topics and projects we want to include in our exhibition. Fran\u00e7ais Nous cherchons des \u00e9tudiant\u2219e\u2219s (et leur repr\u00e9sentant\u2219e\u2219s) pour la pr\u00e9paration d&#8217;une exposition. Lors de l&#8217;atelier, des historien\u2219ne\u2219s de l&#8217;Universit\u00e9 de Fribourg choisiront avec vous les photos, les affiches et les objets que nous souhaitons [&hellip;]<\/p>\n","protected":false},"author":4,"featured_media":0,"parent":193,"menu_order":0,"comment_status":"closed","ping_status":"closed","template":"","meta":[],"_links":{"self":[{"href":"https:\/\/projects.unifr.ch\/students-cold-war\/wp-json\/wp\/v2\/pages\/570"}],"collection":[{"href":"https:\/\/projects.unifr.ch\/students-cold-war\/wp-json\/wp\/v2\/pages"}],"about":[{"href":"https:\/\/projects.unifr.ch\/students-cold-war\/wp-json\/wp\/v2\/types\/page"}],"author":[{"embeddable":true,"href":"https:\/\/projects.unifr.ch\/students-cold-war\/wp-json\/wp\/v2\/users\/4"}],"replies":[{"embeddable":true,"href":"https:\/\/projects.unifr.ch\/students-cold-war\/wp-json\/wp\/v2\/comments?post=570"}],"version-history":[{"count":13,"href":"https:\/\/projects.unifr.ch\/students-cold-war\/wp-json\/wp\/v2\/pages\/570\/revisions"}],"predecessor-version":[{"id":585,"href":"https:\/\/projects.unifr.ch\/students-cold-war\/wp-json\/wp\/v2\/pages\/570\/revisions\/585"}],"up":[{"embeddable":true,"href":"https:\/\/projects.unifr.ch\/students-cold-war\/wp-json\/wp\/v2\/pages\/193"}],"wp:attachment":[{"href":"https:\/\/projects.unifr.ch\/students-cold-war\/wp-json\/wp\/v2\/media?parent=570"}],"curies":[{"name":"wp","href":"https:\/\/api.w.org\/{rel}","templated":true}]}}